{"id":62311,"date":"2025-04-20T15:32:30","date_gmt":"2025-04-20T15:32:30","guid":{"rendered":"https:\/\/staging2.stylingagenten.com\/sv\/produkt\/gucci-bloom-edt-30ml\/"},"modified":"2026-03-11T22:06:14","modified_gmt":"2026-03-11T22:06:14","slug":"gucci-bloom-edt-30ml","status":"publish","type":"product","link":"https:\/\/stylingagenten.com\/sv\/produkt\/gucci-bloom-edt-30ml\/","title":{"rendered":"Gucci Bloom Edt 30ml"},"content":{"rendered":"<p>Blomma ut och visa ditt sanna jag med den nya Gucci Bloom Eau de Toilette. Denna blomsterdoft ligger n\u00e4ra den ursprungliga Bloom-signaturen och \u00e4r en inspirerande resa mot sj\u00e4lvinsikt som bygger p\u00e5 styrkan i v\u00e4nskap trots olikheter.<\/p>\n<p>Det senaste tillskottet till Bloom-dofterna \u00e4r en l\u00e4ttare och mer str\u00e5lande tolkning av Bloom-signaturen, som uppmuntrar kvinnor att blomma ut och bli den allra b\u00e4sta versionen av sig sj\u00e4lva.<\/p>\n<p>Den karakt\u00e4ristiska trion av jasmin, tuberos och rangoon creeper f\u00e5r nu en l\u00e4ttare aura med ett s\u00f6tt neroli-ackord. Precis som doftens namn blommar Gucci Bloom-kvinnan p\u00e5 ett naturligt, uttrycksfullt och individuellt vis utan att l\u00e5ta sig begr\u00e4nsas av regler och konventioner. Doften presenteras i en rosa, frostad fyrkantig glasflaska, som symboliserar doftens friskhet och vitalitet.<\/p>\n<p>Gucci Bloom Eau de Toilette for Women \u00e4r en hyllning till vitaliteten och allsidigheten hos de som identifierar sig med Guccis moderna filosofi.<\/p>\n<p>30ml<\/p>\n","protected":false},"excerpt":{"rendered":"<p>Blomma ut och visa ditt sanna jag med den nya Gucci Bloom Eau de Toilette. Denna blomsterdoft ligger n\u00e4ra den ursprungliga Bloom-signaturen och \u00e4r en inspirerande resa mot sj\u00e4lvinsikt som bygger p\u00e5 styrkan i v\u00e4nskap trots olikheter. Det senaste tillskottet till Bloom-dofterna \u00e4r en l\u00e4ttare och mer str\u00e5lande tolkning av Bloom-signaturen, som uppmuntrar kvinnor att [&hellip;]<\/p>\n","protected":false},"featured_media":62302,"comment_status":"open","ping_status":"closed","template":"","meta":{"_trash_the_other_posts":false},"product_brand":[],"product_cat":[707,735,999],"product_tag":[2980],"berocket_brand":[1329],"class_list":{"0":"post-62311","1":"product","2":"type-product","3":"status-publish","4":"has-post-thumbnail","6":"product_cat-eau-de-toilette-dam","7":"product_cat-kampanj","8":"product_cat-kampanj-for-henne","9":"product_tag-gucci-bloom-edt","10":"pa_brand-gucci","11":"pa_variant-30ml","12":"berocket_brand-gucci","14":"first","15":"instock","16":"sale","17":"taxable","18":"shipping-taxable","19":"purchasable","20":"product-type-simple"},"_links":{"self":[{"href":"https:\/\/stylingagenten.com\/sv\/wp-json\/wp\/v2\/product\/62311","targetHints":{"allow":["GET"]}}],"collection":[{"href":"https:\/\/stylingagenten.com\/sv\/wp-json\/wp\/v2\/product"}],"about":[{"href":"https:\/\/stylingagenten.com\/sv\/wp-json\/wp\/v2\/types\/product"}],"replies":[{"embeddable":true,"href":"https:\/\/stylingagenten.com\/sv\/wp-json\/wp\/v2\/comments?post=62311"}],"version-history":[{"count":0,"href":"https:\/\/stylingagenten.com\/sv\/wp-json\/wp\/v2\/product\/62311\/revisions"}],"wp:featuredmedia":[{"embeddable":true,"href":"https:\/\/stylingagenten.com\/sv\/wp-json\/wp\/v2\/media\/62302"}],"wp:attachment":[{"href":"https:\/\/stylingagenten.com\/sv\/wp-json\/wp\/v2\/media?parent=62311"}],"wp:term":[{"taxonomy":"product_brand","embeddable":true,"href":"https:\/\/stylingagenten.com\/sv\/wp-json\/wp\/v2\/product_brand?post=62311"},{"taxonomy":"product_cat","embeddable":true,"href":"https:\/\/stylingagenten.com\/sv\/wp-json\/wp\/v2\/product_cat?post=62311"},{"taxonomy":"product_tag","embeddable":true,"href":"https:\/\/stylingagenten.com\/sv\/wp-json\/wp\/v2\/product_tag?post=62311"},{"taxonomy":"berocket_brand","embeddable":true,"href":"https:\/\/stylingagenten.com\/sv\/wp-json\/wp\/v2\/berocket_brand?post=62311"}],"curies":[{"name":"wp","href":"https:\/\/api.w.org\/{rel}","templated":true}]}}