{"id":62307,"date":"2025-04-20T15:32:30","date_gmt":"2025-04-20T15:32:30","guid":{"rendered":"https:\/\/staging2.stylingagenten.com\/sv\/produkt\/vera-wang-embrace-french-lavender-tuberose-edt-30ml\/"},"modified":"2026-04-12T15:38:24","modified_gmt":"2026-04-12T15:38:24","slug":"vera-wang-embrace-french-lavender-tuberose-edt-30ml","status":"publish","type":"product","link":"https:\/\/stylingagenten.com\/sv\/produkt\/vera-wang-embrace-french-lavender-tuberose-edt-30ml\/","title":{"rendered":"Vera Wang Embrace French Lavender &amp; Tuberose Edt 30ml"},"content":{"rendered":"<p>En modern samling av doftnoter, inspirerade av k\u00e4nslan av romantik och n\u00e4ra intimitet. Vera Wang Embrace French Lavender &amp; Tuberose \u00e4r en dr\u00f6mlik, blommig och fruktig doft. En sp\u00e4nnande explosion av mousserande mandarin, charmiga noter av tuberos, fransk lavendel och en oemotst\u00e5ndlig v\u00e4rme av kakaob\u00f6nor och vanilj.<\/p>\n<p>30 ml<\/p>\n","protected":false},"excerpt":{"rendered":"<p>En modern samling av doftnoter, inspirerade av k\u00e4nslan av romantik och n\u00e4ra intimitet. Vera Wang Embrace French Lavender &amp; Tuberose \u00e4r en dr\u00f6mlik, blommig och fruktig doft. En sp\u00e4nnande explosion av mousserande mandarin, charmiga noter av tuberos, fransk lavendel och en oemotst\u00e5ndlig v\u00e4rme av kakaob\u00f6nor och vanilj. 30 ml<\/p>\n","protected":false},"featured_media":62301,"comment_status":"open","ping_status":"closed","template":"","meta":{"_trash_the_other_posts":false},"product_brand":[],"product_cat":[707,735,999],"product_tag":[],"berocket_brand":[1078],"class_list":{"0":"post-62307","1":"product","2":"type-product","3":"status-publish","4":"has-post-thumbnail","6":"product_cat-eau-de-toilette-dam","7":"product_cat-kampanj","8":"product_cat-kampanj-for-henne","9":"pa_brand-vera-wang","10":"berocket_brand-vera-wang","12":"first","13":"instock","14":"sale","15":"taxable","16":"shipping-taxable","17":"purchasable","18":"product-type-simple"},"_links":{"self":[{"href":"https:\/\/stylingagenten.com\/sv\/wp-json\/wp\/v2\/product\/62307","targetHints":{"allow":["GET"]}}],"collection":[{"href":"https:\/\/stylingagenten.com\/sv\/wp-json\/wp\/v2\/product"}],"about":[{"href":"https:\/\/stylingagenten.com\/sv\/wp-json\/wp\/v2\/types\/product"}],"replies":[{"embeddable":true,"href":"https:\/\/stylingagenten.com\/sv\/wp-json\/wp\/v2\/comments?post=62307"}],"version-history":[{"count":0,"href":"https:\/\/stylingagenten.com\/sv\/wp-json\/wp\/v2\/product\/62307\/revisions"}],"wp:featuredmedia":[{"embeddable":true,"href":"https:\/\/stylingagenten.com\/sv\/wp-json\/wp\/v2\/media\/62301"}],"wp:attachment":[{"href":"https:\/\/stylingagenten.com\/sv\/wp-json\/wp\/v2\/media?parent=62307"}],"wp:term":[{"taxonomy":"product_brand","embeddable":true,"href":"https:\/\/stylingagenten.com\/sv\/wp-json\/wp\/v2\/product_brand?post=62307"},{"taxonomy":"product_cat","embeddable":true,"href":"https:\/\/stylingagenten.com\/sv\/wp-json\/wp\/v2\/product_cat?post=62307"},{"taxonomy":"product_tag","embeddable":true,"href":"https:\/\/stylingagenten.com\/sv\/wp-json\/wp\/v2\/product_tag?post=62307"},{"taxonomy":"berocket_brand","embeddable":true,"href":"https:\/\/stylingagenten.com\/sv\/wp-json\/wp\/v2\/berocket_brand?post=62307"}],"curies":[{"name":"wp","href":"https:\/\/api.w.org\/{rel}","templated":true}]}}