{"id":62298,"date":"2025-04-20T15:32:27","date_gmt":"2025-04-20T15:32:27","guid":{"rendered":"https:\/\/staging2.stylingagenten.com\/sv\/produkt\/gucci-guilty-pour-femme-edp-90ml\/"},"modified":"2026-03-11T22:07:24","modified_gmt":"2026-03-11T22:07:24","slug":"gucci-guilty-pour-femme-edp-90ml","status":"publish","type":"product","link":"https:\/\/stylingagenten.com\/sv\/produkt\/gucci-guilty-pour-femme-edp-90ml\/","title":{"rendered":"Gucci Guilty Pour Femme Edp 90ml"},"content":{"rendered":"<p>Gucci Guilty-kollektionen presenterar ett nytt kapitel, d\u00e4r den ursprungliga Pour Femme-doften \u00e5terinf\u00f6rs som en rik eau de parfum som kombinerar extra blommiga noter och intensifierade naturliga dofter.<\/p>\n<p>Toppnoter: Mandora &#8211; en frukt som finns p\u00e5 Cypern mjukas ut av bergamott och ros\u00e9peppar<br \/>Hj\u00e4rtnoter: Lilac i kontrast med rosiga och violetta noter, och i lager med geraniumolja, resulterar i en nyanserad blandning.<br \/>Basnoter: Patchouli blandas med b\u00e4rnsten f\u00f6r best\u00e5ende sillage.<\/p>\n<p>90ml<\/p>\n","protected":false},"excerpt":{"rendered":"<p>Gucci Guilty-kollektionen presenterar ett nytt kapitel, d\u00e4r den ursprungliga Pour Femme-doften \u00e5terinf\u00f6rs som en rik eau de parfum som kombinerar extra blommiga noter och intensifierade naturliga dofter. Toppnoter: Mandora &#8211; en frukt som finns p\u00e5 Cypern mjukas ut av bergamott och ros\u00e9pepparHj\u00e4rtnoter: Lilac i kontrast med rosiga och violetta noter, och i lager med geraniumolja, [&hellip;]<\/p>\n","protected":false},"featured_media":62291,"comment_status":"open","ping_status":"closed","template":"","meta":{"_trash_the_other_posts":false},"product_brand":[],"product_cat":[706,735,999],"product_tag":[2988],"berocket_brand":[1329],"class_list":{"0":"post-62298","1":"product","2":"type-product","3":"status-publish","4":"has-post-thumbnail","6":"product_cat-eau-de-parfum-dam","7":"product_cat-kampanj","8":"product_cat-kampanj-for-henne","9":"product_tag-gucci-guilty-pour-femme-edp","10":"pa_brand-gucci","11":"pa_variant-90ml","12":"berocket_brand-gucci","14":"first","15":"instock","16":"sale","17":"taxable","18":"shipping-taxable","19":"purchasable","20":"product-type-simple"},"_links":{"self":[{"href":"https:\/\/stylingagenten.com\/sv\/wp-json\/wp\/v2\/product\/62298","targetHints":{"allow":["GET"]}}],"collection":[{"href":"https:\/\/stylingagenten.com\/sv\/wp-json\/wp\/v2\/product"}],"about":[{"href":"https:\/\/stylingagenten.com\/sv\/wp-json\/wp\/v2\/types\/product"}],"replies":[{"embeddable":true,"href":"https:\/\/stylingagenten.com\/sv\/wp-json\/wp\/v2\/comments?post=62298"}],"version-history":[{"count":0,"href":"https:\/\/stylingagenten.com\/sv\/wp-json\/wp\/v2\/product\/62298\/revisions"}],"wp:featuredmedia":[{"embeddable":true,"href":"https:\/\/stylingagenten.com\/sv\/wp-json\/wp\/v2\/media\/62291"}],"wp:attachment":[{"href":"https:\/\/stylingagenten.com\/sv\/wp-json\/wp\/v2\/media?parent=62298"}],"wp:term":[{"taxonomy":"product_brand","embeddable":true,"href":"https:\/\/stylingagenten.com\/sv\/wp-json\/wp\/v2\/product_brand?post=62298"},{"taxonomy":"product_cat","embeddable":true,"href":"https:\/\/stylingagenten.com\/sv\/wp-json\/wp\/v2\/product_cat?post=62298"},{"taxonomy":"product_tag","embeddable":true,"href":"https:\/\/stylingagenten.com\/sv\/wp-json\/wp\/v2\/product_tag?post=62298"},{"taxonomy":"berocket_brand","embeddable":true,"href":"https:\/\/stylingagenten.com\/sv\/wp-json\/wp\/v2\/berocket_brand?post=62298"}],"curies":[{"name":"wp","href":"https:\/\/api.w.org\/{rel}","templated":true}]}}