{"id":62283,"date":"2025-04-20T15:32:22","date_gmt":"2025-04-20T15:32:22","guid":{"rendered":"https:\/\/staging2.stylingagenten.com\/sv\/produkt\/gucci-flora-gorgeous-jasmine-edp-50ml\/"},"modified":"2026-03-11T22:07:17","modified_gmt":"2026-03-11T22:07:17","slug":"gucci-flora-gorgeous-jasmine-edp-50ml","status":"publish","type":"product","link":"https:\/\/stylingagenten.com\/sv\/produkt\/gucci-flora-gorgeous-jasmine-edp-50ml\/","title":{"rendered":"Gucci Flora Gorgeous Jasmine Edp 50ml"},"content":{"rendered":"<p>Kliv in i en ny dimension av obegr\u00e4nsad frihet med Gucci Flora Gorgeous Jasmine Eau de Parfum. Efter succ\u00e9lanseringen av Flora Gorgeous Gardenia EdP presenterar nu Gucci den andra doften till sin sprudlande v\u00e4rld av #FloraFantasy. I denna doft \u00e4r det sensuell Jasmine Grandiflorum som f\u00e5r doften att skina. Den lekfulla och positiva energin f\u00f6rst\u00e4rks ytterligare av den eleganta turkosa flaskan och Guccis karakt\u00e4ristiska Flora by Gucci-m\u00f6nster som ger den sin f\u00f6rtrollande touch.<\/p>\n<p>Toppnot: Mandarin, Magnolia<br \/>Hj\u00e4rtnot: Jasmine Grandiflorum<br \/>Basnot: Sandeltr\u00e4, Benzoi<\/p>\n<p>50ml<\/p>\n","protected":false},"excerpt":{"rendered":"<p>Kliv in i en ny dimension av obegr\u00e4nsad frihet med Gucci Flora Gorgeous Jasmine Eau de Parfum. Efter succ\u00e9lanseringen av Flora Gorgeous Gardenia EdP presenterar nu Gucci den andra doften till sin sprudlande v\u00e4rld av #FloraFantasy. I denna doft \u00e4r det sensuell Jasmine Grandiflorum som f\u00e5r doften att skina. Den lekfulla och positiva energin f\u00f6rst\u00e4rks [&hellip;]<\/p>\n","protected":false},"featured_media":62273,"comment_status":"open","ping_status":"closed","template":"","meta":{"_trash_the_other_posts":false},"product_brand":[],"product_cat":[706,735,999],"product_tag":[2984],"berocket_brand":[1329],"class_list":{"0":"post-62283","1":"product","2":"type-product","3":"status-publish","4":"has-post-thumbnail","6":"product_cat-eau-de-parfum-dam","7":"product_cat-kampanj","8":"product_cat-kampanj-for-henne","9":"product_tag-gucci-flora-gorgeous-jasmine-edp","10":"pa_brand-gucci","11":"pa_variant-50ml","12":"berocket_brand-gucci","14":"first","15":"instock","16":"sale","17":"taxable","18":"shipping-taxable","19":"purchasable","20":"product-type-simple"},"_links":{"self":[{"href":"https:\/\/stylingagenten.com\/sv\/wp-json\/wp\/v2\/product\/62283","targetHints":{"allow":["GET"]}}],"collection":[{"href":"https:\/\/stylingagenten.com\/sv\/wp-json\/wp\/v2\/product"}],"about":[{"href":"https:\/\/stylingagenten.com\/sv\/wp-json\/wp\/v2\/types\/product"}],"replies":[{"embeddable":true,"href":"https:\/\/stylingagenten.com\/sv\/wp-json\/wp\/v2\/comments?post=62283"}],"version-history":[{"count":0,"href":"https:\/\/stylingagenten.com\/sv\/wp-json\/wp\/v2\/product\/62283\/revisions"}],"wp:featuredmedia":[{"embeddable":true,"href":"https:\/\/stylingagenten.com\/sv\/wp-json\/wp\/v2\/media\/62273"}],"wp:attachment":[{"href":"https:\/\/stylingagenten.com\/sv\/wp-json\/wp\/v2\/media?parent=62283"}],"wp:term":[{"taxonomy":"product_brand","embeddable":true,"href":"https:\/\/stylingagenten.com\/sv\/wp-json\/wp\/v2\/product_brand?post=62283"},{"taxonomy":"product_cat","embeddable":true,"href":"https:\/\/stylingagenten.com\/sv\/wp-json\/wp\/v2\/product_cat?post=62283"},{"taxonomy":"product_tag","embeddable":true,"href":"https:\/\/stylingagenten.com\/sv\/wp-json\/wp\/v2\/product_tag?post=62283"},{"taxonomy":"berocket_brand","embeddable":true,"href":"https:\/\/stylingagenten.com\/sv\/wp-json\/wp\/v2\/berocket_brand?post=62283"}],"curies":[{"name":"wp","href":"https:\/\/api.w.org\/{rel}","templated":true}]}}