{"id":62282,"date":"2025-04-20T15:32:22","date_gmt":"2025-04-20T15:32:22","guid":{"rendered":"https:\/\/staging2.stylingagenten.com\/sv\/produkt\/gucci-flora-gorgeous-gardenia-edp-50ml\/"},"modified":"2026-03-30T13:36:30","modified_gmt":"2026-03-30T13:36:30","slug":"gucci-flora-gorgeous-gardenia-edp-50ml","status":"publish","type":"product","link":"https:\/\/stylingagenten.com\/sv\/produkt\/gucci-flora-gorgeous-gardenia-edp-50ml\/","title":{"rendered":"Gucci Flora Gorgeous Gardenia Edp 50ml"},"content":{"rendered":"<p>Uppt\u00e4ck en sprudlande fantasiv\u00e4rld med Gucci Flora som nu utvecklats till en ljuvlig Eau de Parfum. Blommig och s\u00f6t, Gucci Flora Gorgerous Gardenia relanseras i en ny kampanj inspirerad av japansk anime. En ny signaturdoft f\u00f6r kvinnor, genomsyrad av positiv energi.<\/p>\n<p>Parfymen \u00e4r uppbyggd kring Gardenia, en ikonisk blomma som s\u00e4gs anv\u00e4ndas i elixir och magiska drycker. Inspirerad fr\u00e5n denna s\u00e4gen och id\u00e9 om blommans mystiska kraft adderar Gucci Jasmine absolute och sprudlande p\u00e4ronblomma. En touch av farinsocker rundar av doften och sk\u00e4nker den en l\u00e4cker s\u00f6tma.<\/p>\n<p>Med denna relansering f\u00e5r Gucci Flora Gorgerous Gardenia en ny flaskdesign, d\u00e4r glaset \u00e4r lackerat i rosa med en gyllene flaskhals. Guccis ikoniska flora-m\u00f6nster, en m\u00e5lning med f\u00e4rgglada blommor av konstn\u00e4ren Vittorio Accornero skapad f\u00f6r Gucci 1966 \u00e4r nu ombildat efter Alessandro Michele&#8217;s vision och pryder flaskans mitt.<\/p>\n<p>Toppnoter: P\u00e4ronblomma<br \/>Hj\u00e4rtnoter: Vit Gardenia, Jasmine absolute<br \/>Basnoter: Farinsocker<\/p>\n<p>50ml<\/p>\n","protected":false},"excerpt":{"rendered":"<p>Uppt\u00e4ck en sprudlande fantasiv\u00e4rld med Gucci Flora som nu utvecklats till en ljuvlig Eau de Parfum. Blommig och s\u00f6t, Gucci Flora Gorgerous Gardenia relanseras i en ny kampanj inspirerad av japansk anime. En ny signaturdoft f\u00f6r kvinnor, genomsyrad av positiv energi. Parfymen \u00e4r uppbyggd kring Gardenia, en ikonisk blomma som s\u00e4gs anv\u00e4ndas i elixir och [&hellip;]<\/p>\n","protected":false},"featured_media":62272,"comment_status":"open","ping_status":"closed","template":"","meta":{"_trash_the_other_posts":false},"product_brand":[],"product_cat":[706],"product_tag":[2983],"berocket_brand":[1329],"class_list":{"0":"post-62282","1":"product","2":"type-product","3":"status-publish","4":"has-post-thumbnail","6":"product_cat-eau-de-parfum-dam","7":"product_tag-gucci-flora-gorgeous-gardenia-edp","8":"pa_brand-gucci","9":"pa_variant-50ml","10":"berocket_brand-gucci","12":"first","13":"instock","14":"sale","15":"taxable","16":"shipping-taxable","17":"purchasable","18":"product-type-simple"},"_links":{"self":[{"href":"https:\/\/stylingagenten.com\/sv\/wp-json\/wp\/v2\/product\/62282","targetHints":{"allow":["GET"]}}],"collection":[{"href":"https:\/\/stylingagenten.com\/sv\/wp-json\/wp\/v2\/product"}],"about":[{"href":"https:\/\/stylingagenten.com\/sv\/wp-json\/wp\/v2\/types\/product"}],"replies":[{"embeddable":true,"href":"https:\/\/stylingagenten.com\/sv\/wp-json\/wp\/v2\/comments?post=62282"}],"version-history":[{"count":0,"href":"https:\/\/stylingagenten.com\/sv\/wp-json\/wp\/v2\/product\/62282\/revisions"}],"wp:featuredmedia":[{"embeddable":true,"href":"https:\/\/stylingagenten.com\/sv\/wp-json\/wp\/v2\/media\/62272"}],"wp:attachment":[{"href":"https:\/\/stylingagenten.com\/sv\/wp-json\/wp\/v2\/media?parent=62282"}],"wp:term":[{"taxonomy":"product_brand","embeddable":true,"href":"https:\/\/stylingagenten.com\/sv\/wp-json\/wp\/v2\/product_brand?post=62282"},{"taxonomy":"product_cat","embeddable":true,"href":"https:\/\/stylingagenten.com\/sv\/wp-json\/wp\/v2\/product_cat?post=62282"},{"taxonomy":"product_tag","embeddable":true,"href":"https:\/\/stylingagenten.com\/sv\/wp-json\/wp\/v2\/product_tag?post=62282"},{"taxonomy":"berocket_brand","embeddable":true,"href":"https:\/\/stylingagenten.com\/sv\/wp-json\/wp\/v2\/berocket_brand?post=62282"}],"curies":[{"name":"wp","href":"https:\/\/api.w.org\/{rel}","templated":true}]}}