{"id":62244,"date":"2025-04-20T15:32:10","date_gmt":"2025-04-20T15:32:10","guid":{"rendered":"https:\/\/staging2.stylingagenten.com\/sv\/produkt\/gucci-flora-gorgeous-magnolia-edp-100ml\/"},"modified":"2026-03-11T22:07:29","modified_gmt":"2026-03-11T22:07:29","slug":"gucci-flora-gorgeous-magnolia-edp-100ml","status":"publish","type":"product","link":"https:\/\/stylingagenten.com\/sv\/produkt\/gucci-flora-gorgeous-magnolia-edp-100ml\/","title":{"rendered":"Gucci Flora Gorgeous Magnolia Edp 100ml"},"content":{"rendered":"<p>Gucci Flora Gorgeous Magnolia Eau de Parfum f\u00f6r kvinnor \u00e4r den tredje Gucci-doften som ing\u00e5r i #FloraFantasy-kollektionen och \u00e4r en inbjudan att sl\u00e4ppa loss dina fantasier med sj\u00e4lvf\u00f6rtroende. De mjuka och sensuella dofterna av Magnolia Essence, Dewberries Accord och Patchouli Essence f\u00f6rflyttar dig till en v\u00e4rld av str\u00e5lande blommig kraft och skapar en Eau de Parfum f\u00f6r kvinnor med sj\u00e4lvf\u00f6rtroende.<\/p>\n<p>Flaskan, som pryds av ett fascinerande floram\u00f6nster och en f\u00e4ngslande nyans av lila, symboliserar den gr\u00e4nsl\u00f6sa potential som finns inom dig. Denna ljuvliga doft \u00e4r en orubblig allierad till Flora-kvinnan som vill utforska alla m\u00f6jligheter, en unik bukett full av gl\u00e4djande blommig styrka, som p\u00e5minner dig om att lita p\u00e5 dig sj\u00e4lv och frig\u00f6ra dina fantasier.<\/p>\n<p>Toppnoter: Daggk\u00f6rsb\u00e4r och Kokos<br \/>Hj\u00e4rtnoter: Magnolia, Jasmin Sambac och Muskatellsalvia<br \/>Basnoter: Mysk, Patchouli och Ljust Tr\u00e4<\/p>\n<p>100ml<\/p>\n","protected":false},"excerpt":{"rendered":"<p>Gucci Flora Gorgeous Magnolia Eau de Parfum f\u00f6r kvinnor \u00e4r den tredje Gucci-doften som ing\u00e5r i #FloraFantasy-kollektionen och \u00e4r en inbjudan att sl\u00e4ppa loss dina fantasier med sj\u00e4lvf\u00f6rtroende. De mjuka och sensuella dofterna av Magnolia Essence, Dewberries Accord och Patchouli Essence f\u00f6rflyttar dig till en v\u00e4rld av str\u00e5lande blommig kraft och skapar en Eau de [&hellip;]<\/p>\n","protected":false},"featured_media":62237,"comment_status":"open","ping_status":"closed","template":"","meta":{"_trash_the_other_posts":false},"product_brand":[],"product_cat":[706,735,999],"product_tag":[2985],"berocket_brand":[1329],"class_list":{"0":"post-62244","1":"product","2":"type-product","3":"status-publish","4":"has-post-thumbnail","6":"product_cat-eau-de-parfum-dam","7":"product_cat-kampanj","8":"product_cat-kampanj-for-henne","9":"product_tag-gucci-flora-gorgeous-magnolia-edp","10":"pa_brand-gucci","11":"pa_variant-100ml","12":"berocket_brand-gucci","14":"first","15":"instock","16":"sale","17":"taxable","18":"shipping-taxable","19":"purchasable","20":"product-type-simple"},"_links":{"self":[{"href":"https:\/\/stylingagenten.com\/sv\/wp-json\/wp\/v2\/product\/62244","targetHints":{"allow":["GET"]}}],"collection":[{"href":"https:\/\/stylingagenten.com\/sv\/wp-json\/wp\/v2\/product"}],"about":[{"href":"https:\/\/stylingagenten.com\/sv\/wp-json\/wp\/v2\/types\/product"}],"replies":[{"embeddable":true,"href":"https:\/\/stylingagenten.com\/sv\/wp-json\/wp\/v2\/comments?post=62244"}],"version-history":[{"count":0,"href":"https:\/\/stylingagenten.com\/sv\/wp-json\/wp\/v2\/product\/62244\/revisions"}],"wp:featuredmedia":[{"embeddable":true,"href":"https:\/\/stylingagenten.com\/sv\/wp-json\/wp\/v2\/media\/62237"}],"wp:attachment":[{"href":"https:\/\/stylingagenten.com\/sv\/wp-json\/wp\/v2\/media?parent=62244"}],"wp:term":[{"taxonomy":"product_brand","embeddable":true,"href":"https:\/\/stylingagenten.com\/sv\/wp-json\/wp\/v2\/product_brand?post=62244"},{"taxonomy":"product_cat","embeddable":true,"href":"https:\/\/stylingagenten.com\/sv\/wp-json\/wp\/v2\/product_cat?post=62244"},{"taxonomy":"product_tag","embeddable":true,"href":"https:\/\/stylingagenten.com\/sv\/wp-json\/wp\/v2\/product_tag?post=62244"},{"taxonomy":"berocket_brand","embeddable":true,"href":"https:\/\/stylingagenten.com\/sv\/wp-json\/wp\/v2\/berocket_brand?post=62244"}],"curies":[{"name":"wp","href":"https:\/\/api.w.org\/{rel}","templated":true}]}}