{"id":62243,"date":"2025-04-20T15:32:10","date_gmt":"2025-04-20T15:32:10","guid":{"rendered":"https:\/\/staging2.stylingagenten.com\/sv\/produkt\/gucci-bamboo-edt-75ml\/"},"modified":"2026-04-12T13:48:23","modified_gmt":"2026-04-12T13:48:23","slug":"gucci-bamboo-edt-75ml","status":"publish","type":"product","link":"https:\/\/stylingagenten.com\/sv\/produkt\/gucci-bamboo-edt-75ml\/","title":{"rendered":"Gucci Bamboo Edt 75ml"},"content":{"rendered":"<p>Gucci Bamboo Eau de Toilette ger ett l\u00e4tt, fr\u00e4scht och sensuellt intryck. De fylliga noterna av tr\u00e4 och blommor har f\u00e5tt s\u00e4llskap av frisk mandarin, vilket ger doften en ny dimension. Gucci Bamboo Eau de Toilette \u00e4r l\u00e4ttare \u00e4n originaldoften och ger uttryck f\u00f6r Gucci-kvinnans f\u00f6rf\u00f6riska, sensuella och romantiska sida.<\/p>\n<p>Doften \u00f6ppnar upp med friska, medelhavsinspirerade citrusnoter som varvas med apelsinblomma. I hj\u00e4rtnoten finns delikat ylang ylang och mjuk casablancalilja, som i kombination med jasmin skapar en feminin och blommig doft av daggiga kronblad. Doften avslutas med en len och kr\u00e4mig bas av varm tahitisk vanilj som tillsammans med sandeltr\u00e4 och ambra utg\u00f6r en kompletterande kontrast till de mer feminina noterna.<\/p>\n<p>75ml<\/p>\n","protected":false},"excerpt":{"rendered":"<p>Gucci Bamboo Eau de Toilette ger ett l\u00e4tt, fr\u00e4scht och sensuellt intryck. De fylliga noterna av tr\u00e4 och blommor har f\u00e5tt s\u00e4llskap av frisk mandarin, vilket ger doften en ny dimension. Gucci Bamboo Eau de Toilette \u00e4r l\u00e4ttare \u00e4n originaldoften och ger uttryck f\u00f6r Gucci-kvinnans f\u00f6rf\u00f6riska, sensuella och romantiska sida. Doften \u00f6ppnar upp med friska, [&hellip;]<\/p>\n","protected":false},"featured_media":62240,"comment_status":"open","ping_status":"closed","template":"","meta":{"_trash_the_other_posts":false},"product_brand":[],"product_cat":[707,735,999],"product_tag":[2978],"berocket_brand":[1329],"class_list":{"0":"post-62243","1":"product","2":"type-product","3":"status-publish","4":"has-post-thumbnail","6":"product_cat-eau-de-toilette-dam","7":"product_cat-kampanj","8":"product_cat-kampanj-for-henne","9":"product_tag-gucci-bamboo-edt","10":"pa_brand-gucci","11":"pa_variant-75ml","12":"berocket_brand-gucci","14":"first","15":"instock","16":"sale","17":"taxable","18":"shipping-taxable","19":"purchasable","20":"product-type-simple"},"_links":{"self":[{"href":"https:\/\/stylingagenten.com\/sv\/wp-json\/wp\/v2\/product\/62243","targetHints":{"allow":["GET"]}}],"collection":[{"href":"https:\/\/stylingagenten.com\/sv\/wp-json\/wp\/v2\/product"}],"about":[{"href":"https:\/\/stylingagenten.com\/sv\/wp-json\/wp\/v2\/types\/product"}],"replies":[{"embeddable":true,"href":"https:\/\/stylingagenten.com\/sv\/wp-json\/wp\/v2\/comments?post=62243"}],"version-history":[{"count":0,"href":"https:\/\/stylingagenten.com\/sv\/wp-json\/wp\/v2\/product\/62243\/revisions"}],"wp:featuredmedia":[{"embeddable":true,"href":"https:\/\/stylingagenten.com\/sv\/wp-json\/wp\/v2\/media\/62240"}],"wp:attachment":[{"href":"https:\/\/stylingagenten.com\/sv\/wp-json\/wp\/v2\/media?parent=62243"}],"wp:term":[{"taxonomy":"product_brand","embeddable":true,"href":"https:\/\/stylingagenten.com\/sv\/wp-json\/wp\/v2\/product_brand?post=62243"},{"taxonomy":"product_cat","embeddable":true,"href":"https:\/\/stylingagenten.com\/sv\/wp-json\/wp\/v2\/product_cat?post=62243"},{"taxonomy":"product_tag","embeddable":true,"href":"https:\/\/stylingagenten.com\/sv\/wp-json\/wp\/v2\/product_tag?post=62243"},{"taxonomy":"berocket_brand","embeddable":true,"href":"https:\/\/stylingagenten.com\/sv\/wp-json\/wp\/v2\/berocket_brand?post=62243"}],"curies":[{"name":"wp","href":"https:\/\/api.w.org\/{rel}","templated":true}]}}