{"id":62221,"date":"2025-04-20T15:32:01","date_gmt":"2025-04-20T15:32:01","guid":{"rendered":"https:\/\/staging2.stylingagenten.com\/sv\/produkt\/liu-jo-lovely-u-edp-30ml\/"},"modified":"2026-04-08T15:31:02","modified_gmt":"2026-04-08T15:31:02","slug":"liu-jo-lovely-u-edp-30ml","status":"publish","type":"product","link":"https:\/\/stylingagenten.com\/sv\/produkt\/liu-jo-lovely-u-edp-30ml\/","title":{"rendered":"Liu Jo Lovely U Edp 30ml"},"content":{"rendered":"<p>Liu Jo Lovely U Edp har en pikant syrlighet av saftiga r\u00f6da vinb\u00e4r, mogen honungs l\u00e4tthet av nektarin och jordgubbssk\u00f6nhet i physalis \u00e4r komponenterna i det inledande ackordet, som smidigt ers\u00e4tts av ljudet av en rej\u00e4l trio representerad av lyxiga blomtoner, soliga mandarinaccenter och tr\u00e4iga-coola \u00f6vertoner av vit fresia. Den s\u00f6ta, pudrig och raffinerade sl\u00f6jan av vit mysk kompletteras av spelet av balsampatchouli och skapar ett harmoniskt slutackord, vars huvuddekoration \u00e4r den tr\u00f6gflytande och v\u00e4vande karamelleftersmaken av kola.<\/p>\n<p>Toppnoter: Nektarin, R\u00f6da vinb\u00e4r, kapkrusb\u00e4r<br \/>Hj\u00e4rtnoter: Fresia, Mandarinblomma, Vildros<br \/>Basnoter: Kola, Patchouli, Vit mysk<\/p>\n<p>30ml<\/p>\n","protected":false},"excerpt":{"rendered":"<p>Liu Jo Lovely U Edp har en pikant syrlighet av saftiga r\u00f6da vinb\u00e4r, mogen honungs l\u00e4tthet av nektarin och jordgubbssk\u00f6nhet i physalis \u00e4r komponenterna i det inledande ackordet, som smidigt ers\u00e4tts av ljudet av en rej\u00e4l trio representerad av lyxiga blomtoner, soliga mandarinaccenter och tr\u00e4iga-coola \u00f6vertoner av vit fresia. Den s\u00f6ta, pudrig och raffinerade sl\u00f6jan [&hellip;]<\/p>\n","protected":false},"featured_media":62219,"comment_status":"open","ping_status":"closed","template":"","meta":{"_trash_the_other_posts":false},"product_brand":[],"product_cat":[706,735,999],"product_tag":[3314],"berocket_brand":[1377],"class_list":{"0":"post-62221","1":"product","2":"type-product","3":"status-publish","4":"has-post-thumbnail","6":"product_cat-eau-de-parfum-dam","7":"product_cat-kampanj","8":"product_cat-kampanj-for-henne","9":"product_tag-liu-jo-lovely-u-edp","10":"pa_brand-liu-jo","11":"pa_variant-30ml","12":"berocket_brand-liu-jo","14":"first","15":"instock","16":"sale","17":"taxable","18":"shipping-taxable","19":"purchasable","20":"product-type-simple"},"_links":{"self":[{"href":"https:\/\/stylingagenten.com\/sv\/wp-json\/wp\/v2\/product\/62221","targetHints":{"allow":["GET"]}}],"collection":[{"href":"https:\/\/stylingagenten.com\/sv\/wp-json\/wp\/v2\/product"}],"about":[{"href":"https:\/\/stylingagenten.com\/sv\/wp-json\/wp\/v2\/types\/product"}],"replies":[{"embeddable":true,"href":"https:\/\/stylingagenten.com\/sv\/wp-json\/wp\/v2\/comments?post=62221"}],"version-history":[{"count":0,"href":"https:\/\/stylingagenten.com\/sv\/wp-json\/wp\/v2\/product\/62221\/revisions"}],"wp:featuredmedia":[{"embeddable":true,"href":"https:\/\/stylingagenten.com\/sv\/wp-json\/wp\/v2\/media\/62219"}],"wp:attachment":[{"href":"https:\/\/stylingagenten.com\/sv\/wp-json\/wp\/v2\/media?parent=62221"}],"wp:term":[{"taxonomy":"product_brand","embeddable":true,"href":"https:\/\/stylingagenten.com\/sv\/wp-json\/wp\/v2\/product_brand?post=62221"},{"taxonomy":"product_cat","embeddable":true,"href":"https:\/\/stylingagenten.com\/sv\/wp-json\/wp\/v2\/product_cat?post=62221"},{"taxonomy":"product_tag","embeddable":true,"href":"https:\/\/stylingagenten.com\/sv\/wp-json\/wp\/v2\/product_tag?post=62221"},{"taxonomy":"berocket_brand","embeddable":true,"href":"https:\/\/stylingagenten.com\/sv\/wp-json\/wp\/v2\/berocket_brand?post=62221"}],"curies":[{"name":"wp","href":"https:\/\/api.w.org\/{rel}","templated":true}]}}