{"id":62216,"date":"2025-04-20T15:31:58","date_gmt":"2025-04-20T15:31:58","guid":{"rendered":"https:\/\/staging2.stylingagenten.com\/sv\/produkt\/liu-jo-glam-edp-100ml\/"},"modified":"2026-04-08T15:31:19","modified_gmt":"2026-04-08T15:31:19","slug":"liu-jo-glam-edp-100ml","status":"publish","type":"product","link":"https:\/\/stylingagenten.com\/sv\/produkt\/liu-jo-glam-edp-100ml\/","title":{"rendered":"Liu Jo Glam Edp 100ml"},"content":{"rendered":"<p>Liu Jo Glam-doften \u00f6ppnar med en frisk kombination av grapefrukt och vinb\u00e4r, kompletterad med kryddig ingef\u00e4ra. I hj\u00e4rtat av parfymen avsl\u00f6jas en delikat blombukett, best\u00e5ende av noter av pion, jasmin och fresia. Basen f\u00f6renar sensuella och intensiva noter av amber, vetiver och mysk.<\/p>\n<p>Toppnoter: Grapefrukt, Ingef\u00e4ra, R\u00f6da vinb\u00e4r<br \/>Hj\u00e4rtnoter: Pion, Fresia, Jasmin<br \/>Basnoter: B\u00e4rnsten, Vetiver, Mysk<\/p>\n<p>100ml<\/p>\n","protected":false},"excerpt":{"rendered":"<p>Liu Jo Glam-doften \u00f6ppnar med en frisk kombination av grapefrukt och vinb\u00e4r, kompletterad med kryddig ingef\u00e4ra. I hj\u00e4rtat av parfymen avsl\u00f6jas en delikat blombukett, best\u00e5ende av noter av pion, jasmin och fresia. Basen f\u00f6renar sensuella och intensiva noter av amber, vetiver och mysk. Toppnoter: Grapefrukt, Ingef\u00e4ra, R\u00f6da vinb\u00e4rHj\u00e4rtnoter: Pion, Fresia, JasminBasnoter: B\u00e4rnsten, Vetiver, Mysk 100ml<\/p>\n","protected":false},"featured_media":62213,"comment_status":"open","ping_status":"closed","template":"","meta":{"_trash_the_other_posts":false},"product_brand":[],"product_cat":[706,735,999],"product_tag":[3312],"berocket_brand":[1377],"class_list":{"0":"post-62216","1":"product","2":"type-product","3":"status-publish","4":"has-post-thumbnail","6":"product_cat-eau-de-parfum-dam","7":"product_cat-kampanj","8":"product_cat-kampanj-for-henne","9":"product_tag-liu-jo-glam-edp","10":"pa_brand-liu-jo","11":"pa_variant-100ml","12":"berocket_brand-liu-jo","14":"first","15":"instock","16":"sale","17":"taxable","18":"shipping-taxable","19":"purchasable","20":"product-type-simple"},"_links":{"self":[{"href":"https:\/\/stylingagenten.com\/sv\/wp-json\/wp\/v2\/product\/62216","targetHints":{"allow":["GET"]}}],"collection":[{"href":"https:\/\/stylingagenten.com\/sv\/wp-json\/wp\/v2\/product"}],"about":[{"href":"https:\/\/stylingagenten.com\/sv\/wp-json\/wp\/v2\/types\/product"}],"replies":[{"embeddable":true,"href":"https:\/\/stylingagenten.com\/sv\/wp-json\/wp\/v2\/comments?post=62216"}],"version-history":[{"count":0,"href":"https:\/\/stylingagenten.com\/sv\/wp-json\/wp\/v2\/product\/62216\/revisions"}],"wp:featuredmedia":[{"embeddable":true,"href":"https:\/\/stylingagenten.com\/sv\/wp-json\/wp\/v2\/media\/62213"}],"wp:attachment":[{"href":"https:\/\/stylingagenten.com\/sv\/wp-json\/wp\/v2\/media?parent=62216"}],"wp:term":[{"taxonomy":"product_brand","embeddable":true,"href":"https:\/\/stylingagenten.com\/sv\/wp-json\/wp\/v2\/product_brand?post=62216"},{"taxonomy":"product_cat","embeddable":true,"href":"https:\/\/stylingagenten.com\/sv\/wp-json\/wp\/v2\/product_cat?post=62216"},{"taxonomy":"product_tag","embeddable":true,"href":"https:\/\/stylingagenten.com\/sv\/wp-json\/wp\/v2\/product_tag?post=62216"},{"taxonomy":"berocket_brand","embeddable":true,"href":"https:\/\/stylingagenten.com\/sv\/wp-json\/wp\/v2\/berocket_brand?post=62216"}],"curies":[{"name":"wp","href":"https:\/\/api.w.org\/{rel}","templated":true}]}}