{"id":62172,"date":"2025-04-20T15:23:16","date_gmt":"2025-04-20T15:23:16","guid":{"rendered":"https:\/\/staging2.stylingagenten.com\/sv\/produkt\/artdeco-volume-sensation-mascara-black-15ml\/"},"modified":"2026-03-24T06:07:36","modified_gmt":"2026-03-24T06:07:36","slug":"artdeco-volume-sensation-mascara-black-15ml","status":"publish","type":"product","link":"https:\/\/stylingagenten.com\/sv\/produkt\/artdeco-volume-sensation-mascara-black-15ml\/","title":{"rendered":"Artdeco Volume Sensation Mascara Black 15ml"},"content":{"rendered":"<p>Ge dina fransar en wow-effekt med Volume Sensation Mascara \u2013 mascaran som garanterat f\u00e5r blickar att v\u00e4nda sig! Med en extra stor volymborste skapar den fylligare, l\u00e4ngre och mer definierade fransar p\u00e5 bara n\u00e5gra svep. Den innovativa &#8221;high-heel&#8221;-effekten ger en imponerande f\u00f6rl\u00e4ngning, vilket g\u00f6r \u00f6gonen oemotst\u00e5ndliga.<\/p>\n<p>Den silkesmjuka texturen tillsammans med den mjuka, volymgivande borsten framh\u00e4ver fransarnas naturliga form och ger b\u00e5de omedelbar volym och fantastisk l\u00e4ngd \u2013 helt utan klumpar! Tack vare de rena pigmenten f\u00e5r mascaran en intensiv f\u00e4rg som verkligen lyfter blicken.<\/p>\n<p>Vill du ha extra mycket volym och l\u00e4ngd? Applicera flera lager och bygg upp fransarna gradvis f\u00f6r en dramatisk och i\u00f6gonfallande effekt.<\/p>\n<p>15ml<\/p>\n","protected":false},"excerpt":{"rendered":"<p>Ge dina fransar en wow-effekt med Volume Sensation Mascara \u2013 mascaran som garanterat f\u00e5r blickar att v\u00e4nda sig! Med en extra stor volymborste skapar den fylligare, l\u00e4ngre och mer definierade fransar p\u00e5 bara n\u00e5gra svep. Den innovativa &#8221;high-heel&#8221;-effekten ger en imponerande f\u00f6rl\u00e4ngning, vilket g\u00f6r \u00f6gonen oemotst\u00e5ndliga. Den silkesmjuka texturen tillsammans med den mjuka, volymgivande borsten [&hellip;]<\/p>\n","protected":false},"featured_media":62166,"comment_status":"open","ping_status":"closed","template":"","meta":{"_trash_the_other_posts":false},"product_brand":[],"product_cat":[618],"product_tag":[],"berocket_brand":[1385],"class_list":{"0":"post-62172","1":"product","2":"type-product","3":"status-publish","4":"has-post-thumbnail","6":"product_cat-mascara","7":"pa_brand-artdeco","8":"berocket_brand-artdeco","10":"first","11":"outofstock","12":"sale","13":"taxable","14":"shipping-taxable","15":"purchasable","16":"product-type-simple"},"_links":{"self":[{"href":"https:\/\/stylingagenten.com\/sv\/wp-json\/wp\/v2\/product\/62172","targetHints":{"allow":["GET"]}}],"collection":[{"href":"https:\/\/stylingagenten.com\/sv\/wp-json\/wp\/v2\/product"}],"about":[{"href":"https:\/\/stylingagenten.com\/sv\/wp-json\/wp\/v2\/types\/product"}],"replies":[{"embeddable":true,"href":"https:\/\/stylingagenten.com\/sv\/wp-json\/wp\/v2\/comments?post=62172"}],"version-history":[{"count":0,"href":"https:\/\/stylingagenten.com\/sv\/wp-json\/wp\/v2\/product\/62172\/revisions"}],"wp:featuredmedia":[{"embeddable":true,"href":"https:\/\/stylingagenten.com\/sv\/wp-json\/wp\/v2\/media\/62166"}],"wp:attachment":[{"href":"https:\/\/stylingagenten.com\/sv\/wp-json\/wp\/v2\/media?parent=62172"}],"wp:term":[{"taxonomy":"product_brand","embeddable":true,"href":"https:\/\/stylingagenten.com\/sv\/wp-json\/wp\/v2\/product_brand?post=62172"},{"taxonomy":"product_cat","embeddable":true,"href":"https:\/\/stylingagenten.com\/sv\/wp-json\/wp\/v2\/product_cat?post=62172"},{"taxonomy":"product_tag","embeddable":true,"href":"https:\/\/stylingagenten.com\/sv\/wp-json\/wp\/v2\/product_tag?post=62172"},{"taxonomy":"berocket_brand","embeddable":true,"href":"https:\/\/stylingagenten.com\/sv\/wp-json\/wp\/v2\/berocket_brand?post=62172"}],"curies":[{"name":"wp","href":"https:\/\/api.w.org\/{rel}","templated":true}]}}