{"id":62155,"date":"2025-04-20T15:23:03","date_gmt":"2025-04-20T15:23:03","guid":{"rendered":"https:\/\/staging2.stylingagenten.com\/sv\/produkt\/artdeco-all-in-one-mascara-black-10ml\/"},"modified":"2026-03-10T19:57:25","modified_gmt":"2026-03-10T19:57:25","slug":"artdeco-all-in-one-mascara-black-10ml","status":"publish","type":"product","link":"https:\/\/stylingagenten.com\/sv\/produkt\/artdeco-all-in-one-mascara-black-10ml\/","title":{"rendered":"Artdeco All In One Mascara Black 10ml"},"content":{"rendered":"<p>All In One Mascara \u2013 vackra fransar, oavsett tillf\u00e4lle! Denna mascara klarar alla utmaningar och ger fransarna b\u00e5de l\u00e4ngd och volym med en fantastisk b\u00f6j. Den formar fransarna perfekt genom att f\u00f6rsiktigt t\u00e4cka dem, vilket g\u00f6r dem fylligare och l\u00e4ngre. Den specialdesignade mascaraborsten \u00e4r tillverkad genom att sammanfoga tv\u00e5 olika borstar, vilket f\u00e5r fibrerna att haka i varandra. De t\u00e4tare omr\u00e5dena \u00e4r perfekta f\u00f6r att separera fransarna, medan omr\u00e5dena med f\u00e4rre fibrer ger f\u00e4rg och volym. Du beh\u00f6ver inte oroa dig f\u00f6r smudging eller flagning under dagen \u2013 formulan \u00e4r smudge-proof och extra l\u00e5ngvarig! All in One Mascara \u00e4r ocks\u00e5 h\u00e4rligt n\u00e4rande. Carnaubavax fr\u00e5n carnaubapalmen v\u00e5rdar fransarna och h\u00e5ller dem mjuka och flexibla. All in One Mascara \u2013 f\u00f6r fransar som \u00e4r riktigt beroendeframkallande.<\/p>\n<p>10ml<\/p>\n","protected":false},"excerpt":{"rendered":"<p>All In One Mascara \u2013 vackra fransar, oavsett tillf\u00e4lle! Denna mascara klarar alla utmaningar och ger fransarna b\u00e5de l\u00e4ngd och volym med en fantastisk b\u00f6j. Den formar fransarna perfekt genom att f\u00f6rsiktigt t\u00e4cka dem, vilket g\u00f6r dem fylligare och l\u00e4ngre. Den specialdesignade mascaraborsten \u00e4r tillverkad genom att sammanfoga tv\u00e5 olika borstar, vilket f\u00e5r fibrerna att [&hellip;]<\/p>\n","protected":false},"featured_media":62152,"comment_status":"open","ping_status":"closed","template":"","meta":{"_trash_the_other_posts":false},"product_brand":[],"product_cat":[618],"product_tag":[],"berocket_brand":[1385],"class_list":{"0":"post-62155","1":"product","2":"type-product","3":"status-publish","4":"has-post-thumbnail","6":"product_cat-mascara","7":"pa_brand-artdeco","8":"berocket_brand-artdeco","10":"first","11":"instock","12":"sale","13":"taxable","14":"shipping-taxable","15":"purchasable","16":"product-type-simple"},"_links":{"self":[{"href":"https:\/\/stylingagenten.com\/sv\/wp-json\/wp\/v2\/product\/62155","targetHints":{"allow":["GET"]}}],"collection":[{"href":"https:\/\/stylingagenten.com\/sv\/wp-json\/wp\/v2\/product"}],"about":[{"href":"https:\/\/stylingagenten.com\/sv\/wp-json\/wp\/v2\/types\/product"}],"replies":[{"embeddable":true,"href":"https:\/\/stylingagenten.com\/sv\/wp-json\/wp\/v2\/comments?post=62155"}],"version-history":[{"count":0,"href":"https:\/\/stylingagenten.com\/sv\/wp-json\/wp\/v2\/product\/62155\/revisions"}],"wp:featuredmedia":[{"embeddable":true,"href":"https:\/\/stylingagenten.com\/sv\/wp-json\/wp\/v2\/media\/62152"}],"wp:attachment":[{"href":"https:\/\/stylingagenten.com\/sv\/wp-json\/wp\/v2\/media?parent=62155"}],"wp:term":[{"taxonomy":"product_brand","embeddable":true,"href":"https:\/\/stylingagenten.com\/sv\/wp-json\/wp\/v2\/product_brand?post=62155"},{"taxonomy":"product_cat","embeddable":true,"href":"https:\/\/stylingagenten.com\/sv\/wp-json\/wp\/v2\/product_cat?post=62155"},{"taxonomy":"product_tag","embeddable":true,"href":"https:\/\/stylingagenten.com\/sv\/wp-json\/wp\/v2\/product_tag?post=62155"},{"taxonomy":"berocket_brand","embeddable":true,"href":"https:\/\/stylingagenten.com\/sv\/wp-json\/wp\/v2\/berocket_brand?post=62155"}],"curies":[{"name":"wp","href":"https:\/\/api.w.org\/{rel}","templated":true}]}}