{"id":62052,"date":"2025-04-20T15:13:53","date_gmt":"2025-04-20T15:13:53","guid":{"rendered":"https:\/\/staging2.stylingagenten.com\/sv\/produkt\/bareminerals-dewy-lip-gloss-balm-friendship\/"},"modified":"2026-01-23T11:30:56","modified_gmt":"2026-01-23T11:30:56","slug":"bareminerals-dewy-lip-gloss-balm-friendship","status":"publish","type":"product","link":"https:\/\/stylingagenten.com\/sv\/produkt\/bareminerals-dewy-lip-gloss-balm-friendship\/","title":{"rendered":"BareMinerals Dewy Lip Gloss-Balm Friendship"},"content":{"rendered":"<p>BareMinerals Dewy Lip Gloss-Balm \u00e4r ett l\u00e4ppglans-balm som v\u00e5rdar l\u00e4pparna med l\u00e4cker glans hela dagen* + 24 timmars \u00e5terfuktning** f\u00f6r synligt friska, sl\u00e4tare och mjukare l\u00e4ppar.<\/p>\n<p>Dr\u00e4nk l\u00e4pparna i en oemotst\u00e5ndlig, saftig glans med transparent f\u00e4rg som h\u00e5ller l\u00e4pparna \u00e5terfuktade hela dagen*. Detta fylliga, icke-klibbiga, gloss-balm sm\u00e4lter p\u00e5 l\u00e4pparna vid applicering och \u00e4r fylld med h\u00e5llbart framst\u00e4llda ingredienser som g\u00f6r att l\u00e4pparna k\u00e4nns mjukare, sl\u00e4tare och mer \u00e5terfuktade direkt vid applicering och \u00f6ver tid. L\u00e4ppglanset \u00e4r helt veganskt.<\/p>\n<p>VAD G\u00d6R DEN?<br \/>&#8211; L\u00e4ppglans-balsam som ger l\u00e4pparna en l\u00e4tt, j\u00e4mn f\u00e4rg i bara ett svep &#8211; finns i 8 inkluderande nyanser.<br \/>&#8211; Kliniskt bevisat att ge 8 timmars kontinuerlig glans*.<br \/>&#8211; Kliniskt bevisat att ge 24 timmars kontinuerlig \u00e5terfuktning*.<br \/>&#8211; L\u00e4pparna ser mjukare, j\u00e4mnare och friskare ut p\u00e5 bara en vecka**<\/p>\n<p>VAD MER BEH\u00d6VER DU VETA?<br \/>&#8211; 94 % l\u00e4pp\u00e4lskande ingredienser. Vegansk.<br \/>&#8211; \u00c5tervinningsbar, helt i aluminiumf\u00f6rpackning.<br \/>&#8211; Formulerad utan syntetiska doft\u00e4mnen, PEG och mer.<\/p>\n<p>F\u00e4rg: Friendship<\/p>\n","protected":false},"excerpt":{"rendered":"<p>BareMinerals Dewy Lip Gloss-Balm \u00e4r ett l\u00e4ppglans-balm som v\u00e5rdar l\u00e4pparna med l\u00e4cker glans hela dagen* + 24 timmars \u00e5terfuktning** f\u00f6r synligt friska, sl\u00e4tare och mjukare l\u00e4ppar. Dr\u00e4nk l\u00e4pparna i en oemotst\u00e5ndlig, saftig glans med transparent f\u00e4rg som h\u00e5ller l\u00e4pparna \u00e5terfuktade hela dagen*. Detta fylliga, icke-klibbiga, gloss-balm sm\u00e4lter p\u00e5 l\u00e4pparna vid applicering och \u00e4r fylld med [&hellip;]<\/p>\n","protected":false},"featured_media":62031,"comment_status":"open","ping_status":"closed","template":"","meta":{"_trash_the_other_posts":false},"product_brand":[],"product_cat":[599],"product_tag":[2475],"berocket_brand":[1256],"class_list":{"0":"post-62052","1":"product","2":"type-product","3":"status-publish","4":"has-post-thumbnail","6":"product_cat-lappglans","7":"product_tag-bareminerals-dewy-lip-gloss-balm","8":"pa_brand-bareminerals","9":"pa_variant-friendship","10":"berocket_brand-bareminerals","12":"first","13":"instock","14":"sale","15":"taxable","16":"shipping-taxable","17":"purchasable","18":"product-type-simple"},"_links":{"self":[{"href":"https:\/\/stylingagenten.com\/sv\/wp-json\/wp\/v2\/product\/62052","targetHints":{"allow":["GET"]}}],"collection":[{"href":"https:\/\/stylingagenten.com\/sv\/wp-json\/wp\/v2\/product"}],"about":[{"href":"https:\/\/stylingagenten.com\/sv\/wp-json\/wp\/v2\/types\/product"}],"replies":[{"embeddable":true,"href":"https:\/\/stylingagenten.com\/sv\/wp-json\/wp\/v2\/comments?post=62052"}],"version-history":[{"count":0,"href":"https:\/\/stylingagenten.com\/sv\/wp-json\/wp\/v2\/product\/62052\/revisions"}],"wp:featuredmedia":[{"embeddable":true,"href":"https:\/\/stylingagenten.com\/sv\/wp-json\/wp\/v2\/media\/62031"}],"wp:attachment":[{"href":"https:\/\/stylingagenten.com\/sv\/wp-json\/wp\/v2\/media?parent=62052"}],"wp:term":[{"taxonomy":"product_brand","embeddable":true,"href":"https:\/\/stylingagenten.com\/sv\/wp-json\/wp\/v2\/product_brand?post=62052"},{"taxonomy":"product_cat","embeddable":true,"href":"https:\/\/stylingagenten.com\/sv\/wp-json\/wp\/v2\/product_cat?post=62052"},{"taxonomy":"product_tag","embeddable":true,"href":"https:\/\/stylingagenten.com\/sv\/wp-json\/wp\/v2\/product_tag?post=62052"},{"taxonomy":"berocket_brand","embeddable":true,"href":"https:\/\/stylingagenten.com\/sv\/wp-json\/wp\/v2\/berocket_brand?post=62052"}],"curies":[{"name":"wp","href":"https:\/\/api.w.org\/{rel}","templated":true}]}}