{"id":62011,"date":"2025-04-20T15:13:43","date_gmt":"2025-04-20T15:13:43","guid":{"rendered":"https:\/\/staging2.stylingagenten.com\/sv\/produkt\/bareminerals-mineralist-lip-gloss-balm-imagination\/"},"modified":"2026-02-02T07:42:24","modified_gmt":"2026-02-02T07:42:24","slug":"bareminerals-mineralist-lip-gloss-balm-imagination","status":"publish","type":"product","link":"https:\/\/stylingagenten.com\/sv\/produkt\/bareminerals-mineralist-lip-gloss-balm-imagination\/","title":{"rendered":"BareMinerals Mineralist Lip Gloss Balm Imagination"},"content":{"rendered":"<p>BareMinerals Mineralist Lip Gloss Balm \u00e4r en hybrid av l\u00e4ppglans och l\u00e4ppbalm i ett, \u00e4r fylld med kallpressade fruktoljor f\u00f6r en transparent f\u00e4rg, glansig lyster och oemotst\u00e5ndligt mjuka l\u00e4ppar.<\/p>\n<p>VAD DEN G\u00d6R:<br \/>-Ger l\u00e4tt f\u00e4rg och glansig lyster utan att klibba.<br \/>-Komfortabel balmtextur som ger n\u00e4ring och sl\u00e4tar ut l\u00e4pparna.<br \/>-G\u00f6r att l\u00e4pparna k\u00e4nns mjukare, sl\u00e4tare och mer \u00e5terfuktade &#8211; direkt vid applicering och \u00f6ver tid.<\/p>\n<p>TESTAD AV KONSUMENTER:<br \/>-Kliniskt bevisad att f\u00f6rb\u00e4ttra l\u00e4pparnas j\u00e4mnhet, b\u00e5de omedelbart och \u00f6ver tid.<br \/>-Ger upp till 50% sl\u00e4tare l\u00e4ppar p\u00e5 bara 1 vecka*.<br \/>-90 % uppgav att deras l\u00e4ppar k\u00e4ndes omedelbart \u00e5terfuktade*.<\/p>\n<p>D\u00c4RF\u00d6R KOMMER DU ATT \u00c4LSKA DEN:<br \/>-Kombinerar de v\u00e5rdande f\u00f6rdelarna fr\u00e5n ett l\u00e4ppbalsam med glansen fr\u00e5n ett l\u00e4ppglans.<br \/>-Vegansk formula tillverkad med naturligt- och h\u00e5llbart framst\u00e4llda kallpressade fruktoljor.<br \/>-Dermatologiskt testad.<br \/>-Lock och flaska tillverkade av \u00e5tervunnet plast.<br \/>-Vegansk.<br \/>-Parabenfri + formulerad utan syntetisk doft, SLS, gluten m.m.<\/p>\n<p>F\u00e4rg: Imagination<\/p>\n","protected":false},"excerpt":{"rendered":"<p>BareMinerals Mineralist Lip Gloss Balm \u00e4r en hybrid av l\u00e4ppglans och l\u00e4ppbalm i ett, \u00e4r fylld med kallpressade fruktoljor f\u00f6r en transparent f\u00e4rg, glansig lyster och oemotst\u00e5ndligt mjuka l\u00e4ppar. VAD DEN G\u00d6R:-Ger l\u00e4tt f\u00e4rg och glansig lyster utan att klibba.-Komfortabel balmtextur som ger n\u00e4ring och sl\u00e4tar ut l\u00e4pparna.-G\u00f6r att l\u00e4pparna k\u00e4nns mjukare, sl\u00e4tare och mer [&hellip;]<\/p>\n","protected":false},"featured_media":62005,"comment_status":"open","ping_status":"closed","template":"","meta":{"_trash_the_other_posts":false},"product_brand":[],"product_cat":[599],"product_tag":[2479],"berocket_brand":[1256],"class_list":{"0":"post-62011","1":"product","2":"type-product","3":"status-publish","4":"has-post-thumbnail","6":"product_cat-lappglans","7":"product_tag-bareminerals-mineralist-lip-gloss-balm","8":"pa_brand-bareminerals","9":"pa_variant-imagination","10":"berocket_brand-bareminerals","12":"first","13":"instock","14":"sale","15":"taxable","16":"shipping-taxable","17":"purchasable","18":"product-type-simple"},"_links":{"self":[{"href":"https:\/\/stylingagenten.com\/sv\/wp-json\/wp\/v2\/product\/62011","targetHints":{"allow":["GET"]}}],"collection":[{"href":"https:\/\/stylingagenten.com\/sv\/wp-json\/wp\/v2\/product"}],"about":[{"href":"https:\/\/stylingagenten.com\/sv\/wp-json\/wp\/v2\/types\/product"}],"replies":[{"embeddable":true,"href":"https:\/\/stylingagenten.com\/sv\/wp-json\/wp\/v2\/comments?post=62011"}],"version-history":[{"count":0,"href":"https:\/\/stylingagenten.com\/sv\/wp-json\/wp\/v2\/product\/62011\/revisions"}],"wp:featuredmedia":[{"embeddable":true,"href":"https:\/\/stylingagenten.com\/sv\/wp-json\/wp\/v2\/media\/62005"}],"wp:attachment":[{"href":"https:\/\/stylingagenten.com\/sv\/wp-json\/wp\/v2\/media?parent=62011"}],"wp:term":[{"taxonomy":"product_brand","embeddable":true,"href":"https:\/\/stylingagenten.com\/sv\/wp-json\/wp\/v2\/product_brand?post=62011"},{"taxonomy":"product_cat","embeddable":true,"href":"https:\/\/stylingagenten.com\/sv\/wp-json\/wp\/v2\/product_cat?post=62011"},{"taxonomy":"product_tag","embeddable":true,"href":"https:\/\/stylingagenten.com\/sv\/wp-json\/wp\/v2\/product_tag?post=62011"},{"taxonomy":"berocket_brand","embeddable":true,"href":"https:\/\/stylingagenten.com\/sv\/wp-json\/wp\/v2\/berocket_brand?post=62011"}],"curies":[{"name":"wp","href":"https:\/\/api.w.org\/{rel}","templated":true}]}}