{"id":61908,"date":"2025-04-20T15:06:04","date_gmt":"2025-04-20T15:06:04","guid":{"rendered":"https:\/\/staging2.stylingagenten.com\/sv\/produkt\/olaplex-volumizing-blow-dry-mist-150ml\/"},"modified":"2026-04-08T15:31:58","modified_gmt":"2026-04-08T15:31:58","slug":"olaplex-volumizing-blow-dry-mist-150ml","status":"publish","type":"product","link":"https:\/\/stylingagenten.com\/sv\/produkt\/olaplex-volumizing-blow-dry-mist-150ml\/","title":{"rendered":"Olaplex Volumizing Blow Dry Mist 150ml"},"content":{"rendered":"<div>Olaplex Volumizing Blow Dry Mist \u00e4r en reparerande blow-dry mist som skapar mjuka, volumin\u00f6sa, synligt h\u00e4lsosammare blowouts med varaktig sp\u00e4nst. Den viktl\u00f6sa formulan skyddar h\u00e5ret mot stylingskador och v\u00e4rme upp till 450\u00baF\/232\u00baC, och ger blow-dry stilar som k\u00e4nns sl\u00e4ta och ett h\u00e5r som k\u00e4nns starkt. Inga spr\u00f6da r\u00f6tter eller klibbiga rester.<\/p>\n<p>150ml<\/p><\/div>\n","protected":false},"excerpt":{"rendered":"<p>Olaplex Volumizing Blow Dry Mist \u00e4r en reparerande blow-dry mist som skapar mjuka, volumin\u00f6sa, synligt h\u00e4lsosammare blowouts med varaktig sp\u00e4nst. Den viktl\u00f6sa formulan skyddar h\u00e5ret mot stylingskador och v\u00e4rme upp till 450\u00baF\/232\u00baC, och ger blow-dry stilar som k\u00e4nns sl\u00e4ta och ett h\u00e5r som k\u00e4nns starkt. Inga spr\u00f6da r\u00f6tter eller klibbiga rester. 150ml<\/p>\n","protected":false},"featured_media":61903,"comment_status":"open","ping_status":"closed","template":"","meta":{"_trash_the_other_posts":false},"product_brand":[],"product_cat":[546],"product_tag":[],"berocket_brand":[1023],"class_list":{"0":"post-61908","1":"product","2":"type-product","3":"status-publish","4":"has-post-thumbnail","6":"product_cat-harstyling","7":"pa_brand-olaplex","8":"berocket_brand-olaplex","10":"first","11":"instock","12":"sale","13":"taxable","14":"shipping-taxable","15":"purchasable","16":"product-type-simple"},"_links":{"self":[{"href":"https:\/\/stylingagenten.com\/sv\/wp-json\/wp\/v2\/product\/61908","targetHints":{"allow":["GET"]}}],"collection":[{"href":"https:\/\/stylingagenten.com\/sv\/wp-json\/wp\/v2\/product"}],"about":[{"href":"https:\/\/stylingagenten.com\/sv\/wp-json\/wp\/v2\/types\/product"}],"replies":[{"embeddable":true,"href":"https:\/\/stylingagenten.com\/sv\/wp-json\/wp\/v2\/comments?post=61908"}],"version-history":[{"count":0,"href":"https:\/\/stylingagenten.com\/sv\/wp-json\/wp\/v2\/product\/61908\/revisions"}],"wp:featuredmedia":[{"embeddable":true,"href":"https:\/\/stylingagenten.com\/sv\/wp-json\/wp\/v2\/media\/61903"}],"wp:attachment":[{"href":"https:\/\/stylingagenten.com\/sv\/wp-json\/wp\/v2\/media?parent=61908"}],"wp:term":[{"taxonomy":"product_brand","embeddable":true,"href":"https:\/\/stylingagenten.com\/sv\/wp-json\/wp\/v2\/product_brand?post=61908"},{"taxonomy":"product_cat","embeddable":true,"href":"https:\/\/stylingagenten.com\/sv\/wp-json\/wp\/v2\/product_cat?post=61908"},{"taxonomy":"product_tag","embeddable":true,"href":"https:\/\/stylingagenten.com\/sv\/wp-json\/wp\/v2\/product_tag?post=61908"},{"taxonomy":"berocket_brand","embeddable":true,"href":"https:\/\/stylingagenten.com\/sv\/wp-json\/wp\/v2\/berocket_brand?post=61908"}],"curies":[{"name":"wp","href":"https:\/\/api.w.org\/{rel}","templated":true}]}}