{"id":61896,"date":"2025-04-20T15:05:56","date_gmt":"2025-04-20T15:05:56","guid":{"rendered":"https:\/\/staging2.stylingagenten.com\/sv\/produkt\/wella-professionals-invigo-volume-boost-uplifting-care-spray-150ml\/"},"modified":"2026-03-13T14:42:34","modified_gmt":"2026-03-13T14:42:34","slug":"wella-professionals-invigo-volume-boost-uplifting-care-spray-150ml","status":"publish","type":"product","link":"https:\/\/stylingagenten.com\/sv\/produkt\/wella-professionals-invigo-volume-boost-uplifting-care-spray-150ml\/","title":{"rendered":"Wella Professionals Invigo Volume Boost Uplifting Care Spray 150ml"},"content":{"rendered":"<p>Wella Professionals Invigo Volume Boost Uplifting Care Spray \u00e4r en leave-in-spray f\u00f6r normalt till fint h\u00e5r som beh\u00f6ver glans, fyllighet och volym. Denna professionella spray \u00e4r berikad med Volume Boost-Blend\u2122 och inneh\u00e5ller fj\u00e4derkraftiga polymerer som omger h\u00e5rfibrerna och hj\u00e4lper till att skapa de mest volumin\u00f6sa lookerna under f\u00f6ning. Den l\u00e4tta formulan g\u00f6r h\u00e5ret l\u00e4tthanterligt och glansigt utan att tynga ner \u00e4ven de finaste h\u00e5rstr\u00e5na. Din rutin f\u00f6r att ge volym \u00e5t fint h\u00e5r.<\/p>\n<p>150ml<\/p>\n","protected":false},"excerpt":{"rendered":"<p>Wella Professionals Invigo Volume Boost Uplifting Care Spray \u00e4r en leave-in-spray f\u00f6r normalt till fint h\u00e5r som beh\u00f6ver glans, fyllighet och volym. Denna professionella spray \u00e4r berikad med Volume Boost-Blend\u2122 och inneh\u00e5ller fj\u00e4derkraftiga polymerer som omger h\u00e5rfibrerna och hj\u00e4lper till att skapa de mest volumin\u00f6sa lookerna under f\u00f6ning. Den l\u00e4tta formulan g\u00f6r h\u00e5ret l\u00e4tthanterligt och [&hellip;]<\/p>\n","protected":false},"featured_media":61889,"comment_status":"open","ping_status":"closed","template":"","meta":{"_trash_the_other_posts":false},"product_brand":[],"product_cat":[546],"product_tag":[],"berocket_brand":[1030],"class_list":{"0":"post-61896","1":"product","2":"type-product","3":"status-publish","4":"has-post-thumbnail","6":"product_cat-harstyling","7":"pa_brand-wella","8":"berocket_brand-wella","10":"first","11":"instock","12":"sale","13":"taxable","14":"shipping-taxable","15":"purchasable","16":"product-type-simple"},"_links":{"self":[{"href":"https:\/\/stylingagenten.com\/sv\/wp-json\/wp\/v2\/product\/61896","targetHints":{"allow":["GET"]}}],"collection":[{"href":"https:\/\/stylingagenten.com\/sv\/wp-json\/wp\/v2\/product"}],"about":[{"href":"https:\/\/stylingagenten.com\/sv\/wp-json\/wp\/v2\/types\/product"}],"replies":[{"embeddable":true,"href":"https:\/\/stylingagenten.com\/sv\/wp-json\/wp\/v2\/comments?post=61896"}],"version-history":[{"count":0,"href":"https:\/\/stylingagenten.com\/sv\/wp-json\/wp\/v2\/product\/61896\/revisions"}],"wp:featuredmedia":[{"embeddable":true,"href":"https:\/\/stylingagenten.com\/sv\/wp-json\/wp\/v2\/media\/61889"}],"wp:attachment":[{"href":"https:\/\/stylingagenten.com\/sv\/wp-json\/wp\/v2\/media?parent=61896"}],"wp:term":[{"taxonomy":"product_brand","embeddable":true,"href":"https:\/\/stylingagenten.com\/sv\/wp-json\/wp\/v2\/product_brand?post=61896"},{"taxonomy":"product_cat","embeddable":true,"href":"https:\/\/stylingagenten.com\/sv\/wp-json\/wp\/v2\/product_cat?post=61896"},{"taxonomy":"product_tag","embeddable":true,"href":"https:\/\/stylingagenten.com\/sv\/wp-json\/wp\/v2\/product_tag?post=61896"},{"taxonomy":"berocket_brand","embeddable":true,"href":"https:\/\/stylingagenten.com\/sv\/wp-json\/wp\/v2\/berocket_brand?post=61896"}],"curies":[{"name":"wp","href":"https:\/\/api.w.org\/{rel}","templated":true}]}}