{"id":61831,"date":"2025-04-20T15:01:34","date_gmt":"2025-04-20T15:01:34","guid":{"rendered":"https:\/\/staging2.stylingagenten.com\/sv\/produkt\/system-professional-color-save-bi-phase-conditioner-185ml\/"},"modified":"2026-03-11T22:02:29","modified_gmt":"2026-03-11T22:02:29","slug":"system-professional-color-save-bi-phase-conditioner-185ml","status":"publish","type":"product","link":"https:\/\/stylingagenten.com\/sv\/produkt\/system-professional-color-save-bi-phase-conditioner-185ml\/","title":{"rendered":"System Professional Color Save Bi-Phase Conditioner 185ml"},"content":{"rendered":"<p>System Professional Color Save Bi-Phase Conditioner \u00e4r ett l\u00e4tt leave-in-balsam f\u00f6r f\u00e4rgat h\u00e5r. Denna leave-in-produkt inneh\u00e5ller f\u00e4rgv\u00e5rdande ingredienser som g\u00f6r h\u00e5ret l\u00e4ttkammat och skyddar f\u00e4rgen. Den reducerar frissighet, reder ut h\u00e5ret och skyddar mot UV-str\u00e5lning. Den mj\u00f6lkiga formulan inneh\u00e5ller f\u00e4rgv\u00e5rdande ingredienser som hj\u00e4lper till att motverka att f\u00e4rgen bleknar, flyter ut och f\u00f6rlorar sin fr\u00e4schhet.<\/p>\n<p>Color Save-serien \u00e4r utformad f\u00f6r att reparera och framh\u00e4va f\u00e4rgat h\u00e5r och ge det h\u00e5llbar glans samtidigt som den bevarar en h\u00e4lsosam och str\u00e5lande glans. <\/p>\n<p>185ml<\/p>\n","protected":false},"excerpt":{"rendered":"<p>System Professional Color Save Bi-Phase Conditioner \u00e4r ett l\u00e4tt leave-in-balsam f\u00f6r f\u00e4rgat h\u00e5r. Denna leave-in-produkt inneh\u00e5ller f\u00e4rgv\u00e5rdande ingredienser som g\u00f6r h\u00e5ret l\u00e4ttkammat och skyddar f\u00e4rgen. Den reducerar frissighet, reder ut h\u00e5ret och skyddar mot UV-str\u00e5lning. Den mj\u00f6lkiga formulan inneh\u00e5ller f\u00e4rgv\u00e5rdande ingredienser som hj\u00e4lper till att motverka att f\u00e4rgen bleknar, flyter ut och f\u00f6rlorar sin fr\u00e4schhet. [&hellip;]<\/p>\n","protected":false},"featured_media":61819,"comment_status":"open","ping_status":"closed","template":"","meta":{"_trash_the_other_posts":false},"product_brand":[],"product_cat":[587],"product_tag":[],"berocket_brand":[1995],"class_list":{"0":"post-61831","1":"product","2":"type-product","3":"status-publish","4":"has-post-thumbnail","6":"product_cat-balsam","7":"pa_brand-system-professional","8":"berocket_brand-system-professional","10":"first","11":"instock","12":"sale","13":"taxable","14":"shipping-taxable","15":"purchasable","16":"product-type-simple"},"_links":{"self":[{"href":"https:\/\/stylingagenten.com\/sv\/wp-json\/wp\/v2\/product\/61831","targetHints":{"allow":["GET"]}}],"collection":[{"href":"https:\/\/stylingagenten.com\/sv\/wp-json\/wp\/v2\/product"}],"about":[{"href":"https:\/\/stylingagenten.com\/sv\/wp-json\/wp\/v2\/types\/product"}],"replies":[{"embeddable":true,"href":"https:\/\/stylingagenten.com\/sv\/wp-json\/wp\/v2\/comments?post=61831"}],"version-history":[{"count":0,"href":"https:\/\/stylingagenten.com\/sv\/wp-json\/wp\/v2\/product\/61831\/revisions"}],"wp:featuredmedia":[{"embeddable":true,"href":"https:\/\/stylingagenten.com\/sv\/wp-json\/wp\/v2\/media\/61819"}],"wp:attachment":[{"href":"https:\/\/stylingagenten.com\/sv\/wp-json\/wp\/v2\/media?parent=61831"}],"wp:term":[{"taxonomy":"product_brand","embeddable":true,"href":"https:\/\/stylingagenten.com\/sv\/wp-json\/wp\/v2\/product_brand?post=61831"},{"taxonomy":"product_cat","embeddable":true,"href":"https:\/\/stylingagenten.com\/sv\/wp-json\/wp\/v2\/product_cat?post=61831"},{"taxonomy":"product_tag","embeddable":true,"href":"https:\/\/stylingagenten.com\/sv\/wp-json\/wp\/v2\/product_tag?post=61831"},{"taxonomy":"berocket_brand","embeddable":true,"href":"https:\/\/stylingagenten.com\/sv\/wp-json\/wp\/v2\/berocket_brand?post=61831"}],"curies":[{"name":"wp","href":"https:\/\/api.w.org\/{rel}","templated":true}]}}