{"id":61826,"date":"2025-04-20T15:01:32","date_gmt":"2025-04-20T15:01:32","guid":{"rendered":"https:\/\/staging2.stylingagenten.com\/sv\/produkt\/olaplex-no-5-moisture-and-mend-leave-in-conditioner-100ml\/"},"modified":"2026-04-12T12:19:22","modified_gmt":"2026-04-12T12:19:22","slug":"olaplex-no-5-moisture-and-mend-leave-in-conditioner-100ml","status":"publish","type":"product","link":"https:\/\/stylingagenten.com\/sv\/produkt\/olaplex-no-5-moisture-and-mend-leave-in-conditioner-100ml\/","title":{"rendered":"Olaplex No.5 Moisture and Mend Leave-In Conditioner 100ml"},"content":{"rendered":"<p>Olaplex No.5 Moisture and Mend Leave-In Conditioner \u00e4r ett fuktgivande leave-in balsam med gelkr\u00e4mtextur som omedelbart \u00e5terfuktar och f\u00f6rseglar kluvna toppar. Den reparerande formulan verkar fr\u00e5n cortex till kutikula f\u00f6r att kontinuerligt reparera h\u00e5rskador och kluvna toppar, samtidigt som den skyddar mot v\u00e4rme upp till 232\u00b0C. Idealisk f\u00f6r torrt eller uttorkat h\u00e5r.<\/p>\n<p>Omedelbar f\u00f6rsegling av kluvna toppar<br \/>Fuktgivande gelkr\u00e4m som \u00e5terfuktar torrt h\u00e5r<br \/>Reparerar kontinuerligt och f\u00f6rebygger styling-skador<br \/>232\u00b0C v\u00e4rmeskydd<\/p>\n<p>100ml<\/p>\n","protected":false},"excerpt":{"rendered":"<p>Olaplex No.5 Moisture and Mend Leave-In Conditioner \u00e4r ett fuktgivande leave-in balsam med gelkr\u00e4mtextur som omedelbart \u00e5terfuktar och f\u00f6rseglar kluvna toppar. Den reparerande formulan verkar fr\u00e5n cortex till kutikula f\u00f6r att kontinuerligt reparera h\u00e5rskador och kluvna toppar, samtidigt som den skyddar mot v\u00e4rme upp till 232\u00b0C. Idealisk f\u00f6r torrt eller uttorkat h\u00e5r. Omedelbar f\u00f6rsegling av [&hellip;]<\/p>\n","protected":false},"featured_media":61816,"comment_status":"open","ping_status":"closed","template":"","meta":{"_trash_the_other_posts":false},"product_brand":[],"product_cat":[614],"product_tag":[],"berocket_brand":[1023],"class_list":{"0":"post-61826","1":"product","2":"type-product","3":"status-publish","4":"has-post-thumbnail","6":"product_cat-serum","7":"pa_brand-olaplex","8":"berocket_brand-olaplex","10":"first","11":"outofstock","12":"sale","13":"taxable","14":"shipping-taxable","15":"purchasable","16":"product-type-simple"},"_links":{"self":[{"href":"https:\/\/stylingagenten.com\/sv\/wp-json\/wp\/v2\/product\/61826","targetHints":{"allow":["GET"]}}],"collection":[{"href":"https:\/\/stylingagenten.com\/sv\/wp-json\/wp\/v2\/product"}],"about":[{"href":"https:\/\/stylingagenten.com\/sv\/wp-json\/wp\/v2\/types\/product"}],"replies":[{"embeddable":true,"href":"https:\/\/stylingagenten.com\/sv\/wp-json\/wp\/v2\/comments?post=61826"}],"version-history":[{"count":0,"href":"https:\/\/stylingagenten.com\/sv\/wp-json\/wp\/v2\/product\/61826\/revisions"}],"wp:featuredmedia":[{"embeddable":true,"href":"https:\/\/stylingagenten.com\/sv\/wp-json\/wp\/v2\/media\/61816"}],"wp:attachment":[{"href":"https:\/\/stylingagenten.com\/sv\/wp-json\/wp\/v2\/media?parent=61826"}],"wp:term":[{"taxonomy":"product_brand","embeddable":true,"href":"https:\/\/stylingagenten.com\/sv\/wp-json\/wp\/v2\/product_brand?post=61826"},{"taxonomy":"product_cat","embeddable":true,"href":"https:\/\/stylingagenten.com\/sv\/wp-json\/wp\/v2\/product_cat?post=61826"},{"taxonomy":"product_tag","embeddable":true,"href":"https:\/\/stylingagenten.com\/sv\/wp-json\/wp\/v2\/product_tag?post=61826"},{"taxonomy":"berocket_brand","embeddable":true,"href":"https:\/\/stylingagenten.com\/sv\/wp-json\/wp\/v2\/berocket_brand?post=61826"}],"curies":[{"name":"wp","href":"https:\/\/api.w.org\/{rel}","templated":true}]}}