{"id":61824,"date":"2025-04-20T15:01:32","date_gmt":"2025-04-20T15:01:32","guid":{"rendered":"https:\/\/staging2.stylingagenten.com\/sv\/produkt\/system-professional-balance-scalp-lotion-125ml\/"},"modified":"2026-03-11T22:00:46","modified_gmt":"2026-03-11T22:00:46","slug":"system-professional-balance-scalp-lotion-125ml","status":"publish","type":"product","link":"https:\/\/stylingagenten.com\/sv\/produkt\/system-professional-balance-scalp-lotion-125ml\/","title":{"rendered":"System Professional Balance Scalp Lotion 125ml"},"content":{"rendered":"<p>System Professional Balance Lotion \u00e4r en lugnande och \u00e5terfuktande fuktkr\u00e4m f\u00f6r k\u00e4nslig h\u00e5rbotten. Denna n\u00e4rande leave-in-lotion ger omedelbar lindring till kl\u00e5da och irriterad h\u00e5rbotten samtidigt som den skyddar, \u00e5terfuktar och lindrar rodnad i h\u00e5rbotten. <\/p>\n<p>Balance serien hj\u00e4lper till att lugna och \u00e5terst\u00e4lla h\u00e5rbotten med milda formulas som hj\u00e4lper den att uppr\u00e4tth\u00e5lla sin egen skyddande barri\u00e4r. Denna antiinflammatoriska och pH-neutrala hudv\u00e5rdsrutin \u00e4r s\u00e4rskilt framtagen i samarbete med dermatologer f\u00f6r att varsamt ge n\u00e4ring, minska inflammation och lugna h\u00e5rbotten.<\/p>\n<p>125ml<\/p>\n","protected":false},"excerpt":{"rendered":"<p>System Professional Balance Lotion \u00e4r en lugnande och \u00e5terfuktande fuktkr\u00e4m f\u00f6r k\u00e4nslig h\u00e5rbotten. Denna n\u00e4rande leave-in-lotion ger omedelbar lindring till kl\u00e5da och irriterad h\u00e5rbotten samtidigt som den skyddar, \u00e5terfuktar och lindrar rodnad i h\u00e5rbotten. Balance serien hj\u00e4lper till att lugna och \u00e5terst\u00e4lla h\u00e5rbotten med milda formulas som hj\u00e4lper den att uppr\u00e4tth\u00e5lla sin egen skyddande barri\u00e4r. [&hellip;]<\/p>\n","protected":false},"featured_media":61812,"comment_status":"open","ping_status":"closed","template":"","meta":{"_trash_the_other_posts":false},"product_brand":[],"product_cat":[615],"product_tag":[],"berocket_brand":[1995],"class_list":{"0":"post-61824","1":"product","2":"type-product","3":"status-publish","4":"has-post-thumbnail","6":"product_cat-harserum","7":"pa_brand-system-professional","8":"berocket_brand-system-professional","10":"first","11":"instock","12":"sale","13":"taxable","14":"shipping-taxable","15":"purchasable","16":"product-type-simple"},"_links":{"self":[{"href":"https:\/\/stylingagenten.com\/sv\/wp-json\/wp\/v2\/product\/61824","targetHints":{"allow":["GET"]}}],"collection":[{"href":"https:\/\/stylingagenten.com\/sv\/wp-json\/wp\/v2\/product"}],"about":[{"href":"https:\/\/stylingagenten.com\/sv\/wp-json\/wp\/v2\/types\/product"}],"replies":[{"embeddable":true,"href":"https:\/\/stylingagenten.com\/sv\/wp-json\/wp\/v2\/comments?post=61824"}],"version-history":[{"count":0,"href":"https:\/\/stylingagenten.com\/sv\/wp-json\/wp\/v2\/product\/61824\/revisions"}],"wp:featuredmedia":[{"embeddable":true,"href":"https:\/\/stylingagenten.com\/sv\/wp-json\/wp\/v2\/media\/61812"}],"wp:attachment":[{"href":"https:\/\/stylingagenten.com\/sv\/wp-json\/wp\/v2\/media?parent=61824"}],"wp:term":[{"taxonomy":"product_brand","embeddable":true,"href":"https:\/\/stylingagenten.com\/sv\/wp-json\/wp\/v2\/product_brand?post=61824"},{"taxonomy":"product_cat","embeddable":true,"href":"https:\/\/stylingagenten.com\/sv\/wp-json\/wp\/v2\/product_cat?post=61824"},{"taxonomy":"product_tag","embeddable":true,"href":"https:\/\/stylingagenten.com\/sv\/wp-json\/wp\/v2\/product_tag?post=61824"},{"taxonomy":"berocket_brand","embeddable":true,"href":"https:\/\/stylingagenten.com\/sv\/wp-json\/wp\/v2\/berocket_brand?post=61824"}],"curies":[{"name":"wp","href":"https:\/\/api.w.org\/{rel}","templated":true}]}}