{"id":61813,"date":"2025-04-20T15:01:29","date_gmt":"2025-04-20T15:01:29","guid":{"rendered":"https:\/\/staging2.stylingagenten.com\/sv\/produkt\/system-professional-luxeoil-reconstructive-elixir-100ml\/"},"modified":"2026-04-13T07:11:05","modified_gmt":"2026-04-13T07:11:05","slug":"system-professional-luxeoil-reconstructive-elixir-100ml","status":"publish","type":"product","link":"https:\/\/stylingagenten.com\/sv\/produkt\/system-professional-luxeoil-reconstructive-elixir-100ml\/","title":{"rendered":"System Professional LuxeOil Reconstructive Elixir 100ml"},"content":{"rendered":"<p>System Professional LuxeOil Keratin Protect Reconstructive Elixir \u00e4r en h\u00e5rbehandling utformad f\u00f6r att ge omedelbar sl\u00e4thet och glans. Detta elixir \u00e4r berikat med en trio h\u00f6gpresterande oljor \u2013 argan, jojoba och mandel \u2013 och erbjuder flera f\u00f6rdelar f\u00f6r ditt h\u00e5r. Arganolja ger glans och n\u00e4ring, jojobaolja ger styrka och skydd, och mandelolja sl\u00e4tar ut h\u00e5ret och motverkar torrhet.<\/p>\n<p>Den nya, rikare formulan inneh\u00e5ller ett Lipid Code Complex f\u00f6r djupverkande h\u00e5rregenerering och hudv\u00e5rdsklassat squalane f\u00f6r \u00f6kad sl\u00e4thet och glans. L\u00e4mpligt f\u00f6r alla h\u00e5rtyper. Detta l\u00e4tta, icke-feta elixir kan anv\u00e4ndas i fuktigt eller torrt h\u00e5r f\u00f6r att uppn\u00e5 en sl\u00e4t, polerad look. <br \/>System Professionals ikoniska LuxeOil-doft \u00e4r en rik, kryddig, orientalisk komposition som framkallar en varm, sinnlig upplevelse som avsiktligt skiljer sig fr\u00e5n v\u00e5ra andra System Professional-dofter. Noterna av osmanthus och vanilj p\u00e5 en tr\u00e4ig myskbas tillsammans med fasetter av f\u00e4rsk liljekonvalj och kryddor bildar denna ikoniska och f\u00f6rf\u00f6riska doft. <\/p>\n<p>100ml<\/p>\n","protected":false},"excerpt":{"rendered":"<p>System Professional LuxeOil Keratin Protect Reconstructive Elixir \u00e4r en h\u00e5rbehandling utformad f\u00f6r att ge omedelbar sl\u00e4thet och glans. Detta elixir \u00e4r berikat med en trio h\u00f6gpresterande oljor \u2013 argan, jojoba och mandel \u2013 och erbjuder flera f\u00f6rdelar f\u00f6r ditt h\u00e5r. Arganolja ger glans och n\u00e4ring, jojobaolja ger styrka och skydd, och mandelolja sl\u00e4tar ut h\u00e5ret [&hellip;]<\/p>\n","protected":false},"featured_media":61785,"comment_status":"open","ping_status":"closed","template":"","meta":{"_trash_the_other_posts":false},"product_brand":[],"product_cat":[615],"product_tag":[],"berocket_brand":[1995],"class_list":{"0":"post-61813","1":"product","2":"type-product","3":"status-publish","4":"has-post-thumbnail","6":"product_cat-harserum","7":"pa_brand-system-professional","8":"berocket_brand-system-professional","10":"first","11":"instock","12":"sale","13":"taxable","14":"shipping-taxable","15":"purchasable","16":"product-type-simple"},"_links":{"self":[{"href":"https:\/\/stylingagenten.com\/sv\/wp-json\/wp\/v2\/product\/61813","targetHints":{"allow":["GET"]}}],"collection":[{"href":"https:\/\/stylingagenten.com\/sv\/wp-json\/wp\/v2\/product"}],"about":[{"href":"https:\/\/stylingagenten.com\/sv\/wp-json\/wp\/v2\/types\/product"}],"replies":[{"embeddable":true,"href":"https:\/\/stylingagenten.com\/sv\/wp-json\/wp\/v2\/comments?post=61813"}],"version-history":[{"count":0,"href":"https:\/\/stylingagenten.com\/sv\/wp-json\/wp\/v2\/product\/61813\/revisions"}],"wp:featuredmedia":[{"embeddable":true,"href":"https:\/\/stylingagenten.com\/sv\/wp-json\/wp\/v2\/media\/61785"}],"wp:attachment":[{"href":"https:\/\/stylingagenten.com\/sv\/wp-json\/wp\/v2\/media?parent=61813"}],"wp:term":[{"taxonomy":"product_brand","embeddable":true,"href":"https:\/\/stylingagenten.com\/sv\/wp-json\/wp\/v2\/product_brand?post=61813"},{"taxonomy":"product_cat","embeddable":true,"href":"https:\/\/stylingagenten.com\/sv\/wp-json\/wp\/v2\/product_cat?post=61813"},{"taxonomy":"product_tag","embeddable":true,"href":"https:\/\/stylingagenten.com\/sv\/wp-json\/wp\/v2\/product_tag?post=61813"},{"taxonomy":"berocket_brand","embeddable":true,"href":"https:\/\/stylingagenten.com\/sv\/wp-json\/wp\/v2\/berocket_brand?post=61813"}],"curies":[{"name":"wp","href":"https:\/\/api.w.org\/{rel}","templated":true}]}}