{"id":61810,"date":"2025-04-20T15:01:28","date_gmt":"2025-04-20T15:01:28","guid":{"rendered":"https:\/\/staging2.stylingagenten.com\/sv\/produkt\/system-professional-lipid-booster-95ml\/"},"modified":"2026-03-11T22:05:27","modified_gmt":"2026-03-11T22:05:27","slug":"system-professional-lipid-booster-95ml","status":"publish","type":"product","link":"https:\/\/stylingagenten.com\/sv\/produkt\/system-professional-lipid-booster-95ml\/","title":{"rendered":"System Professional Lipid Booster 95ml"},"content":{"rendered":"<p>System Professional Lipid Booster \u00e4r en st\u00e4rkande och utsl\u00e4tande behandling f\u00f6r skadat h\u00e5r. Denna behandling hj\u00e4lper till att skydda h\u00e5ret fr\u00e5n dagligt slitage, och ger upp till 9 g\u00e5nger mer skydd* genom att skapa en skyddande barri\u00e4r runt h\u00e5rstr\u00e5na. L\u00e4mplig f\u00f6r blekt och\/eller slingat h\u00e5r.<br \/>* j\u00e4mf\u00f6rt med schampo med l\u00e5g balsameffekt.<\/p>\n<p>95ml<\/p>\n","protected":false},"excerpt":{"rendered":"<p>System Professional Lipid Booster \u00e4r en st\u00e4rkande och utsl\u00e4tande behandling f\u00f6r skadat h\u00e5r. Denna behandling hj\u00e4lper till att skydda h\u00e5ret fr\u00e5n dagligt slitage, och ger upp till 9 g\u00e5nger mer skydd* genom att skapa en skyddande barri\u00e4r runt h\u00e5rstr\u00e5na. L\u00e4mplig f\u00f6r blekt och\/eller slingat h\u00e5r.* j\u00e4mf\u00f6rt med schampo med l\u00e5g balsameffekt. 95ml<\/p>\n","protected":false},"featured_media":61793,"comment_status":"open","ping_status":"closed","template":"","meta":{"_trash_the_other_posts":false},"product_brand":[],"product_cat":[615],"product_tag":[],"berocket_brand":[1995],"class_list":{"0":"post-61810","1":"product","2":"type-product","3":"status-publish","4":"has-post-thumbnail","6":"product_cat-harserum","7":"pa_brand-system-professional","8":"berocket_brand-system-professional","10":"first","11":"instock","12":"sale","13":"taxable","14":"shipping-taxable","15":"purchasable","16":"product-type-simple"},"_links":{"self":[{"href":"https:\/\/stylingagenten.com\/sv\/wp-json\/wp\/v2\/product\/61810","targetHints":{"allow":["GET"]}}],"collection":[{"href":"https:\/\/stylingagenten.com\/sv\/wp-json\/wp\/v2\/product"}],"about":[{"href":"https:\/\/stylingagenten.com\/sv\/wp-json\/wp\/v2\/types\/product"}],"replies":[{"embeddable":true,"href":"https:\/\/stylingagenten.com\/sv\/wp-json\/wp\/v2\/comments?post=61810"}],"version-history":[{"count":0,"href":"https:\/\/stylingagenten.com\/sv\/wp-json\/wp\/v2\/product\/61810\/revisions"}],"wp:featuredmedia":[{"embeddable":true,"href":"https:\/\/stylingagenten.com\/sv\/wp-json\/wp\/v2\/media\/61793"}],"wp:attachment":[{"href":"https:\/\/stylingagenten.com\/sv\/wp-json\/wp\/v2\/media?parent=61810"}],"wp:term":[{"taxonomy":"product_brand","embeddable":true,"href":"https:\/\/stylingagenten.com\/sv\/wp-json\/wp\/v2\/product_brand?post=61810"},{"taxonomy":"product_cat","embeddable":true,"href":"https:\/\/stylingagenten.com\/sv\/wp-json\/wp\/v2\/product_cat?post=61810"},{"taxonomy":"product_tag","embeddable":true,"href":"https:\/\/stylingagenten.com\/sv\/wp-json\/wp\/v2\/product_tag?post=61810"},{"taxonomy":"berocket_brand","embeddable":true,"href":"https:\/\/stylingagenten.com\/sv\/wp-json\/wp\/v2\/berocket_brand?post=61810"}],"curies":[{"name":"wp","href":"https:\/\/api.w.org\/{rel}","templated":true}]}}