{"id":61777,"date":"2025-04-20T15:01:22","date_gmt":"2025-04-20T15:01:22","guid":{"rendered":"https:\/\/staging2.stylingagenten.com\/sv\/produkt\/system-professional-alpha-energy-100ml\/"},"modified":"2026-03-30T09:48:29","modified_gmt":"2026-03-30T09:48:29","slug":"system-professional-alpha-energy-100ml","status":"publish","type":"product","link":"https:\/\/stylingagenten.com\/sv\/produkt\/system-professional-alpha-energy-100ml\/","title":{"rendered":"System Professional Alpha Energy 100ml"},"content":{"rendered":"<p>System Professional Alpha Energy \u00e4r en intensiv behandling som st\u00e4rker h\u00e5rbotten, h\u00e5rfibrerna och strukturen i h\u00e5ret. Den balanserar fuktniv\u00e5n i h\u00e5rbotten, minskar skador och fr\u00e4mjar n\u00e4ringsfl\u00f6det till r\u00f6tterna, vilket ger ett fylligare, friskare och mer l\u00e4tthanterligt h\u00e5r. Formulan \u00e4r svalkande och lugnande, st\u00e4rker h\u00e5rbotten utan att l\u00e4mna rester och g\u00f6r h\u00e5ret mer motst\u00e5ndskraftigt och l\u00e4ttare att styla. Alpha Energy passar med alla System Professional-produkter och ger l\u00e5ngvariga resultat f\u00f6r ett friskt och v\u00e4lv\u00e5rdat h\u00e5r.<\/p>\n<p>100ml<\/p>\n","protected":false},"excerpt":{"rendered":"<p>System Professional Alpha Energy \u00e4r en intensiv behandling som st\u00e4rker h\u00e5rbotten, h\u00e5rfibrerna och strukturen i h\u00e5ret. Den balanserar fuktniv\u00e5n i h\u00e5rbotten, minskar skador och fr\u00e4mjar n\u00e4ringsfl\u00f6det till r\u00f6tterna, vilket ger ett fylligare, friskare och mer l\u00e4tthanterligt h\u00e5r. Formulan \u00e4r svalkande och lugnande, st\u00e4rker h\u00e5rbotten utan att l\u00e4mna rester och g\u00f6r h\u00e5ret mer motst\u00e5ndskraftigt och l\u00e4ttare [&hellip;]<\/p>\n","protected":false},"featured_media":61752,"comment_status":"open","ping_status":"closed","template":"","meta":{"_trash_the_other_posts":false},"product_brand":[],"product_cat":[615],"product_tag":[],"berocket_brand":[1995],"class_list":{"0":"post-61777","1":"product","2":"type-product","3":"status-publish","4":"has-post-thumbnail","6":"product_cat-harserum","7":"pa_brand-system-professional","8":"berocket_brand-system-professional","10":"first","11":"instock","12":"sale","13":"taxable","14":"shipping-taxable","15":"purchasable","16":"product-type-simple"},"_links":{"self":[{"href":"https:\/\/stylingagenten.com\/sv\/wp-json\/wp\/v2\/product\/61777","targetHints":{"allow":["GET"]}}],"collection":[{"href":"https:\/\/stylingagenten.com\/sv\/wp-json\/wp\/v2\/product"}],"about":[{"href":"https:\/\/stylingagenten.com\/sv\/wp-json\/wp\/v2\/types\/product"}],"replies":[{"embeddable":true,"href":"https:\/\/stylingagenten.com\/sv\/wp-json\/wp\/v2\/comments?post=61777"}],"version-history":[{"count":0,"href":"https:\/\/stylingagenten.com\/sv\/wp-json\/wp\/v2\/product\/61777\/revisions"}],"wp:featuredmedia":[{"embeddable":true,"href":"https:\/\/stylingagenten.com\/sv\/wp-json\/wp\/v2\/media\/61752"}],"wp:attachment":[{"href":"https:\/\/stylingagenten.com\/sv\/wp-json\/wp\/v2\/media?parent=61777"}],"wp:term":[{"taxonomy":"product_brand","embeddable":true,"href":"https:\/\/stylingagenten.com\/sv\/wp-json\/wp\/v2\/product_brand?post=61777"},{"taxonomy":"product_cat","embeddable":true,"href":"https:\/\/stylingagenten.com\/sv\/wp-json\/wp\/v2\/product_cat?post=61777"},{"taxonomy":"product_tag","embeddable":true,"href":"https:\/\/stylingagenten.com\/sv\/wp-json\/wp\/v2\/product_tag?post=61777"},{"taxonomy":"berocket_brand","embeddable":true,"href":"https:\/\/stylingagenten.com\/sv\/wp-json\/wp\/v2\/berocket_brand?post=61777"}],"curies":[{"name":"wp","href":"https:\/\/api.w.org\/{rel}","templated":true}]}}