{"id":61703,"date":"2025-04-20T15:00:52","date_gmt":"2025-04-20T15:00:52","guid":{"rendered":"https:\/\/staging2.stylingagenten.com\/sv\/produkt\/wella-professionals-oil-reflections-light-luminous-reflective-oil-100ml\/"},"modified":"2026-03-11T21:50:52","modified_gmt":"2026-03-11T21:50:52","slug":"wella-professionals-oil-reflections-light-luminous-reflective-oil-100ml","status":"publish","type":"product","link":"https:\/\/stylingagenten.com\/sv\/produkt\/wella-professionals-oil-reflections-light-luminous-reflective-oil-100ml\/","title":{"rendered":"Wella Professionals Oil Reflections Light Luminous Reflective Oil 100ml"},"content":{"rendered":"<p>Wella Professionals Oil Reflections Light Luminous Reflective Oil \u00e4r en h\u00e5rolja som passar fint till normalt h\u00e5r. F\u00e5 omedelbar lyster med denna l\u00e4tta h\u00e5rolja som \u00e4r speciellt framtagen med extrakt av vitt te och naturlig kamomillolja som omedelbart \u00e5terfuktar, v\u00e5rdar och sl\u00e4tar ut h\u00e5ret. Oil Reflections \u00e4r v\u00e5r exklusiva oljekollektion f\u00f6r glansigt h\u00e5r. Din rutin f\u00f6r att sl\u00e4ta ut torrt och trist h\u00e5r.<\/p>\n<p>100ml<\/p>\n","protected":false},"excerpt":{"rendered":"<p>Wella Professionals Oil Reflections Light Luminous Reflective Oil \u00e4r en h\u00e5rolja som passar fint till normalt h\u00e5r. F\u00e5 omedelbar lyster med denna l\u00e4tta h\u00e5rolja som \u00e4r speciellt framtagen med extrakt av vitt te och naturlig kamomillolja som omedelbart \u00e5terfuktar, v\u00e5rdar och sl\u00e4tar ut h\u00e5ret. Oil Reflections \u00e4r v\u00e5r exklusiva oljekollektion f\u00f6r glansigt h\u00e5r. Din rutin [&hellip;]<\/p>\n","protected":false},"featured_media":61692,"comment_status":"open","ping_status":"closed","template":"","meta":{"_trash_the_other_posts":false},"product_brand":[],"product_cat":[610],"product_tag":[],"berocket_brand":[1030],"class_list":{"0":"post-61703","1":"product","2":"type-product","3":"status-publish","4":"has-post-thumbnail","6":"product_cat-harolja","7":"pa_brand-wella","8":"berocket_brand-wella","10":"first","11":"instock","12":"sale","13":"taxable","14":"shipping-taxable","15":"purchasable","16":"product-type-simple"},"_links":{"self":[{"href":"https:\/\/stylingagenten.com\/sv\/wp-json\/wp\/v2\/product\/61703","targetHints":{"allow":["GET"]}}],"collection":[{"href":"https:\/\/stylingagenten.com\/sv\/wp-json\/wp\/v2\/product"}],"about":[{"href":"https:\/\/stylingagenten.com\/sv\/wp-json\/wp\/v2\/types\/product"}],"replies":[{"embeddable":true,"href":"https:\/\/stylingagenten.com\/sv\/wp-json\/wp\/v2\/comments?post=61703"}],"version-history":[{"count":0,"href":"https:\/\/stylingagenten.com\/sv\/wp-json\/wp\/v2\/product\/61703\/revisions"}],"wp:featuredmedia":[{"embeddable":true,"href":"https:\/\/stylingagenten.com\/sv\/wp-json\/wp\/v2\/media\/61692"}],"wp:attachment":[{"href":"https:\/\/stylingagenten.com\/sv\/wp-json\/wp\/v2\/media?parent=61703"}],"wp:term":[{"taxonomy":"product_brand","embeddable":true,"href":"https:\/\/stylingagenten.com\/sv\/wp-json\/wp\/v2\/product_brand?post=61703"},{"taxonomy":"product_cat","embeddable":true,"href":"https:\/\/stylingagenten.com\/sv\/wp-json\/wp\/v2\/product_cat?post=61703"},{"taxonomy":"product_tag","embeddable":true,"href":"https:\/\/stylingagenten.com\/sv\/wp-json\/wp\/v2\/product_tag?post=61703"},{"taxonomy":"berocket_brand","embeddable":true,"href":"https:\/\/stylingagenten.com\/sv\/wp-json\/wp\/v2\/berocket_brand?post=61703"}],"curies":[{"name":"wp","href":"https:\/\/api.w.org\/{rel}","templated":true}]}}