{"id":61679,"date":"2025-04-20T15:00:27","date_gmt":"2025-04-20T15:00:27","guid":{"rendered":"https:\/\/staging2.stylingagenten.com\/sv\/produkt\/system-professional-repair-perfect-hair-150ml\/"},"modified":"2026-03-13T14:40:25","modified_gmt":"2026-03-13T14:40:25","slug":"system-professional-repair-perfect-hair-150ml","status":"publish","type":"product","link":"https:\/\/stylingagenten.com\/sv\/produkt\/system-professional-repair-perfect-hair-150ml\/","title":{"rendered":"System Professional Repair Perfect Hair 150ml"},"content":{"rendered":"<p>System Professional Repair Perfect Hair \u00e4r ett leave-in-balsam som ger stabilitet och styrka till skadat och sk\u00f6rt h\u00e5r. Detta st\u00e4rkande skum skyddar h\u00e5ret mot v\u00e4rme och mekaniska skador, \u00e5terst\u00e4ller motst\u00e5ndskraften och elasticiteten, samt f\u00f6rb\u00e4ttrar h\u00e5rets volym och struktur. <\/p>\n<p>System Professionals Repair-serien \u00e4r utformad f\u00f6r att \u00e5teruppbygga och st\u00e4rka skadat och sk\u00f6rt h\u00e5r. Den unika formulan inneh\u00e5ller avancerade FibraBuild-molekyler som reparerar, v\u00e5rdar och \u00e5teruppbygger skadade omr\u00e5den och skyddar h\u00e5ret mot ytterligare p\u00e5frestningar. <\/p>\n<p>150ml<\/p>\n","protected":false},"excerpt":{"rendered":"<p>System Professional Repair Perfect Hair \u00e4r ett leave-in-balsam som ger stabilitet och styrka till skadat och sk\u00f6rt h\u00e5r. Detta st\u00e4rkande skum skyddar h\u00e5ret mot v\u00e4rme och mekaniska skador, \u00e5terst\u00e4ller motst\u00e5ndskraften och elasticiteten, samt f\u00f6rb\u00e4ttrar h\u00e5rets volym och struktur. System Professionals Repair-serien \u00e4r utformad f\u00f6r att \u00e5teruppbygga och st\u00e4rka skadat och sk\u00f6rt h\u00e5r. Den unika formulan [&hellip;]<\/p>\n","protected":false},"featured_media":61660,"comment_status":"open","ping_status":"closed","template":"","meta":{"_trash_the_other_posts":false},"product_brand":[],"product_cat":[595],"product_tag":[],"berocket_brand":[1995],"class_list":{"0":"post-61679","1":"product","2":"type-product","3":"status-publish","4":"has-post-thumbnail","6":"product_cat-harmousse","7":"pa_brand-system-professional","8":"berocket_brand-system-professional","10":"first","11":"instock","12":"sale","13":"taxable","14":"shipping-taxable","15":"purchasable","16":"product-type-simple"},"_links":{"self":[{"href":"https:\/\/stylingagenten.com\/sv\/wp-json\/wp\/v2\/product\/61679","targetHints":{"allow":["GET"]}}],"collection":[{"href":"https:\/\/stylingagenten.com\/sv\/wp-json\/wp\/v2\/product"}],"about":[{"href":"https:\/\/stylingagenten.com\/sv\/wp-json\/wp\/v2\/types\/product"}],"replies":[{"embeddable":true,"href":"https:\/\/stylingagenten.com\/sv\/wp-json\/wp\/v2\/comments?post=61679"}],"version-history":[{"count":0,"href":"https:\/\/stylingagenten.com\/sv\/wp-json\/wp\/v2\/product\/61679\/revisions"}],"wp:featuredmedia":[{"embeddable":true,"href":"https:\/\/stylingagenten.com\/sv\/wp-json\/wp\/v2\/media\/61660"}],"wp:attachment":[{"href":"https:\/\/stylingagenten.com\/sv\/wp-json\/wp\/v2\/media?parent=61679"}],"wp:term":[{"taxonomy":"product_brand","embeddable":true,"href":"https:\/\/stylingagenten.com\/sv\/wp-json\/wp\/v2\/product_brand?post=61679"},{"taxonomy":"product_cat","embeddable":true,"href":"https:\/\/stylingagenten.com\/sv\/wp-json\/wp\/v2\/product_cat?post=61679"},{"taxonomy":"product_tag","embeddable":true,"href":"https:\/\/stylingagenten.com\/sv\/wp-json\/wp\/v2\/product_tag?post=61679"},{"taxonomy":"berocket_brand","embeddable":true,"href":"https:\/\/stylingagenten.com\/sv\/wp-json\/wp\/v2\/berocket_brand?post=61679"}],"curies":[{"name":"wp","href":"https:\/\/api.w.org\/{rel}","templated":true}]}}