{"id":61676,"date":"2025-04-20T15:00:26","date_gmt":"2025-04-20T15:00:26","guid":{"rendered":"https:\/\/staging2.stylingagenten.com\/sv\/produkt\/system-professional-volumize-aerolifter-200ml\/"},"modified":"2026-03-30T08:19:27","modified_gmt":"2026-03-30T08:19:27","slug":"system-professional-volumize-aerolifter-200ml","status":"publish","type":"product","link":"https:\/\/stylingagenten.com\/sv\/produkt\/system-professional-volumize-aerolifter-200ml\/","title":{"rendered":"System Professional Volumize Aerolifter 200ml"},"content":{"rendered":"<p>System Professional Volumize Aerolifter \u00e4r en l\u00e4tt balsammousse f\u00f6r daglig anv\u00e4ndning som ger volym och styrka till platt och livl\u00f6st h\u00e5r. Den viktl\u00f6sa formulan g\u00f6r h\u00e5ret fylligare, l\u00e4ttare att styla och reda ut. Perfekt f\u00f6r h\u00e5r som beh\u00f6ver extra volym och styrka. <\/p>\n<p>System Professional Volumize-serien \u00e4r utformad f\u00f6r att st\u00e4rka och lyfta fint och sk\u00f6rt h\u00e5r. Med Formastrength Complex \u00e5terst\u00e4ller serien fyllighet, hanterbarhet och styrka i \u00e4ven det finaste h\u00e5r. Lyxiga och l\u00e4tta formulas som g\u00f6r att dina favoritfrisyrer h\u00e5ller l\u00e4ngre.<\/p>\n<p>200ml<\/p>\n","protected":false},"excerpt":{"rendered":"<p>System Professional Volumize Aerolifter \u00e4r en l\u00e4tt balsammousse f\u00f6r daglig anv\u00e4ndning som ger volym och styrka till platt och livl\u00f6st h\u00e5r. Den viktl\u00f6sa formulan g\u00f6r h\u00e5ret fylligare, l\u00e4ttare att styla och reda ut. Perfekt f\u00f6r h\u00e5r som beh\u00f6ver extra volym och styrka. System Professional Volumize-serien \u00e4r utformad f\u00f6r att st\u00e4rka och lyfta fint och sk\u00f6rt [&hellip;]<\/p>\n","protected":false},"featured_media":61661,"comment_status":"open","ping_status":"closed","template":"","meta":{"_trash_the_other_posts":false},"product_brand":[],"product_cat":[595],"product_tag":[],"berocket_brand":[1995],"class_list":{"0":"post-61676","1":"product","2":"type-product","3":"status-publish","4":"has-post-thumbnail","6":"product_cat-harmousse","7":"pa_brand-system-professional","8":"berocket_brand-system-professional","10":"first","11":"outofstock","12":"sale","13":"taxable","14":"shipping-taxable","15":"purchasable","16":"product-type-simple"},"_links":{"self":[{"href":"https:\/\/stylingagenten.com\/sv\/wp-json\/wp\/v2\/product\/61676","targetHints":{"allow":["GET"]}}],"collection":[{"href":"https:\/\/stylingagenten.com\/sv\/wp-json\/wp\/v2\/product"}],"about":[{"href":"https:\/\/stylingagenten.com\/sv\/wp-json\/wp\/v2\/types\/product"}],"replies":[{"embeddable":true,"href":"https:\/\/stylingagenten.com\/sv\/wp-json\/wp\/v2\/comments?post=61676"}],"version-history":[{"count":0,"href":"https:\/\/stylingagenten.com\/sv\/wp-json\/wp\/v2\/product\/61676\/revisions"}],"wp:featuredmedia":[{"embeddable":true,"href":"https:\/\/stylingagenten.com\/sv\/wp-json\/wp\/v2\/media\/61661"}],"wp:attachment":[{"href":"https:\/\/stylingagenten.com\/sv\/wp-json\/wp\/v2\/media?parent=61676"}],"wp:term":[{"taxonomy":"product_brand","embeddable":true,"href":"https:\/\/stylingagenten.com\/sv\/wp-json\/wp\/v2\/product_brand?post=61676"},{"taxonomy":"product_cat","embeddable":true,"href":"https:\/\/stylingagenten.com\/sv\/wp-json\/wp\/v2\/product_cat?post=61676"},{"taxonomy":"product_tag","embeddable":true,"href":"https:\/\/stylingagenten.com\/sv\/wp-json\/wp\/v2\/product_tag?post=61676"},{"taxonomy":"berocket_brand","embeddable":true,"href":"https:\/\/stylingagenten.com\/sv\/wp-json\/wp\/v2\/berocket_brand?post=61676"}],"curies":[{"name":"wp","href":"https:\/\/api.w.org\/{rel}","templated":true}]}}