{"id":61640,"date":"2025-04-20T14:58:58","date_gmt":"2025-04-20T14:58:58","guid":{"rendered":"https:\/\/staging2.stylingagenten.com\/sv\/produkt\/system-professional-volumize-mask-200ml\/"},"modified":"2026-04-15T06:23:24","modified_gmt":"2026-04-15T06:23:24","slug":"system-professional-volumize-mask-200ml","status":"publish","type":"product","link":"https:\/\/stylingagenten.com\/sv\/produkt\/system-professional-volumize-mask-200ml\/","title":{"rendered":"System Professional Volumize Mask 200ml"},"content":{"rendered":"<p>System Professional Volumize Mask \u00e4r en intensiv behandling som st\u00e4rker h\u00e5ret och ger h\u00e5llbar volym. Den \u00e4r perfekt f\u00f6r fint, l\u00e4tt skadat eller kemiskt behandlat h\u00e5r eftersom den st\u00e4rker h\u00e5rstrukturen, skyddar mot avbrutna h\u00e5rstr\u00e5n och \u00f6kar fylligheten utan att tynga ner h\u00e5ret. <\/p>\n<\/p>\n<p>System Professional Volumize-serien \u00e4r utformad f\u00f6r att st\u00e4rka och lyfta fint och sk\u00f6rt h\u00e5r. Med Formastrength Complex \u00e5terst\u00e4ller serien fyllighet, hanterbarhet och styrka i \u00e4ven det finaste h\u00e5r. Lyxiga och l\u00e4tta formulas som g\u00f6r att dina favoritfrisyrer h\u00e5ller l\u00e4ngre.<\/p>\n<\/p>\n<p>200ml<\/p>\n","protected":false},"excerpt":{"rendered":"<p>System Professional Volumize Mask \u00e4r en intensiv behandling som st\u00e4rker h\u00e5ret och ger h\u00e5llbar volym. Den \u00e4r perfekt f\u00f6r fint, l\u00e4tt skadat eller kemiskt behandlat h\u00e5r eftersom den st\u00e4rker h\u00e5rstrukturen, skyddar mot avbrutna h\u00e5rstr\u00e5n och \u00f6kar fylligheten utan att tynga ner h\u00e5ret. System Professional Volumize-serien \u00e4r utformad f\u00f6r att st\u00e4rka och lyfta fint och sk\u00f6rt [&hellip;]<\/p>\n","protected":false},"featured_media":61629,"comment_status":"open","ping_status":"closed","template":"","meta":{"_trash_the_other_posts":false},"product_brand":[],"product_cat":[620],"product_tag":[],"berocket_brand":[1995],"class_list":{"0":"post-61640","1":"product","2":"type-product","3":"status-publish","4":"has-post-thumbnail","6":"product_cat-harinpackning","7":"pa_brand-system-professional","8":"berocket_brand-system-professional","10":"first","11":"instock","12":"sale","13":"taxable","14":"shipping-taxable","15":"purchasable","16":"product-type-simple"},"_links":{"self":[{"href":"https:\/\/stylingagenten.com\/sv\/wp-json\/wp\/v2\/product\/61640","targetHints":{"allow":["GET"]}}],"collection":[{"href":"https:\/\/stylingagenten.com\/sv\/wp-json\/wp\/v2\/product"}],"about":[{"href":"https:\/\/stylingagenten.com\/sv\/wp-json\/wp\/v2\/types\/product"}],"replies":[{"embeddable":true,"href":"https:\/\/stylingagenten.com\/sv\/wp-json\/wp\/v2\/comments?post=61640"}],"version-history":[{"count":1,"href":"https:\/\/stylingagenten.com\/sv\/wp-json\/wp\/v2\/product\/61640\/revisions"}],"predecessor-version":[{"id":4456793241,"href":"https:\/\/stylingagenten.com\/sv\/wp-json\/wp\/v2\/product\/61640\/revisions\/4456793241"}],"wp:featuredmedia":[{"embeddable":true,"href":"https:\/\/stylingagenten.com\/sv\/wp-json\/wp\/v2\/media\/61629"}],"wp:attachment":[{"href":"https:\/\/stylingagenten.com\/sv\/wp-json\/wp\/v2\/media?parent=61640"}],"wp:term":[{"taxonomy":"product_brand","embeddable":true,"href":"https:\/\/stylingagenten.com\/sv\/wp-json\/wp\/v2\/product_brand?post=61640"},{"taxonomy":"product_cat","embeddable":true,"href":"https:\/\/stylingagenten.com\/sv\/wp-json\/wp\/v2\/product_cat?post=61640"},{"taxonomy":"product_tag","embeddable":true,"href":"https:\/\/stylingagenten.com\/sv\/wp-json\/wp\/v2\/product_tag?post=61640"},{"taxonomy":"berocket_brand","embeddable":true,"href":"https:\/\/stylingagenten.com\/sv\/wp-json\/wp\/v2\/berocket_brand?post=61640"}],"curies":[{"name":"wp","href":"https:\/\/api.w.org\/{rel}","templated":true}]}}