{"id":61635,"date":"2025-04-20T14:58:56","date_gmt":"2025-04-20T14:58:56","guid":{"rendered":"https:\/\/staging2.stylingagenten.com\/sv\/produkt\/system-professional-hydrate-mask-200ml\/"},"modified":"2026-03-11T22:03:28","modified_gmt":"2026-03-11T22:03:28","slug":"system-professional-hydrate-mask-200ml","status":"publish","type":"product","link":"https:\/\/stylingagenten.com\/sv\/produkt\/system-professional-hydrate-mask-200ml\/","title":{"rendered":"System Professional Hydrate Mask 200ml"},"content":{"rendered":"<div>System Professional Hydrate Mask \u00e4r en \u00e5terfuktande behandling f\u00f6r torrt h\u00e5r. Fuktgivande och \u00e5terfuktande mask som g\u00f6r grovt och torrt h\u00e5r sl\u00e4tare, silkeslent och l\u00e4ttare att hantera.<\/p>\n<p>Hydrate Line \u00e4r utformad f\u00f6r att \u00e5terst\u00e4lla fuktbalansen i torrt h\u00e5r p\u00e5 djupet. Den h\u00e4r serien inneh\u00e5ller en l\u00e4tt formula som berikar h\u00e5ret och skyddar det mot uttorkning. Serien inneh\u00e5ller \u00e5terfuktande och n\u00e4rande ingredienser som glycerin, DL-panthenol, glukos och fruktos. Den \u00e5terfuktar h\u00e5ret inifr\u00e5n och skyddar mot yttre uttorkningsfaktorer.<\/p>\n<p>200ml<\/p><\/div>\n","protected":false},"excerpt":{"rendered":"<p>System Professional Hydrate Mask \u00e4r en \u00e5terfuktande behandling f\u00f6r torrt h\u00e5r. Fuktgivande och \u00e5terfuktande mask som g\u00f6r grovt och torrt h\u00e5r sl\u00e4tare, silkeslent och l\u00e4ttare att hantera. Hydrate Line \u00e4r utformad f\u00f6r att \u00e5terst\u00e4lla fuktbalansen i torrt h\u00e5r p\u00e5 djupet. Den h\u00e4r serien inneh\u00e5ller en l\u00e4tt formula som berikar h\u00e5ret och skyddar det mot uttorkning. [&hellip;]<\/p>\n","protected":false},"featured_media":61621,"comment_status":"open","ping_status":"closed","template":"","meta":{"_trash_the_other_posts":false},"product_brand":[],"product_cat":[620],"product_tag":[],"berocket_brand":[1995],"class_list":{"0":"post-61635","1":"product","2":"type-product","3":"status-publish","4":"has-post-thumbnail","6":"product_cat-harinpackning","7":"pa_brand-system-professional","8":"berocket_brand-system-professional","10":"first","11":"instock","12":"sale","13":"taxable","14":"shipping-taxable","15":"purchasable","16":"product-type-simple"},"_links":{"self":[{"href":"https:\/\/stylingagenten.com\/sv\/wp-json\/wp\/v2\/product\/61635","targetHints":{"allow":["GET"]}}],"collection":[{"href":"https:\/\/stylingagenten.com\/sv\/wp-json\/wp\/v2\/product"}],"about":[{"href":"https:\/\/stylingagenten.com\/sv\/wp-json\/wp\/v2\/types\/product"}],"replies":[{"embeddable":true,"href":"https:\/\/stylingagenten.com\/sv\/wp-json\/wp\/v2\/comments?post=61635"}],"version-history":[{"count":0,"href":"https:\/\/stylingagenten.com\/sv\/wp-json\/wp\/v2\/product\/61635\/revisions"}],"wp:featuredmedia":[{"embeddable":true,"href":"https:\/\/stylingagenten.com\/sv\/wp-json\/wp\/v2\/media\/61621"}],"wp:attachment":[{"href":"https:\/\/stylingagenten.com\/sv\/wp-json\/wp\/v2\/media?parent=61635"}],"wp:term":[{"taxonomy":"product_brand","embeddable":true,"href":"https:\/\/stylingagenten.com\/sv\/wp-json\/wp\/v2\/product_brand?post=61635"},{"taxonomy":"product_cat","embeddable":true,"href":"https:\/\/stylingagenten.com\/sv\/wp-json\/wp\/v2\/product_cat?post=61635"},{"taxonomy":"product_tag","embeddable":true,"href":"https:\/\/stylingagenten.com\/sv\/wp-json\/wp\/v2\/product_tag?post=61635"},{"taxonomy":"berocket_brand","embeddable":true,"href":"https:\/\/stylingagenten.com\/sv\/wp-json\/wp\/v2\/berocket_brand?post=61635"}],"curies":[{"name":"wp","href":"https:\/\/api.w.org\/{rel}","templated":true}]}}