{"id":61612,"date":"2025-04-20T14:58:50","date_gmt":"2025-04-20T14:58:50","guid":{"rendered":"https:\/\/staging2.stylingagenten.com\/sv\/produkt\/system-professional-color-save-mask-200ml\/"},"modified":"2026-03-13T14:40:37","modified_gmt":"2026-03-13T14:40:37","slug":"system-professional-color-save-mask-200ml","status":"publish","type":"product","link":"https:\/\/stylingagenten.com\/sv\/produkt\/system-professional-color-save-mask-200ml\/","title":{"rendered":"System Professional Color Save Mask 200ml"},"content":{"rendered":"<p>System Professional Color Save Mask \u00e4r en intensivbehandling f\u00f6r f\u00e4rgat h\u00e5r. \u00c5terfuktande och n\u00e4rande h\u00e5rinpackning som skyddar och bevarar f\u00e4rg, hanterbarhet och glans samt motverkar f\u00e4rgf\u00f6r\u00e4ndringar och blekning. Color Save Mask passar alla typer av f\u00e4rgning och skyddar mot UV-str\u00e5lning.<\/p>\n<p>Color Save-serien \u00e4r utformad f\u00f6r att reparera och framh\u00e4va f\u00e4rgat h\u00e5r och ge det h\u00e5llbar glans samtidigt som den bevarar en h\u00e4lsosam och str\u00e5lande glans. <\/p>\n<p>200ml<\/p>\n","protected":false},"excerpt":{"rendered":"<p>System Professional Color Save Mask \u00e4r en intensivbehandling f\u00f6r f\u00e4rgat h\u00e5r. \u00c5terfuktande och n\u00e4rande h\u00e5rinpackning som skyddar och bevarar f\u00e4rg, hanterbarhet och glans samt motverkar f\u00e4rgf\u00f6r\u00e4ndringar och blekning. Color Save Mask passar alla typer av f\u00e4rgning och skyddar mot UV-str\u00e5lning. Color Save-serien \u00e4r utformad f\u00f6r att reparera och framh\u00e4va f\u00e4rgat h\u00e5r och ge det h\u00e5llbar [&hellip;]<\/p>\n","protected":false},"featured_media":61602,"comment_status":"open","ping_status":"closed","template":"","meta":{"_trash_the_other_posts":false},"product_brand":[],"product_cat":[620],"product_tag":[],"berocket_brand":[1995],"class_list":{"0":"post-61612","1":"product","2":"type-product","3":"status-publish","4":"has-post-thumbnail","6":"product_cat-harinpackning","7":"pa_brand-system-professional","8":"berocket_brand-system-professional","10":"first","11":"instock","12":"sale","13":"taxable","14":"shipping-taxable","15":"purchasable","16":"product-type-simple"},"_links":{"self":[{"href":"https:\/\/stylingagenten.com\/sv\/wp-json\/wp\/v2\/product\/61612","targetHints":{"allow":["GET"]}}],"collection":[{"href":"https:\/\/stylingagenten.com\/sv\/wp-json\/wp\/v2\/product"}],"about":[{"href":"https:\/\/stylingagenten.com\/sv\/wp-json\/wp\/v2\/types\/product"}],"replies":[{"embeddable":true,"href":"https:\/\/stylingagenten.com\/sv\/wp-json\/wp\/v2\/comments?post=61612"}],"version-history":[{"count":0,"href":"https:\/\/stylingagenten.com\/sv\/wp-json\/wp\/v2\/product\/61612\/revisions"}],"wp:featuredmedia":[{"embeddable":true,"href":"https:\/\/stylingagenten.com\/sv\/wp-json\/wp\/v2\/media\/61602"}],"wp:attachment":[{"href":"https:\/\/stylingagenten.com\/sv\/wp-json\/wp\/v2\/media?parent=61612"}],"wp:term":[{"taxonomy":"product_brand","embeddable":true,"href":"https:\/\/stylingagenten.com\/sv\/wp-json\/wp\/v2\/product_brand?post=61612"},{"taxonomy":"product_cat","embeddable":true,"href":"https:\/\/stylingagenten.com\/sv\/wp-json\/wp\/v2\/product_cat?post=61612"},{"taxonomy":"product_tag","embeddable":true,"href":"https:\/\/stylingagenten.com\/sv\/wp-json\/wp\/v2\/product_tag?post=61612"},{"taxonomy":"berocket_brand","embeddable":true,"href":"https:\/\/stylingagenten.com\/sv\/wp-json\/wp\/v2\/berocket_brand?post=61612"}],"curies":[{"name":"wp","href":"https:\/\/api.w.org\/{rel}","templated":true}]}}