{"id":61595,"date":"2025-04-20T14:58:46","date_gmt":"2025-04-20T14:58:46","guid":{"rendered":"https:\/\/staging2.stylingagenten.com\/sv\/produkt\/system-professional-repair-mask-200ml\/"},"modified":"2026-03-13T14:41:03","modified_gmt":"2026-03-13T14:41:03","slug":"system-professional-repair-mask-200ml","status":"publish","type":"product","link":"https:\/\/stylingagenten.com\/sv\/produkt\/system-professional-repair-mask-200ml\/","title":{"rendered":"System Professional Repair Mask 200ml"},"content":{"rendered":"<p>System Professional Repair Mask \u00e4r en \u00e5terfuktande h\u00e5rinpackning f\u00f6r skadat, sk\u00f6rt, kemiskt behandlat och k\u00e4nsligt h\u00e5r. Denna v\u00e5rdande h\u00e5rbehandling minskar avbrutna h\u00e5rstr\u00e5n, f\u00f6rebygger mekaniska skador och g\u00f6r h\u00e5ret mjukt och l\u00e4tthanterligt. <\/p>\n<p>System Professionals Repair-serien \u00e4r utformad f\u00f6r att \u00e5teruppbygga och st\u00e4rka skadat och sk\u00f6rt h\u00e5r. Den unika formulan inneh\u00e5ller avancerade FibraBuild-molekyler som reparerar, v\u00e5rdar och \u00e5teruppbygger skadade omr\u00e5den och skyddar h\u00e5ret mot ytterligare p\u00e5frestningar. <\/p>\n<p>200ml<\/p>\n","protected":false},"excerpt":{"rendered":"<p>System Professional Repair Mask \u00e4r en \u00e5terfuktande h\u00e5rinpackning f\u00f6r skadat, sk\u00f6rt, kemiskt behandlat och k\u00e4nsligt h\u00e5r. Denna v\u00e5rdande h\u00e5rbehandling minskar avbrutna h\u00e5rstr\u00e5n, f\u00f6rebygger mekaniska skador och g\u00f6r h\u00e5ret mjukt och l\u00e4tthanterligt. System Professionals Repair-serien \u00e4r utformad f\u00f6r att \u00e5teruppbygga och st\u00e4rka skadat och sk\u00f6rt h\u00e5r. Den unika formulan inneh\u00e5ller avancerade FibraBuild-molekyler som reparerar, v\u00e5rdar och [&hellip;]<\/p>\n","protected":false},"featured_media":61576,"comment_status":"open","ping_status":"closed","template":"","meta":{"_trash_the_other_posts":false},"product_brand":[],"product_cat":[620],"product_tag":[],"berocket_brand":[1995],"class_list":{"0":"post-61595","1":"product","2":"type-product","3":"status-publish","4":"has-post-thumbnail","6":"product_cat-harinpackning","7":"pa_brand-system-professional","8":"berocket_brand-system-professional","10":"first","11":"instock","12":"sale","13":"taxable","14":"shipping-taxable","15":"purchasable","16":"product-type-simple"},"_links":{"self":[{"href":"https:\/\/stylingagenten.com\/sv\/wp-json\/wp\/v2\/product\/61595","targetHints":{"allow":["GET"]}}],"collection":[{"href":"https:\/\/stylingagenten.com\/sv\/wp-json\/wp\/v2\/product"}],"about":[{"href":"https:\/\/stylingagenten.com\/sv\/wp-json\/wp\/v2\/types\/product"}],"replies":[{"embeddable":true,"href":"https:\/\/stylingagenten.com\/sv\/wp-json\/wp\/v2\/comments?post=61595"}],"version-history":[{"count":0,"href":"https:\/\/stylingagenten.com\/sv\/wp-json\/wp\/v2\/product\/61595\/revisions"}],"wp:featuredmedia":[{"embeddable":true,"href":"https:\/\/stylingagenten.com\/sv\/wp-json\/wp\/v2\/media\/61576"}],"wp:attachment":[{"href":"https:\/\/stylingagenten.com\/sv\/wp-json\/wp\/v2\/media?parent=61595"}],"wp:term":[{"taxonomy":"product_brand","embeddable":true,"href":"https:\/\/stylingagenten.com\/sv\/wp-json\/wp\/v2\/product_brand?post=61595"},{"taxonomy":"product_cat","embeddable":true,"href":"https:\/\/stylingagenten.com\/sv\/wp-json\/wp\/v2\/product_cat?post=61595"},{"taxonomy":"product_tag","embeddable":true,"href":"https:\/\/stylingagenten.com\/sv\/wp-json\/wp\/v2\/product_tag?post=61595"},{"taxonomy":"berocket_brand","embeddable":true,"href":"https:\/\/stylingagenten.com\/sv\/wp-json\/wp\/v2\/berocket_brand?post=61595"}],"curies":[{"name":"wp","href":"https:\/\/api.w.org\/{rel}","templated":true}]}}