{"id":61579,"date":"2025-04-20T14:58:43","date_gmt":"2025-04-20T14:58:43","guid":{"rendered":"https:\/\/staging2.stylingagenten.com\/sv\/produkt\/wella-professionals-invigo-volume-boost-crystal-mask-145ml\/"},"modified":"2026-03-11T21:50:45","modified_gmt":"2026-03-11T21:50:45","slug":"wella-professionals-invigo-volume-boost-crystal-mask-145ml","status":"publish","type":"product","link":"https:\/\/stylingagenten.com\/sv\/produkt\/wella-professionals-invigo-volume-boost-crystal-mask-145ml\/","title":{"rendered":"Wella Professionals Invigo Volume Boost Crystal Mask 145ml"},"content":{"rendered":"<p>Wella Professionals Invigo Volume Boost Crystal Mask \u00e4r en genomskinlig maskbehandling som ger fyllighet, volym och hanterbarhet. Denna genomskinliga utsk\u00f6ljningsbehandling f\u00f6r extra l\u00e4tt v\u00e5rd g\u00f6r h\u00e5ret mjukt och lent, utan att tynga ner det som en vanlig inpackning g\u00f6r. Crystal Mask \u00e4r berikad med Volume Boost-Blend\u2122 och inneh\u00e5ller volymgivande polymerer och l\u00e4tta ingredienser som g\u00f6r h\u00e5ret silkeslent, sl\u00e4tt och l\u00e4tthanterligt. Din rutin f\u00f6r att ge volym \u00e5t fint h\u00e5r.<\/p>\n<p>145ml<\/p>\n","protected":false},"excerpt":{"rendered":"<p>Wella Professionals Invigo Volume Boost Crystal Mask \u00e4r en genomskinlig maskbehandling som ger fyllighet, volym och hanterbarhet. Denna genomskinliga utsk\u00f6ljningsbehandling f\u00f6r extra l\u00e4tt v\u00e5rd g\u00f6r h\u00e5ret mjukt och lent, utan att tynga ner det som en vanlig inpackning g\u00f6r. Crystal Mask \u00e4r berikad med Volume Boost-Blend\u2122 och inneh\u00e5ller volymgivande polymerer och l\u00e4tta ingredienser som g\u00f6r [&hellip;]<\/p>\n","protected":false},"featured_media":61571,"comment_status":"open","ping_status":"closed","template":"","meta":{"_trash_the_other_posts":false},"product_brand":[],"product_cat":[620],"product_tag":[],"berocket_brand":[1030],"class_list":{"0":"post-61579","1":"product","2":"type-product","3":"status-publish","4":"has-post-thumbnail","6":"product_cat-harinpackning","7":"pa_brand-wella","8":"berocket_brand-wella","10":"first","11":"instock","12":"sale","13":"taxable","14":"shipping-taxable","15":"purchasable","16":"product-type-simple"},"_links":{"self":[{"href":"https:\/\/stylingagenten.com\/sv\/wp-json\/wp\/v2\/product\/61579","targetHints":{"allow":["GET"]}}],"collection":[{"href":"https:\/\/stylingagenten.com\/sv\/wp-json\/wp\/v2\/product"}],"about":[{"href":"https:\/\/stylingagenten.com\/sv\/wp-json\/wp\/v2\/types\/product"}],"replies":[{"embeddable":true,"href":"https:\/\/stylingagenten.com\/sv\/wp-json\/wp\/v2\/comments?post=61579"}],"version-history":[{"count":0,"href":"https:\/\/stylingagenten.com\/sv\/wp-json\/wp\/v2\/product\/61579\/revisions"}],"wp:featuredmedia":[{"embeddable":true,"href":"https:\/\/stylingagenten.com\/sv\/wp-json\/wp\/v2\/media\/61571"}],"wp:attachment":[{"href":"https:\/\/stylingagenten.com\/sv\/wp-json\/wp\/v2\/media?parent=61579"}],"wp:term":[{"taxonomy":"product_brand","embeddable":true,"href":"https:\/\/stylingagenten.com\/sv\/wp-json\/wp\/v2\/product_brand?post=61579"},{"taxonomy":"product_cat","embeddable":true,"href":"https:\/\/stylingagenten.com\/sv\/wp-json\/wp\/v2\/product_cat?post=61579"},{"taxonomy":"product_tag","embeddable":true,"href":"https:\/\/stylingagenten.com\/sv\/wp-json\/wp\/v2\/product_tag?post=61579"},{"taxonomy":"berocket_brand","embeddable":true,"href":"https:\/\/stylingagenten.com\/sv\/wp-json\/wp\/v2\/berocket_brand?post=61579"}],"curies":[{"name":"wp","href":"https:\/\/api.w.org\/{rel}","templated":true}]}}