{"id":61563,"date":"2025-04-20T14:58:39","date_gmt":"2025-04-20T14:58:39","guid":{"rendered":"https:\/\/staging2.stylingagenten.com\/sv\/produkt\/wella-professionals-ultimate-repair-mask-150ml\/"},"modified":"2026-03-31T12:58:35","modified_gmt":"2026-03-31T12:58:35","slug":"wella-professionals-ultimate-repair-mask-150ml","status":"publish","type":"product","link":"https:\/\/stylingagenten.com\/sv\/produkt\/wella-professionals-ultimate-repair-mask-150ml\/","title":{"rendered":"Wella Professionals Ultimate Repair Mask 150ml"},"content":{"rendered":"<p>Wella Professionals Ultimate Repair Mask \u00e4r en intensivt lugnande och reparerande h\u00e5rinpackning med alfahydroxisyra (AHA) och omega 9 som synligt reparerar och st\u00e4rker skadat h\u00e5r. Denna l\u00e4tta inpackning reparerar och riktar in sig p\u00e5 skadat h\u00e5r som orsakats av v\u00e4rmeverktyg, UV-str\u00e5lning, blekning, h\u00e5rband och l\u00f6sh\u00e5r. Dessutom minskar behandlingen frissighet, reder ut h\u00e5ret och g\u00f6r det upp till 6 g\u00e5nger enklare att kamma*, vilket g\u00f6r h\u00e5ret starkare, sl\u00e4tare och friskare.<\/p>\n<p>Denna reparerande och \u00e5terfuktande behandling inneh\u00e5ller alfahydroxisyra (AHA) och omega 9 som \u00e5teruppbygger bindningarna inuti h\u00e5ret, och fyller p\u00e5 den yttre barri\u00e4ren i v\u00e4rme- och blekningsskadat h\u00e5r. Med AHA som vanligtvis \u00e4r k\u00e4nt inom hudv\u00e5rd anv\u00e4nds AHA i Ultimate Repair f\u00f6r att st\u00e4rka, v\u00e5rda och f\u00f6rhindra avbrutna h\u00e5rstr\u00e5n i friskt och kemiskt behandlat h\u00e5r genom att \u00e5teruppbygga v\u00e4tebindningarna och tr\u00e4nga in i h\u00e5rfibern p\u00e5 djupet.<\/p>\n<p>Ultimate Repair Mask reng\u00f6r, detoxar och \u00e5terfuktar alla h\u00e5rtyper och texturer, oavsett om det \u00e4r tunnt, fett, fint, tjockt, rakt, v\u00e5gigt, lockigt, f\u00e4rgat, slingat, kinkigt, asiatiskt eller afro, vilket g\u00f6r det l\u00e4mpligt f\u00f6r alla.<\/p>\n<p>Wella Professionals Ultimate Repair System \u00e4r en hudv\u00e5rdsinspirerad serie som erbjuder en prestigefylld h\u00e5rv\u00e5rdsrutin som full\u00e4ndar ditt h\u00e5r p\u00e5 bara 90 sekunder*. Serien \u00e4r framtagen f\u00f6r dig som vill ha den h\u00f6gsta niv\u00e5n av reparation och en naturlig, h\u00e4lsosam k\u00e4nsla i h\u00e5ret. Den ger n\u00e4ring, styrka och fukt, samt g\u00f6r h\u00e5ret mjukt, fr\u00e4scht och rent. Dermatologiskt testad och vegansk.<\/p>\n<p>*Vid anv\u00e4ndning av Ultimate Repair Steg 3.<\/p>\n<p>150ml<\/p>\n","protected":false},"excerpt":{"rendered":"<p>Wella Professionals Ultimate Repair Mask \u00e4r en intensivt lugnande och reparerande h\u00e5rinpackning med alfahydroxisyra (AHA) och omega 9 som synligt reparerar och st\u00e4rker skadat h\u00e5r. Denna l\u00e4tta inpackning reparerar och riktar in sig p\u00e5 skadat h\u00e5r som orsakats av v\u00e4rmeverktyg, UV-str\u00e5lning, blekning, h\u00e5rband och l\u00f6sh\u00e5r. Dessutom minskar behandlingen frissighet, reder ut h\u00e5ret och g\u00f6r det [&hellip;]<\/p>\n","protected":false},"featured_media":61546,"comment_status":"open","ping_status":"closed","template":"","meta":{"_trash_the_other_posts":false},"product_brand":[],"product_cat":[620],"product_tag":[4237],"berocket_brand":[1030],"class_list":{"0":"post-61563","1":"product","2":"type-product","3":"status-publish","4":"has-post-thumbnail","6":"product_cat-harinpackning","7":"product_tag-wella-professionals-ultimate-repair-mask","8":"pa_brand-wella","9":"pa_variant-150ml","10":"berocket_brand-wella","12":"first","13":"instock","14":"sale","15":"taxable","16":"shipping-taxable","17":"purchasable","18":"product-type-simple"},"_links":{"self":[{"href":"https:\/\/stylingagenten.com\/sv\/wp-json\/wp\/v2\/product\/61563","targetHints":{"allow":["GET"]}}],"collection":[{"href":"https:\/\/stylingagenten.com\/sv\/wp-json\/wp\/v2\/product"}],"about":[{"href":"https:\/\/stylingagenten.com\/sv\/wp-json\/wp\/v2\/types\/product"}],"replies":[{"embeddable":true,"href":"https:\/\/stylingagenten.com\/sv\/wp-json\/wp\/v2\/comments?post=61563"}],"version-history":[{"count":0,"href":"https:\/\/stylingagenten.com\/sv\/wp-json\/wp\/v2\/product\/61563\/revisions"}],"wp:featuredmedia":[{"embeddable":true,"href":"https:\/\/stylingagenten.com\/sv\/wp-json\/wp\/v2\/media\/61546"}],"wp:attachment":[{"href":"https:\/\/stylingagenten.com\/sv\/wp-json\/wp\/v2\/media?parent=61563"}],"wp:term":[{"taxonomy":"product_brand","embeddable":true,"href":"https:\/\/stylingagenten.com\/sv\/wp-json\/wp\/v2\/product_brand?post=61563"},{"taxonomy":"product_cat","embeddable":true,"href":"https:\/\/stylingagenten.com\/sv\/wp-json\/wp\/v2\/product_cat?post=61563"},{"taxonomy":"product_tag","embeddable":true,"href":"https:\/\/stylingagenten.com\/sv\/wp-json\/wp\/v2\/product_tag?post=61563"},{"taxonomy":"berocket_brand","embeddable":true,"href":"https:\/\/stylingagenten.com\/sv\/wp-json\/wp\/v2\/berocket_brand?post=61563"}],"curies":[{"name":"wp","href":"https:\/\/api.w.org\/{rel}","templated":true}]}}