{"id":61538,"date":"2025-04-20T14:58:33","date_gmt":"2025-04-20T14:58:33","guid":{"rendered":"https:\/\/staging2.stylingagenten.com\/sv\/produkt\/wella-professionals-fusion-intense-repair-mask-150ml\/"},"modified":"2026-03-13T14:43:10","modified_gmt":"2026-03-13T14:43:10","slug":"wella-professionals-fusion-intense-repair-mask-150ml","status":"publish","type":"product","link":"https:\/\/stylingagenten.com\/sv\/produkt\/wella-professionals-fusion-intense-repair-mask-150ml\/","title":{"rendered":"Wella Professionals Fusion Intense Repair Mask 150ml"},"content":{"rendered":"<p>Wella Professionals Fusion Intense Repair Mask \u00e4r en h\u00e5rinpackning som motverkar avbrutna h\u00e5rstr\u00e5n och \u00e4r s\u00e4rskilt utformad f\u00f6r att behandla skadat h\u00e5r. Denna h\u00e5rinpackning \u00e4r framtagen f\u00f6r att behandla skadat h\u00e5r och ger ett viktigt skydd mot framtida mekaniska skador och avbrutna h\u00e5rstr\u00e5n vid kamning. Wella Intense Repair Fusion Hair Mask \u00e4r berikad med silkesaminosyror och kraftfulla v\u00e5rdande ingredienser som v\u00e5rdar h\u00e5ret p\u00e5 djupet och g\u00f6r det mer motst\u00e5ndskraftigt. Din rutin f\u00f6r att omedelbart reparera skadat h\u00e5r.<\/p>\n<p>150ml<\/p>\n","protected":false},"excerpt":{"rendered":"<p>Wella Professionals Fusion Intense Repair Mask \u00e4r en h\u00e5rinpackning som motverkar avbrutna h\u00e5rstr\u00e5n och \u00e4r s\u00e4rskilt utformad f\u00f6r att behandla skadat h\u00e5r. Denna h\u00e5rinpackning \u00e4r framtagen f\u00f6r att behandla skadat h\u00e5r och ger ett viktigt skydd mot framtida mekaniska skador och avbrutna h\u00e5rstr\u00e5n vid kamning. Wella Intense Repair Fusion Hair Mask \u00e4r berikad med silkesaminosyror [&hellip;]<\/p>\n","protected":false},"featured_media":61518,"comment_status":"open","ping_status":"closed","template":"","meta":{"_trash_the_other_posts":false},"product_brand":[],"product_cat":[620],"product_tag":[],"berocket_brand":[1030],"class_list":{"0":"post-61538","1":"product","2":"type-product","3":"status-publish","4":"has-post-thumbnail","6":"product_cat-harinpackning","7":"pa_brand-wella","8":"berocket_brand-wella","10":"first","11":"instock","12":"sale","13":"taxable","14":"shipping-taxable","15":"purchasable","16":"product-type-simple"},"_links":{"self":[{"href":"https:\/\/stylingagenten.com\/sv\/wp-json\/wp\/v2\/product\/61538","targetHints":{"allow":["GET"]}}],"collection":[{"href":"https:\/\/stylingagenten.com\/sv\/wp-json\/wp\/v2\/product"}],"about":[{"href":"https:\/\/stylingagenten.com\/sv\/wp-json\/wp\/v2\/types\/product"}],"replies":[{"embeddable":true,"href":"https:\/\/stylingagenten.com\/sv\/wp-json\/wp\/v2\/comments?post=61538"}],"version-history":[{"count":0,"href":"https:\/\/stylingagenten.com\/sv\/wp-json\/wp\/v2\/product\/61538\/revisions"}],"wp:featuredmedia":[{"embeddable":true,"href":"https:\/\/stylingagenten.com\/sv\/wp-json\/wp\/v2\/media\/61518"}],"wp:attachment":[{"href":"https:\/\/stylingagenten.com\/sv\/wp-json\/wp\/v2\/media?parent=61538"}],"wp:term":[{"taxonomy":"product_brand","embeddable":true,"href":"https:\/\/stylingagenten.com\/sv\/wp-json\/wp\/v2\/product_brand?post=61538"},{"taxonomy":"product_cat","embeddable":true,"href":"https:\/\/stylingagenten.com\/sv\/wp-json\/wp\/v2\/product_cat?post=61538"},{"taxonomy":"product_tag","embeddable":true,"href":"https:\/\/stylingagenten.com\/sv\/wp-json\/wp\/v2\/product_tag?post=61538"},{"taxonomy":"berocket_brand","embeddable":true,"href":"https:\/\/stylingagenten.com\/sv\/wp-json\/wp\/v2\/berocket_brand?post=61538"}],"curies":[{"name":"wp","href":"https:\/\/api.w.org\/{rel}","templated":true}]}}