{"id":61350,"date":"2025-04-20T14:42:33","date_gmt":"2025-04-20T14:42:33","guid":{"rendered":"https:\/\/staging2.stylingagenten.com\/sv\/produkt\/babor-hy-ol-phyto-hy-ol-booster-reactivating-set\/"},"modified":"2026-03-24T12:17:50","modified_gmt":"2026-03-24T12:17:50","slug":"babor-hy-ol-phyto-hy-ol-booster-reactivating-set","status":"publish","type":"product","link":"https:\/\/stylingagenten.com\/sv\/produkt\/babor-hy-ol-phyto-hy-ol-booster-reactivating-set\/","title":{"rendered":"BABOR HY-\u00d6L &amp; Phyto HY-\u00d6L Booster Reactivating Set"},"content":{"rendered":"<p>BABOR HY-\u00d6L &amp; Phyto HY-\u00d6L Booster Reactivating Set \u2013 en duoask med HY-\u00d6L\u00ae &amp; Phyto Booster Reactivating!<\/p>\n<p>BABORs unika 2-fas reng\u00f6ring framtagen med patent sedan 1955. Dr Michael BABOR var f\u00f6rst med att uppt\u00e4cka kombinationen av olja och vatten som ger den mest ideala djupreng\u00f6rande effekten p\u00e5 huden. Hydrofila, vatten\u00e4lskande v\u00e4xtoljor som tillsammans med Phyto HY-\u00d6L\u00ae Booster binder och avl\u00e4gsnar vatten- och fettl\u00f6sliga substanser p\u00e5 huden. Effektiv djupreng\u00f6ring som bevarar hudens naturligt skyddande barri\u00e4r. Huden blir perfekt rengjord, k\u00e4nns inte fet, inte stram utan balanserad och framf\u00f6r allt ren. Passar alla hudtyper\/hudtillst\u00e5nd.<\/p>\n<p>Phyto HY-\u00d6L\u00ae Booster kompletterar reng\u00f6ringen med HY-\u00d6L\u00ae. Reactivating, f\u00f6r kr\u00e4vande och mogen hud, inneh\u00e5ller utvalda extrakt av vitt te, ginseng och ginkgo biloba som revitaliserar huden redan vid reng\u00f6ring. Samtidigt som hudens naturligt skyddande barri\u00e4r bevaras och bibeh\u00e5ller ett balanserat mikrobiom. Proteinextrakt fr\u00e5n moringafr\u00f6n skyddar huden mot negativ milj\u00f6relaterad stress och extrakt av havre hj\u00e4lper huden bibeh\u00e5ll sin fukt.<\/p>\n<p>Setet inneh\u00e5ller:<br \/>BABOR HY-\u00d6L Cleanser 200ml<br \/>BABOR Phyto HY-\u00d6L Booster Reactivating 100ml<\/p>\n","protected":false},"excerpt":{"rendered":"<p>BABOR HY-\u00d6L &amp; Phyto HY-\u00d6L Booster Reactivating Set \u2013 en duoask med HY-\u00d6L\u00ae &amp; Phyto Booster Reactivating! BABORs unika 2-fas reng\u00f6ring framtagen med patent sedan 1955. Dr Michael BABOR var f\u00f6rst med att uppt\u00e4cka kombinationen av olja och vatten som ger den mest ideala djupreng\u00f6rande effekten p\u00e5 huden. Hydrofila, vatten\u00e4lskande v\u00e4xtoljor som tillsammans med Phyto [&hellip;]<\/p>\n","protected":false},"featured_media":61348,"comment_status":"open","ping_status":"closed","template":"","meta":{"_trash_the_other_posts":false},"product_brand":[],"product_cat":[666,735,999,1000],"product_tag":[],"berocket_brand":[1987],"class_list":{"0":"post-61350","1":"product","2":"type-product","3":"status-publish","4":"has-post-thumbnail","6":"product_cat-giftset-hudvard","7":"product_cat-kampanj","8":"product_cat-kampanj-for-henne","9":"product_cat-kampanj-for-honom","10":"pa_brand-babor","11":"berocket_brand-babor","13":"first","14":"instock","15":"sale","16":"taxable","17":"shipping-taxable","18":"purchasable","19":"product-type-simple"},"_links":{"self":[{"href":"https:\/\/stylingagenten.com\/sv\/wp-json\/wp\/v2\/product\/61350","targetHints":{"allow":["GET"]}}],"collection":[{"href":"https:\/\/stylingagenten.com\/sv\/wp-json\/wp\/v2\/product"}],"about":[{"href":"https:\/\/stylingagenten.com\/sv\/wp-json\/wp\/v2\/types\/product"}],"replies":[{"embeddable":true,"href":"https:\/\/stylingagenten.com\/sv\/wp-json\/wp\/v2\/comments?post=61350"}],"version-history":[{"count":0,"href":"https:\/\/stylingagenten.com\/sv\/wp-json\/wp\/v2\/product\/61350\/revisions"}],"wp:featuredmedia":[{"embeddable":true,"href":"https:\/\/stylingagenten.com\/sv\/wp-json\/wp\/v2\/media\/61348"}],"wp:attachment":[{"href":"https:\/\/stylingagenten.com\/sv\/wp-json\/wp\/v2\/media?parent=61350"}],"wp:term":[{"taxonomy":"product_brand","embeddable":true,"href":"https:\/\/stylingagenten.com\/sv\/wp-json\/wp\/v2\/product_brand?post=61350"},{"taxonomy":"product_cat","embeddable":true,"href":"https:\/\/stylingagenten.com\/sv\/wp-json\/wp\/v2\/product_cat?post=61350"},{"taxonomy":"product_tag","embeddable":true,"href":"https:\/\/stylingagenten.com\/sv\/wp-json\/wp\/v2\/product_tag?post=61350"},{"taxonomy":"berocket_brand","embeddable":true,"href":"https:\/\/stylingagenten.com\/sv\/wp-json\/wp\/v2\/berocket_brand?post=61350"}],"curies":[{"name":"wp","href":"https:\/\/api.w.org\/{rel}","templated":true}]}}