{"id":61345,"date":"2025-04-20T14:42:21","date_gmt":"2025-04-20T14:42:21","guid":{"rendered":"https:\/\/staging2.stylingagenten.com\/sv\/produkt\/paul-mitchell-tea-tree-firm-hold-gel-150ml\/"},"modified":"2026-03-11T21:50:25","modified_gmt":"2026-03-11T21:50:25","slug":"paul-mitchell-tea-tree-firm-hold-gel-150ml","status":"publish","type":"product","link":"https:\/\/stylingagenten.com\/sv\/produkt\/paul-mitchell-tea-tree-firm-hold-gel-150ml\/","title":{"rendered":"Paul Mitchell Tea Tree Firm Hold Gel 150ml"},"content":{"rendered":"<div>Skapa en stil som h\u00e5ller l\u00e4nge med Paul Mitchell Tea Tree Firm Hold Gel med fast stadga och utan flagor. Den hj\u00e4lper till att ge fyllighet och volym med en h\u00e4lsosam glans. Gelen g\u00f6r att din frisyr h\u00e5ller sig p\u00e5 plats, medan en frisk touch av sval mint, tea tree och citrus fr\u00e4schar upp och \u00e5terupplivar. Extra f\u00f6rdel: Den m\u00e5ngsidiga formulan kan appliceras i b\u00e5de v\u00e5tt och torrt h\u00e5r.<\/p>\n<p>150ml<\/p><\/div>\n","protected":false},"excerpt":{"rendered":"<p>Skapa en stil som h\u00e5ller l\u00e4nge med Paul Mitchell Tea Tree Firm Hold Gel med fast stadga och utan flagor. Den hj\u00e4lper till att ge fyllighet och volym med en h\u00e4lsosam glans. Gelen g\u00f6r att din frisyr h\u00e5ller sig p\u00e5 plats, medan en frisk touch av sval mint, tea tree och citrus fr\u00e4schar upp och [&hellip;]<\/p>\n","protected":false},"featured_media":4456780779,"comment_status":"open","ping_status":"closed","template":"","meta":{"_trash_the_other_posts":false},"product_brand":[],"product_cat":[701],"product_tag":[3927],"berocket_brand":[1053],"class_list":{"0":"post-61345","1":"product","2":"type-product","3":"status-publish","4":"has-post-thumbnail","6":"product_cat-hargel","7":"product_tag-paul-mitchell-tea-tree-firm-hold-gel","8":"pa_brand-paul-mitchell","9":"pa_variant-150ml","10":"berocket_brand-paul-mitchell","12":"first","13":"instock","14":"sale","15":"taxable","16":"shipping-taxable","17":"purchasable","18":"product-type-simple"},"_links":{"self":[{"href":"https:\/\/stylingagenten.com\/sv\/wp-json\/wp\/v2\/product\/61345","targetHints":{"allow":["GET"]}}],"collection":[{"href":"https:\/\/stylingagenten.com\/sv\/wp-json\/wp\/v2\/product"}],"about":[{"href":"https:\/\/stylingagenten.com\/sv\/wp-json\/wp\/v2\/types\/product"}],"replies":[{"embeddable":true,"href":"https:\/\/stylingagenten.com\/sv\/wp-json\/wp\/v2\/comments?post=61345"}],"version-history":[{"count":0,"href":"https:\/\/stylingagenten.com\/sv\/wp-json\/wp\/v2\/product\/61345\/revisions"}],"wp:featuredmedia":[{"embeddable":true,"href":"https:\/\/stylingagenten.com\/sv\/wp-json\/wp\/v2\/media\/4456780779"}],"wp:attachment":[{"href":"https:\/\/stylingagenten.com\/sv\/wp-json\/wp\/v2\/media?parent=61345"}],"wp:term":[{"taxonomy":"product_brand","embeddable":true,"href":"https:\/\/stylingagenten.com\/sv\/wp-json\/wp\/v2\/product_brand?post=61345"},{"taxonomy":"product_cat","embeddable":true,"href":"https:\/\/stylingagenten.com\/sv\/wp-json\/wp\/v2\/product_cat?post=61345"},{"taxonomy":"product_tag","embeddable":true,"href":"https:\/\/stylingagenten.com\/sv\/wp-json\/wp\/v2\/product_tag?post=61345"},{"taxonomy":"berocket_brand","embeddable":true,"href":"https:\/\/stylingagenten.com\/sv\/wp-json\/wp\/v2\/berocket_brand?post=61345"}],"curies":[{"name":"wp","href":"https:\/\/api.w.org\/{rel}","templated":true}]}}