{"id":61327,"date":"2025-04-20T14:42:15","date_gmt":"2025-04-20T14:42:15","guid":{"rendered":"https:\/\/staging2.stylingagenten.com\/sv\/produkt\/eco-style-olive-oil-styling-gel-236ml\/"},"modified":"2026-04-08T15:31:45","modified_gmt":"2026-04-08T15:31:45","slug":"eco-style-olive-oil-styling-gel-236ml","status":"publish","type":"product","link":"https:\/\/stylingagenten.com\/sv\/produkt\/eco-style-olive-oil-styling-gel-236ml\/","title":{"rendered":"Eco Style Olive Oil Styling Gel 236ml"},"content":{"rendered":"<p>Eco Style Olive Oil Styling Gel \u00e4r en stapelvara i linjen av h\u00e5rgel\u00e9produkter som l\u00e4mnar ditt h\u00e5r \u00e5terfuktat och friskt med \u00f6verl\u00e4gsen stadga. Tillverkad med naturlig olivolja f\u00f6r att l\u00e4gga till glans och l\u00e5sa in fukt fr\u00e5n rot till \u00e4nde, Olive Oil gel \u00e4r viktl\u00f6s i konsistensen, vilket ger maximal flexibilitet f\u00f6r att uppn\u00e5 din \u00f6nskade stil. Eco Style Olive Oil Styling Gel \u00e4r alkoholfri. <\/p>\n<p>De flesta h\u00e5rgel\u00e9er h\u00e5ller stilarna p\u00e5 plats, men inneh\u00e5ller alkohol som kan torka ut h\u00e5ret. N\u00e4r den appliceras p\u00e5 h\u00e5r som redan \u00e4r torrt eller skadat p\u00e5 grund av kemisk bearbetning, kan h\u00e5rgel\u00e9er oavsiktligt g\u00f6ra h\u00e5ret \u00e4nnu oh\u00e4lsosammare. Eco Style stylinggel ger ett niv\u00e5 10-grepp f\u00f6r att s\u00e4kra vilken stil som helst utan att kompromissa med h\u00e5rets h\u00e4lsa. Den n\u00e4rande formulan \u00e4r rik p\u00e5 djupt mjukg\u00f6rande olivolja som hj\u00e4lper till att v\u00e5rda torrt h\u00e5r n\u00e4r det l\u00e5ser utseendet p\u00e5 plats, vilket ger en lysande glans. Olivolja hj\u00e4lper ocks\u00e5 din h\u00e5rbotten att reglera dess fuktniv\u00e5, vilket skyddar mot torrhet vid alltid anv\u00e4ndning. Den l\u00e4tta gelen har en l\u00e4tt k\u00e4nsla som aldrig \u00e4r stel eller klibbig och som inte flagar. Applicera i torrt eller bl\u00f6tt h\u00e5r. Arbeta \u00f6nskad m\u00e4ngd genom h\u00e5r och stil.<\/p>\n<p>236ml<\/p>\n","protected":false},"excerpt":{"rendered":"<p>Eco Style Olive Oil Styling Gel \u00e4r en stapelvara i linjen av h\u00e5rgel\u00e9produkter som l\u00e4mnar ditt h\u00e5r \u00e5terfuktat och friskt med \u00f6verl\u00e4gsen stadga. Tillverkad med naturlig olivolja f\u00f6r att l\u00e4gga till glans och l\u00e5sa in fukt fr\u00e5n rot till \u00e4nde, Olive Oil gel \u00e4r viktl\u00f6s i konsistensen, vilket ger maximal flexibilitet f\u00f6r att uppn\u00e5 din [&hellip;]<\/p>\n","protected":false},"featured_media":61325,"comment_status":"open","ping_status":"closed","template":"","meta":{"_trash_the_other_posts":false},"product_brand":[],"product_cat":[701],"product_tag":[2884],"berocket_brand":[1992],"class_list":{"0":"post-61327","1":"product","2":"type-product","3":"status-publish","4":"has-post-thumbnail","6":"product_cat-hargel","7":"product_tag-eco-style-olive-oil-styling-gel","8":"pa_brand-eco-style","9":"pa_variant-236ml","10":"berocket_brand-eco-style","12":"first","13":"instock","14":"sale","15":"taxable","16":"shipping-taxable","17":"purchasable","18":"product-type-simple"},"_links":{"self":[{"href":"https:\/\/stylingagenten.com\/sv\/wp-json\/wp\/v2\/product\/61327","targetHints":{"allow":["GET"]}}],"collection":[{"href":"https:\/\/stylingagenten.com\/sv\/wp-json\/wp\/v2\/product"}],"about":[{"href":"https:\/\/stylingagenten.com\/sv\/wp-json\/wp\/v2\/types\/product"}],"replies":[{"embeddable":true,"href":"https:\/\/stylingagenten.com\/sv\/wp-json\/wp\/v2\/comments?post=61327"}],"version-history":[{"count":0,"href":"https:\/\/stylingagenten.com\/sv\/wp-json\/wp\/v2\/product\/61327\/revisions"}],"wp:featuredmedia":[{"embeddable":true,"href":"https:\/\/stylingagenten.com\/sv\/wp-json\/wp\/v2\/media\/61325"}],"wp:attachment":[{"href":"https:\/\/stylingagenten.com\/sv\/wp-json\/wp\/v2\/media?parent=61327"}],"wp:term":[{"taxonomy":"product_brand","embeddable":true,"href":"https:\/\/stylingagenten.com\/sv\/wp-json\/wp\/v2\/product_brand?post=61327"},{"taxonomy":"product_cat","embeddable":true,"href":"https:\/\/stylingagenten.com\/sv\/wp-json\/wp\/v2\/product_cat?post=61327"},{"taxonomy":"product_tag","embeddable":true,"href":"https:\/\/stylingagenten.com\/sv\/wp-json\/wp\/v2\/product_tag?post=61327"},{"taxonomy":"berocket_brand","embeddable":true,"href":"https:\/\/stylingagenten.com\/sv\/wp-json\/wp\/v2\/berocket_brand?post=61327"}],"curies":[{"name":"wp","href":"https:\/\/api.w.org\/{rel}","templated":true}]}}