{"id":61316,"date":"2025-04-20T14:42:12","date_gmt":"2025-04-20T14:42:12","guid":{"rendered":"https:\/\/staging2.stylingagenten.com\/sv\/produkt\/american-crew-light-hold-styling-gel-390ml\/"},"modified":"2026-04-08T15:31:22","modified_gmt":"2026-04-08T15:31:22","slug":"american-crew-light-hold-styling-gel-390ml","status":"publish","type":"product","link":"https:\/\/stylingagenten.com\/sv\/produkt\/american-crew-light-hold-styling-gel-390ml\/","title":{"rendered":"American Crew Light Hold Styling Gel 390ml"},"content":{"rendered":"<p>American Crew Light Hold Styling Gel bygger tjocklek och glans samtidigt som den ger l\u00e4tt kontroll. Denna alkoholfria formula kommer inte ge torr h\u00e5rbotten och inneh\u00e5ller v\u00e4rmebarri\u00e4rer som skyddar h\u00e5ret fr\u00e5n milj\u00f6belastning och v\u00e4rmebehandling. Denna gel \u00e5terfuktar din h\u00e5rbotten med ginseng- och salviaextrakt. <\/p>\n<p>Anv\u00e4ndning<br \/>Applicera i handdukstorrt h\u00e5r. Kamma igenom och l\u00e5t sj\u00e4lvtorka<\/p>\n<p>390ml<\/p>\n","protected":false},"excerpt":{"rendered":"<p>American Crew Light Hold Styling Gel bygger tjocklek och glans samtidigt som den ger l\u00e4tt kontroll. Denna alkoholfria formula kommer inte ge torr h\u00e5rbotten och inneh\u00e5ller v\u00e4rmebarri\u00e4rer som skyddar h\u00e5ret fr\u00e5n milj\u00f6belastning och v\u00e4rmebehandling. Denna gel \u00e5terfuktar din h\u00e5rbotten med ginseng- och salviaextrakt. Anv\u00e4ndningApplicera i handdukstorrt h\u00e5r. Kamma igenom och l\u00e5t sj\u00e4lvtorka 390ml<\/p>\n","protected":false},"featured_media":61315,"comment_status":"open","ping_status":"closed","template":"","meta":{"_trash_the_other_posts":false},"product_brand":[],"product_cat":[701],"product_tag":[],"berocket_brand":[1071],"class_list":{"0":"post-61316","1":"product","2":"type-product","3":"status-publish","4":"has-post-thumbnail","6":"product_cat-hargel","7":"pa_brand-american-crew","8":"berocket_brand-american-crew","10":"first","11":"instock","12":"sale","13":"taxable","14":"shipping-taxable","15":"purchasable","16":"product-type-simple"},"_links":{"self":[{"href":"https:\/\/stylingagenten.com\/sv\/wp-json\/wp\/v2\/product\/61316","targetHints":{"allow":["GET"]}}],"collection":[{"href":"https:\/\/stylingagenten.com\/sv\/wp-json\/wp\/v2\/product"}],"about":[{"href":"https:\/\/stylingagenten.com\/sv\/wp-json\/wp\/v2\/types\/product"}],"replies":[{"embeddable":true,"href":"https:\/\/stylingagenten.com\/sv\/wp-json\/wp\/v2\/comments?post=61316"}],"version-history":[{"count":0,"href":"https:\/\/stylingagenten.com\/sv\/wp-json\/wp\/v2\/product\/61316\/revisions"}],"wp:featuredmedia":[{"embeddable":true,"href":"https:\/\/stylingagenten.com\/sv\/wp-json\/wp\/v2\/media\/61315"}],"wp:attachment":[{"href":"https:\/\/stylingagenten.com\/sv\/wp-json\/wp\/v2\/media?parent=61316"}],"wp:term":[{"taxonomy":"product_brand","embeddable":true,"href":"https:\/\/stylingagenten.com\/sv\/wp-json\/wp\/v2\/product_brand?post=61316"},{"taxonomy":"product_cat","embeddable":true,"href":"https:\/\/stylingagenten.com\/sv\/wp-json\/wp\/v2\/product_cat?post=61316"},{"taxonomy":"product_tag","embeddable":true,"href":"https:\/\/stylingagenten.com\/sv\/wp-json\/wp\/v2\/product_tag?post=61316"},{"taxonomy":"berocket_brand","embeddable":true,"href":"https:\/\/stylingagenten.com\/sv\/wp-json\/wp\/v2\/berocket_brand?post=61316"}],"curies":[{"name":"wp","href":"https:\/\/api.w.org\/{rel}","templated":true}]}}