{"id":61312,"date":"2025-04-20T14:42:11","date_gmt":"2025-04-20T14:42:11","guid":{"rendered":"https:\/\/staging2.stylingagenten.com\/sv\/produkt\/eco-style-coconut-styling-gel-236ml\/"},"modified":"2026-04-08T15:31:40","modified_gmt":"2026-04-08T15:31:40","slug":"eco-style-coconut-styling-gel-236ml","status":"publish","type":"product","link":"https:\/\/stylingagenten.com\/sv\/produkt\/eco-style-coconut-styling-gel-236ml\/","title":{"rendered":"Eco Style Coconut Styling Gel 236ml"},"content":{"rendered":"<div>Eco Style Coconut Styling Gel hj\u00e4lper till att \u00e5terfukta, v\u00e5rda och reparera skadat h\u00e5r. V\u00e5r h\u00e5rgel\u00e9 \u00e4r gjord med 100 procent ren kokosolja f\u00f6r att fr\u00e4mja en h\u00e4lsosam h\u00e5rbotten samtidigt som den tillf\u00f6r fukt, lyster och glans till h\u00e5ret. Denna huvudingrediens hj\u00e4lper till att skydda h\u00e5ret fr\u00e5n fria radikaler och proteinf\u00f6rlust. F\u00f6rhindrar brott och kluvna toppar samtidigt som den fr\u00e4mjar en h\u00e4lsosam h\u00e5rbotten.<\/p>\n<p>Denna gel ger \u00f6verl\u00e4gsen stadga och glans samtidigt som den tillf\u00f6r fukt till h\u00e5rbotten. Max Hold f\u00f6r alla h\u00e5rtyper. Ger l\u00e5ngvarig glans och viktl\u00f6st grepp. ECO STYLE Svart ricin- och linfr\u00f6olja \u00e4r bra f\u00f6r att \u00e5terfukta ditt h\u00e5r och \u00e4r en unisexprodukt. Eco Style Coconut Oil Styling Gel \u00e4r alkoholfri. De flesta h\u00e5rgel\u00e9er h\u00e5ller h\u00e5ret p\u00e5 plats, men inneh\u00e5ller alkohol som kan torka ut h\u00e5ret. N\u00e4r den appliceras p\u00e5 h\u00e5r som redan \u00e4r torrt eller skadat p\u00e5 grund av kemisk bearbetning, kan h\u00e5rgel\u00e9er oavsiktligt g\u00f6ra h\u00e5ret \u00e4nnu oh\u00e4lsosammare. Eco Style stylinggel ger det grepp du vill f\u00f6r att s\u00e4kra vilken stil som helst utan att kompromissa med h\u00e5rets h\u00e4lsa. Gelen har en l\u00e4tt k\u00e4nsla som aldrig \u00e4r stel eller klibbig och inte flagnar. Applicera i torrt eller bl\u00f6tt h\u00e5r. Arbeta \u00f6nskad m\u00e4ngd genom h\u00e5r och stil. Applicera i torrt eller bl\u00f6tt h\u00e5r. Arbeta \u00f6nskad m\u00e4ngd genom h\u00e5r och stil.<\/p>\n<p>236ml<\/p><\/div>\n","protected":false},"excerpt":{"rendered":"<p>Eco Style Coconut Styling Gel hj\u00e4lper till att \u00e5terfukta, v\u00e5rda och reparera skadat h\u00e5r. V\u00e5r h\u00e5rgel\u00e9 \u00e4r gjord med 100 procent ren kokosolja f\u00f6r att fr\u00e4mja en h\u00e4lsosam h\u00e5rbotten samtidigt som den tillf\u00f6r fukt, lyster och glans till h\u00e5ret. Denna huvudingrediens hj\u00e4lper till att skydda h\u00e5ret fr\u00e5n fria radikaler och proteinf\u00f6rlust. F\u00f6rhindrar brott och kluvna [&hellip;]<\/p>\n","protected":false},"featured_media":61309,"comment_status":"open","ping_status":"closed","template":"","meta":{"_trash_the_other_posts":false},"product_brand":[],"product_cat":[701],"product_tag":[2880],"berocket_brand":[1992],"class_list":{"0":"post-61312","1":"product","2":"type-product","3":"status-publish","4":"has-post-thumbnail","6":"product_cat-hargel","7":"product_tag-eco-style-coconut-styling-gel","8":"pa_brand-eco-style","9":"pa_variant-236ml","10":"berocket_brand-eco-style","12":"first","13":"instock","14":"sale","15":"taxable","16":"shipping-taxable","17":"purchasable","18":"product-type-simple"},"_links":{"self":[{"href":"https:\/\/stylingagenten.com\/sv\/wp-json\/wp\/v2\/product\/61312","targetHints":{"allow":["GET"]}}],"collection":[{"href":"https:\/\/stylingagenten.com\/sv\/wp-json\/wp\/v2\/product"}],"about":[{"href":"https:\/\/stylingagenten.com\/sv\/wp-json\/wp\/v2\/types\/product"}],"replies":[{"embeddable":true,"href":"https:\/\/stylingagenten.com\/sv\/wp-json\/wp\/v2\/comments?post=61312"}],"version-history":[{"count":0,"href":"https:\/\/stylingagenten.com\/sv\/wp-json\/wp\/v2\/product\/61312\/revisions"}],"wp:featuredmedia":[{"embeddable":true,"href":"https:\/\/stylingagenten.com\/sv\/wp-json\/wp\/v2\/media\/61309"}],"wp:attachment":[{"href":"https:\/\/stylingagenten.com\/sv\/wp-json\/wp\/v2\/media?parent=61312"}],"wp:term":[{"taxonomy":"product_brand","embeddable":true,"href":"https:\/\/stylingagenten.com\/sv\/wp-json\/wp\/v2\/product_brand?post=61312"},{"taxonomy":"product_cat","embeddable":true,"href":"https:\/\/stylingagenten.com\/sv\/wp-json\/wp\/v2\/product_cat?post=61312"},{"taxonomy":"product_tag","embeddable":true,"href":"https:\/\/stylingagenten.com\/sv\/wp-json\/wp\/v2\/product_tag?post=61312"},{"taxonomy":"berocket_brand","embeddable":true,"href":"https:\/\/stylingagenten.com\/sv\/wp-json\/wp\/v2\/berocket_brand?post=61312"}],"curies":[{"name":"wp","href":"https:\/\/api.w.org\/{rel}","templated":true}]}}