{"id":61305,"date":"2025-04-20T14:42:09","date_gmt":"2025-04-20T14:42:09","guid":{"rendered":"https:\/\/staging2.stylingagenten.com\/sv\/produkt\/eco-style-rosemary-mint-oil-styling-gel-473ml\/"},"modified":"2026-04-08T15:31:44","modified_gmt":"2026-04-08T15:31:44","slug":"eco-style-rosemary-mint-oil-styling-gel-473ml","status":"publish","type":"product","link":"https:\/\/stylingagenten.com\/sv\/produkt\/eco-style-rosemary-mint-oil-styling-gel-473ml\/","title":{"rendered":"Eco Style Rosemary Mint Oil Styling Gel 473ml"},"content":{"rendered":"<p>Eco Style Rosemary Mint Oil Styling Gel \u00e4r packad med naturliga mjukg\u00f6rande medel, inklusive oljesyra, som penetrerar h\u00e5rstr\u00e5et f\u00f6r att l\u00e4gga till mjukhet och glans samtidigt som de fr\u00e4mjar en frisk h\u00e5rbotten. Eco Style Rosemary Mint Oil Gel stimulerar h\u00e5rs\u00e4ckarna och fr\u00e4mjar\/f\u00f6rb\u00e4ttrar blodcirkulationen i h\u00e5rbotten. Eco Style Rosemary Mint Styling Gel \u00e4r alkoholfri. <\/p>\n<p>De flesta h\u00e5rgel\u00e9er h\u00e5ller stilarna p\u00e5 plats, men inneh\u00e5ller alkohol som kan torka ut h\u00e5ret. N\u00e4r den appliceras p\u00e5 h\u00e5r som redan \u00e4r torrt eller skadat p\u00e5 grund av kemisk bearbetning, kan h\u00e5rgel\u00e9er oavsiktligt g\u00f6ra h\u00e5ret \u00e4nnu oh\u00e4lsosammare. Eco Style stylinggel ger det grepp du vill f\u00f6r att s\u00e4kra vilken stil som helst utan att kompromissa med h\u00e5rets h\u00e4lsa. Gelen har en l\u00e4tt k\u00e4nsla som aldrig \u00e4r stel eller klibbig och inte flagnar. Denna vackert doftande stylinggel inneh\u00e5ller rosmarinolja, som stimulerar och st\u00e4rker h\u00e5rs\u00e4ckarna, f\u00f6rb\u00e4ttrar blodcirkulationen f\u00f6r att uppmuntra tillv\u00e4xt, minskar p\u00e5verkan av milj\u00f6faktorer och inneh\u00e5ller antiinflammatoriska och antimikrobiella egenskaper. Pepparmyntsolja f\u00f6rb\u00e4ttrar blodcirkulationen f\u00f6r att uppmuntra tillv\u00e4xt och hj\u00e4lper din h\u00e5rbotten att k\u00e4nnas f\u00f6ryngrad och fr\u00e4sch. Den l\u00e4tta gelen har en l\u00e4tt k\u00e4nsla som aldrig \u00e4r stel eller klibbig och som inte flagar. Applicera i torrt eller bl\u00f6tt h\u00e5r. Arbeta \u00f6nskad m\u00e4ngd genom h\u00e5r och stil.<\/p>\n<p>473ml<\/p>\n","protected":false},"excerpt":{"rendered":"<p>Eco Style Rosemary Mint Oil Styling Gel \u00e4r packad med naturliga mjukg\u00f6rande medel, inklusive oljesyra, som penetrerar h\u00e5rstr\u00e5et f\u00f6r att l\u00e4gga till mjukhet och glans samtidigt som de fr\u00e4mjar en frisk h\u00e5rbotten. Eco Style Rosemary Mint Oil Gel stimulerar h\u00e5rs\u00e4ckarna och fr\u00e4mjar\/f\u00f6rb\u00e4ttrar blodcirkulationen i h\u00e5rbotten. Eco Style Rosemary Mint Styling Gel \u00e4r alkoholfri. De flesta [&hellip;]<\/p>\n","protected":false},"featured_media":61304,"comment_status":"open","ping_status":"closed","template":"","meta":{"_trash_the_other_posts":false},"product_brand":[],"product_cat":[701],"product_tag":[2885],"berocket_brand":[1992],"class_list":{"0":"post-61305","1":"product","2":"type-product","3":"status-publish","4":"has-post-thumbnail","6":"product_cat-hargel","7":"product_tag-eco-style-rosemary-mint-oil-styling-gel","8":"pa_brand-eco-style","9":"pa_variant-473ml","10":"berocket_brand-eco-style","12":"first","13":"instock","14":"sale","15":"taxable","16":"shipping-taxable","17":"purchasable","18":"product-type-simple"},"_links":{"self":[{"href":"https:\/\/stylingagenten.com\/sv\/wp-json\/wp\/v2\/product\/61305","targetHints":{"allow":["GET"]}}],"collection":[{"href":"https:\/\/stylingagenten.com\/sv\/wp-json\/wp\/v2\/product"}],"about":[{"href":"https:\/\/stylingagenten.com\/sv\/wp-json\/wp\/v2\/types\/product"}],"replies":[{"embeddable":true,"href":"https:\/\/stylingagenten.com\/sv\/wp-json\/wp\/v2\/comments?post=61305"}],"version-history":[{"count":0,"href":"https:\/\/stylingagenten.com\/sv\/wp-json\/wp\/v2\/product\/61305\/revisions"}],"wp:featuredmedia":[{"embeddable":true,"href":"https:\/\/stylingagenten.com\/sv\/wp-json\/wp\/v2\/media\/61304"}],"wp:attachment":[{"href":"https:\/\/stylingagenten.com\/sv\/wp-json\/wp\/v2\/media?parent=61305"}],"wp:term":[{"taxonomy":"product_brand","embeddable":true,"href":"https:\/\/stylingagenten.com\/sv\/wp-json\/wp\/v2\/product_brand?post=61305"},{"taxonomy":"product_cat","embeddable":true,"href":"https:\/\/stylingagenten.com\/sv\/wp-json\/wp\/v2\/product_cat?post=61305"},{"taxonomy":"product_tag","embeddable":true,"href":"https:\/\/stylingagenten.com\/sv\/wp-json\/wp\/v2\/product_tag?post=61305"},{"taxonomy":"berocket_brand","embeddable":true,"href":"https:\/\/stylingagenten.com\/sv\/wp-json\/wp\/v2\/berocket_brand?post=61305"}],"curies":[{"name":"wp","href":"https:\/\/api.w.org\/{rel}","templated":true}]}}