{"id":61178,"date":"2025-04-20T14:34:40","date_gmt":"2025-04-20T14:34:40","guid":{"rendered":"https:\/\/staging2.stylingagenten.com\/sv\/produkt\/bareminerals-barepro-16-hour-skin-perfecting-powder-foundation-fair-10-cool\/"},"modified":"2026-01-23T11:32:03","modified_gmt":"2026-01-23T11:32:03","slug":"bareminerals-barepro-16-hour-skin-perfecting-powder-foundation-fair-10-cool","status":"publish","type":"product","link":"https:\/\/stylingagenten.com\/sv\/produkt\/bareminerals-barepro-16-hour-skin-perfecting-powder-foundation-fair-10-cool\/","title":{"rendered":"BareMinerals BarePro 24-Hour Skin-Perfecting Powder Foundation Fair 10 Cool"},"content":{"rendered":"<div>BareMinerals BarePro 24-Hour Skin-Perfecting Powder Foundation \u00e4r en svett-, fukt- och \u00f6verf\u00f6ringsresistent foundation med naturlig matt finish och 16 timmars full t\u00e4ckning som l\u00e5ter huden andas och synligt f\u00f6rb\u00e4ttrar hudens utseende \u00f6ver tid.<\/p>\n<p>VAD DEN G\u00d6R:<br \/>-Ger 24 timmars full t\u00e4ckning.<br \/>-J\u00e4mnar synligt ut hudtonen och texturen \u00f6ver tid.<br \/>-Absorberar olja och kontrollerar glans i 24 timmar.<\/p>\n<p>Bevisat resultat:<br \/>-Hudtonen ser j\u00e4mnare ut p\u00e5 bara 2 veckor*.<br \/>-Hudstrukturen \u00e4r synligt sl\u00e4tare p\u00e5 bara 4 veckor*<br \/>-Ger 24 timmars kontroll av olja och glans.<br \/>-94% s\u00e4ger att den omedelbart minskar f\u00f6rekomsten av olja^.<br \/>-91% s\u00e4ger att den k\u00e4nns bekv\u00e4m hela dagen^.<br \/>-90% s\u00e4ger att den j\u00e4mnar ut hudtonen^.<\/p>\n<p>D\u00c4RF\u00d6R KOMMER DU ATT \u00c4LSKA DEN:<br \/>-Talkfri puderfoundation som synligt f\u00f6rb\u00e4ttrar huden \u00f6ver tid.<br \/>-16 timmars l\u00e5ng h\u00e5llbarhet.<br \/>-Icke-uttorkande formula.<br \/>-Inkluderar en appliceringssvamp, perfekt f\u00f6r anv\u00e4ndning n\u00e4r du \u00e4r p\u00e5 spr\u00e5ng.<br \/>-Kan appliceras v\u00e5t eller torr.<br \/>-Resistent mot svett och h\u00f6g luftfuktighet.<br \/>-\u00d6verf\u00f6ringsresistent<br \/>-Testad av dermatologer<br \/>-Allergiv\u00e4nlig, Icke komedogen, Icke-aknegenisk.<br \/>-Vegansk<br \/>-Talkfri + formulerad utan parabener, formaldehyd, syntetisk doft, gluten m.m.<\/p>\n<p>*Baserat p\u00e5 en 4-veckors klinisk studie med 47 personer.<br \/>^Baserat p\u00e5 en konsumentstudie med 105 personer.<\/p>\n<p>F\u00e4rg: Fair 10 Cool<\/p><\/div>\n","protected":false},"excerpt":{"rendered":"<p>BareMinerals BarePro 24-Hour Skin-Perfecting Powder Foundation \u00e4r en svett-, fukt- och \u00f6verf\u00f6ringsresistent foundation med naturlig matt finish och 16 timmars full t\u00e4ckning som l\u00e5ter huden andas och synligt f\u00f6rb\u00e4ttrar hudens utseende \u00f6ver tid. VAD DEN G\u00d6R:-Ger 24 timmars full t\u00e4ckning.-J\u00e4mnar synligt ut hudtonen och texturen \u00f6ver tid.-Absorberar olja och kontrollerar glans i 24 timmar. Bevisat [&hellip;]<\/p>\n","protected":false},"featured_media":61146,"comment_status":"open","ping_status":"closed","template":"","meta":{"_trash_the_other_posts":false},"product_brand":[],"product_cat":[718],"product_tag":[2473],"berocket_brand":[1256],"class_list":{"0":"post-61178","1":"product","2":"type-product","3":"status-publish","4":"has-post-thumbnail","6":"product_cat-puderfoundation","7":"product_tag-bareminerals-barepro-16-hour-skin-perfecting-powder-foundation","8":"pa_brand-bareminerals","9":"pa_variant-fair-10-cool","10":"berocket_brand-bareminerals","12":"first","13":"instock","14":"sale","15":"taxable","16":"shipping-taxable","17":"purchasable","18":"product-type-simple"},"_links":{"self":[{"href":"https:\/\/stylingagenten.com\/sv\/wp-json\/wp\/v2\/product\/61178","targetHints":{"allow":["GET"]}}],"collection":[{"href":"https:\/\/stylingagenten.com\/sv\/wp-json\/wp\/v2\/product"}],"about":[{"href":"https:\/\/stylingagenten.com\/sv\/wp-json\/wp\/v2\/types\/product"}],"replies":[{"embeddable":true,"href":"https:\/\/stylingagenten.com\/sv\/wp-json\/wp\/v2\/comments?post=61178"}],"version-history":[{"count":0,"href":"https:\/\/stylingagenten.com\/sv\/wp-json\/wp\/v2\/product\/61178\/revisions"}],"wp:featuredmedia":[{"embeddable":true,"href":"https:\/\/stylingagenten.com\/sv\/wp-json\/wp\/v2\/media\/61146"}],"wp:attachment":[{"href":"https:\/\/stylingagenten.com\/sv\/wp-json\/wp\/v2\/media?parent=61178"}],"wp:term":[{"taxonomy":"product_brand","embeddable":true,"href":"https:\/\/stylingagenten.com\/sv\/wp-json\/wp\/v2\/product_brand?post=61178"},{"taxonomy":"product_cat","embeddable":true,"href":"https:\/\/stylingagenten.com\/sv\/wp-json\/wp\/v2\/product_cat?post=61178"},{"taxonomy":"product_tag","embeddable":true,"href":"https:\/\/stylingagenten.com\/sv\/wp-json\/wp\/v2\/product_tag?post=61178"},{"taxonomy":"berocket_brand","embeddable":true,"href":"https:\/\/stylingagenten.com\/sv\/wp-json\/wp\/v2\/berocket_brand?post=61178"}],"curies":[{"name":"wp","href":"https:\/\/api.w.org\/{rel}","templated":true}]}}