{"id":61041,"date":"2025-04-20T14:14:45","date_gmt":"2025-04-20T14:14:45","guid":{"rendered":"https:\/\/staging2.stylingagenten.com\/sv\/produkt\/ida-warg-illuminating-glow-cream-beso-del-sol-85ml\/"},"modified":"2025-12-18T21:43:04","modified_gmt":"2025-12-18T21:43:04","slug":"ida-warg-illuminating-glow-cream-beso-del-sol-85ml","status":"publish","type":"product","link":"https:\/\/stylingagenten.com\/sv\/produkt\/ida-warg-illuminating-glow-cream-beso-del-sol-85ml\/","title":{"rendered":"Ida Warg Illuminating Glow Cream Beso Del Sol 85ml"},"content":{"rendered":"<p>Ida Warg Illuminating Glow Cream Beso Del Sol \u00e4r en mjukg\u00f6rande pigmenterad kr\u00e4m som ger dig en str\u00e5lande lyster och g\u00f6r din hud silkeslen. Berikad med vitamin E och oljor med \u00e5terfuktande och lugnande egenskaper. Bronzef\u00e4rg.<\/p>\n<p>85ml<\/p>\n","protected":false},"excerpt":{"rendered":"<p>Ida Warg Illuminating Glow Cream Beso Del Sol \u00e4r en mjukg\u00f6rande pigmenterad kr\u00e4m som ger dig en str\u00e5lande lyster och g\u00f6r din hud silkeslen. Berikad med vitamin E och oljor med \u00e5terfuktande och lugnande egenskaper. Bronzef\u00e4rg. 85ml<\/p>\n","protected":false},"featured_media":61037,"comment_status":"open","ping_status":"closed","template":"","meta":{"_trash_the_other_posts":false},"product_brand":[],"product_cat":[561],"product_tag":[],"berocket_brand":[1346],"class_list":{"0":"post-61041","1":"product","2":"type-product","3":"status-publish","4":"has-post-thumbnail","6":"product_cat-brun-utan-sol","7":"pa_brand-ida-warg","8":"berocket_brand-ida-warg","10":"first","11":"instock","12":"sale","13":"taxable","14":"shipping-taxable","15":"purchasable","16":"product-type-simple"},"_links":{"self":[{"href":"https:\/\/stylingagenten.com\/sv\/wp-json\/wp\/v2\/product\/61041","targetHints":{"allow":["GET"]}}],"collection":[{"href":"https:\/\/stylingagenten.com\/sv\/wp-json\/wp\/v2\/product"}],"about":[{"href":"https:\/\/stylingagenten.com\/sv\/wp-json\/wp\/v2\/types\/product"}],"replies":[{"embeddable":true,"href":"https:\/\/stylingagenten.com\/sv\/wp-json\/wp\/v2\/comments?post=61041"}],"version-history":[{"count":0,"href":"https:\/\/stylingagenten.com\/sv\/wp-json\/wp\/v2\/product\/61041\/revisions"}],"wp:featuredmedia":[{"embeddable":true,"href":"https:\/\/stylingagenten.com\/sv\/wp-json\/wp\/v2\/media\/61037"}],"wp:attachment":[{"href":"https:\/\/stylingagenten.com\/sv\/wp-json\/wp\/v2\/media?parent=61041"}],"wp:term":[{"taxonomy":"product_brand","embeddable":true,"href":"https:\/\/stylingagenten.com\/sv\/wp-json\/wp\/v2\/product_brand?post=61041"},{"taxonomy":"product_cat","embeddable":true,"href":"https:\/\/stylingagenten.com\/sv\/wp-json\/wp\/v2\/product_cat?post=61041"},{"taxonomy":"product_tag","embeddable":true,"href":"https:\/\/stylingagenten.com\/sv\/wp-json\/wp\/v2\/product_tag?post=61041"},{"taxonomy":"berocket_brand","embeddable":true,"href":"https:\/\/stylingagenten.com\/sv\/wp-json\/wp\/v2\/berocket_brand?post=61041"}],"curies":[{"name":"wp","href":"https:\/\/api.w.org\/{rel}","templated":true}]}}