{"id":61003,"date":"2025-04-20T14:13:33","date_gmt":"2025-04-20T14:13:33","guid":{"rendered":"https:\/\/staging2.stylingagenten.com\/sv\/produkt\/dkny-be-delicious-pool-party-bay-breeze-body-mist-250ml\/"},"modified":"2026-03-19T10:26:24","modified_gmt":"2026-03-19T10:26:24","slug":"dkny-be-delicious-pool-party-bay-breeze-body-mist-250ml","status":"publish","type":"product","link":"https:\/\/stylingagenten.com\/sv\/produkt\/dkny-be-delicious-pool-party-bay-breeze-body-mist-250ml\/","title":{"rendered":"DKNY Be Delicious Pool Party Bay Breeze Body Mist 250ml"},"content":{"rendered":"<p>Uppt\u00e4ck Be Delicous Pool Party Breeze Body Mist, en l\u00e4ttare tolkning av den \u00e4lskade doften. Skapa en sprakande atmosf\u00e4r med Bay Breeze, en livfull doft som tar dig med p\u00e5 en f\u00e4rgglad resa.<\/p>\n<p>Denna livliga och fr\u00e4scha doft \u00e4r inspirerad av den trendiga sommarcocktailen och f\u00e5ngar k\u00e4nslan av jet-set-livet med en uppfriskande blandning av bergamott och mandarin, kryddad med enb\u00e4r och s\u00f6t aprikos. I hj\u00e4rtat av doften finner du en frisk kombination av bergamott och mandarin, som v\u00e4cker minnen av solsken och citruslundar. Den livliga doften f\u00f6rst\u00e4rks sedan av sprudlande enb\u00e4r, som ger doften en oemotst\u00e5ndlig gnista som \u00e5terspeglar sp\u00e4nningen i en sommarkv\u00e4ll. F\u00f6r att ge doften en extra touch av f\u00f6rtjusning har vi adderat h\u00e4rliga aprikosnoter, vilket ger doften en fruktig twist som p\u00e5minner om de mest uts\u00f6kta sommarfavoriterna.<\/p>\n<p>250 ml<\/p>\n","protected":false},"excerpt":{"rendered":"<p>Uppt\u00e4ck Be Delicous Pool Party Breeze Body Mist, en l\u00e4ttare tolkning av den \u00e4lskade doften. Skapa en sprakande atmosf\u00e4r med Bay Breeze, en livfull doft som tar dig med p\u00e5 en f\u00e4rgglad resa. Denna livliga och fr\u00e4scha doft \u00e4r inspirerad av den trendiga sommarcocktailen och f\u00e5ngar k\u00e4nslan av jet-set-livet med en uppfriskande blandning av bergamott [&hellip;]<\/p>\n","protected":false},"featured_media":61002,"comment_status":"open","ping_status":"closed","template":"","meta":{"_trash_the_other_posts":false},"product_brand":[],"product_cat":[585,735,999],"product_tag":[],"berocket_brand":[1291],"class_list":{"0":"post-61003","1":"product","2":"type-product","3":"status-publish","4":"has-post-thumbnail","6":"product_cat-bodymist-dam","7":"product_cat-kampanj","8":"product_cat-kampanj-for-henne","9":"pa_brand-dkny","10":"berocket_brand-dkny","12":"first","13":"instock","14":"sale","15":"taxable","16":"shipping-taxable","17":"purchasable","18":"product-type-simple"},"_links":{"self":[{"href":"https:\/\/stylingagenten.com\/sv\/wp-json\/wp\/v2\/product\/61003","targetHints":{"allow":["GET"]}}],"collection":[{"href":"https:\/\/stylingagenten.com\/sv\/wp-json\/wp\/v2\/product"}],"about":[{"href":"https:\/\/stylingagenten.com\/sv\/wp-json\/wp\/v2\/types\/product"}],"replies":[{"embeddable":true,"href":"https:\/\/stylingagenten.com\/sv\/wp-json\/wp\/v2\/comments?post=61003"}],"version-history":[{"count":0,"href":"https:\/\/stylingagenten.com\/sv\/wp-json\/wp\/v2\/product\/61003\/revisions"}],"wp:featuredmedia":[{"embeddable":true,"href":"https:\/\/stylingagenten.com\/sv\/wp-json\/wp\/v2\/media\/61002"}],"wp:attachment":[{"href":"https:\/\/stylingagenten.com\/sv\/wp-json\/wp\/v2\/media?parent=61003"}],"wp:term":[{"taxonomy":"product_brand","embeddable":true,"href":"https:\/\/stylingagenten.com\/sv\/wp-json\/wp\/v2\/product_brand?post=61003"},{"taxonomy":"product_cat","embeddable":true,"href":"https:\/\/stylingagenten.com\/sv\/wp-json\/wp\/v2\/product_cat?post=61003"},{"taxonomy":"product_tag","embeddable":true,"href":"https:\/\/stylingagenten.com\/sv\/wp-json\/wp\/v2\/product_tag?post=61003"},{"taxonomy":"berocket_brand","embeddable":true,"href":"https:\/\/stylingagenten.com\/sv\/wp-json\/wp\/v2\/berocket_brand?post=61003"}],"curies":[{"name":"wp","href":"https:\/\/api.w.org\/{rel}","templated":true}]}}