{"id":60999,"date":"2025-04-20T14:13:32","date_gmt":"2025-04-20T14:13:32","guid":{"rendered":"https:\/\/staging2.stylingagenten.com\/sv\/produkt\/dkny-women-energizing-body-mist-250ml\/"},"modified":"2026-04-15T05:49:42","modified_gmt":"2026-04-15T05:49:42","slug":"dkny-women-energizing-body-mist-250ml","status":"publish","type":"product","link":"https:\/\/stylingagenten.com\/sv\/produkt\/dkny-women-energizing-body-mist-250ml\/","title":{"rendered":"DKNY Women Energizing Body Mist 250ml"},"content":{"rendered":"<p>F\u00e5nga energin fr\u00e5n New York med DKNY Women Fragrance Mist, en l\u00e4ttare tolkning av den ikoniska DKNY Women Eau de Parfum. Denna urbana, blommiga doft utstr\u00e5lar en lekfull fr\u00e4sch\u00f6r och ger samtidigt intensiv \u00e5terfuktning.<\/p>\n<p>Saftig apelsin, kyld vodka och mogen tomat v\u00e4cker sinnena, medan ett friskt, daggigt blomsterhj\u00e4rta tillf\u00f6r en elegant sensualitet. Basnoter av vit bj\u00f6rk och tulpantr\u00e4 skapar en k\u00e4nsla av en mjuk, fr\u00e4sch T-shirt \u2013 enkel, transparent och tidl\u00f6s. Perfekt f\u00f6r vardagsbruk, b\u00e4r den ensam f\u00f6r en l\u00e4tt och livlig doft eller kombinera med DKNY Women Eau de Parfum f\u00f6r extra djup och karakt\u00e4r.<\/p>\n<p>250ml<\/p>\n","protected":false},"excerpt":{"rendered":"<p>F\u00e5nga energin fr\u00e5n New York med DKNY Women Fragrance Mist, en l\u00e4ttare tolkning av den ikoniska DKNY Women Eau de Parfum. Denna urbana, blommiga doft utstr\u00e5lar en lekfull fr\u00e4sch\u00f6r och ger samtidigt intensiv \u00e5terfuktning. Saftig apelsin, kyld vodka och mogen tomat v\u00e4cker sinnena, medan ett friskt, daggigt blomsterhj\u00e4rta tillf\u00f6r en elegant sensualitet. Basnoter av vit [&hellip;]<\/p>\n","protected":false},"featured_media":60998,"comment_status":"open","ping_status":"closed","template":"","meta":{"_trash_the_other_posts":false},"product_brand":[],"product_cat":[585,735,999],"product_tag":[],"berocket_brand":[1291],"class_list":{"0":"post-60999","1":"product","2":"type-product","3":"status-publish","4":"has-post-thumbnail","6":"product_cat-bodymist-dam","7":"product_cat-kampanj","8":"product_cat-kampanj-for-henne","9":"pa_brand-dkny","10":"berocket_brand-dkny","12":"first","13":"instock","14":"sale","15":"taxable","16":"shipping-taxable","17":"purchasable","18":"product-type-simple"},"_links":{"self":[{"href":"https:\/\/stylingagenten.com\/sv\/wp-json\/wp\/v2\/product\/60999","targetHints":{"allow":["GET"]}}],"collection":[{"href":"https:\/\/stylingagenten.com\/sv\/wp-json\/wp\/v2\/product"}],"about":[{"href":"https:\/\/stylingagenten.com\/sv\/wp-json\/wp\/v2\/types\/product"}],"replies":[{"embeddable":true,"href":"https:\/\/stylingagenten.com\/sv\/wp-json\/wp\/v2\/comments?post=60999"}],"version-history":[{"count":0,"href":"https:\/\/stylingagenten.com\/sv\/wp-json\/wp\/v2\/product\/60999\/revisions"}],"wp:featuredmedia":[{"embeddable":true,"href":"https:\/\/stylingagenten.com\/sv\/wp-json\/wp\/v2\/media\/60998"}],"wp:attachment":[{"href":"https:\/\/stylingagenten.com\/sv\/wp-json\/wp\/v2\/media?parent=60999"}],"wp:term":[{"taxonomy":"product_brand","embeddable":true,"href":"https:\/\/stylingagenten.com\/sv\/wp-json\/wp\/v2\/product_brand?post=60999"},{"taxonomy":"product_cat","embeddable":true,"href":"https:\/\/stylingagenten.com\/sv\/wp-json\/wp\/v2\/product_cat?post=60999"},{"taxonomy":"product_tag","embeddable":true,"href":"https:\/\/stylingagenten.com\/sv\/wp-json\/wp\/v2\/product_tag?post=60999"},{"taxonomy":"berocket_brand","embeddable":true,"href":"https:\/\/stylingagenten.com\/sv\/wp-json\/wp\/v2\/berocket_brand?post=60999"}],"curies":[{"name":"wp","href":"https:\/\/api.w.org\/{rel}","templated":true}]}}