{"id":60997,"date":"2025-04-20T14:13:31","date_gmt":"2025-04-20T14:13:31","guid":{"rendered":"https:\/\/staging2.stylingagenten.com\/sv\/produkt\/dkny-golden-delicious-body-mist-250ml\/"},"modified":"2026-03-11T21:49:02","modified_gmt":"2026-03-11T21:49:02","slug":"dkny-golden-delicious-body-mist-250ml","status":"publish","type":"product","link":"https:\/\/stylingagenten.com\/sv\/produkt\/dkny-golden-delicious-body-mist-250ml\/","title":{"rendered":"DKNY Golden Delicious Body Mist 250ml"},"content":{"rendered":"<p>Upplev en fr\u00e4sch och elegant doft med DKNY Golden Delicious Body Mist. Den \u00f6ppnar med krispiga noter av \u00e4pple och blomstrande apelsin f\u00f6r en saftig, fruktig k\u00e4nsla. Ett hj\u00e4rta av ros, liljekonvalj och ylang-ylang tillf\u00f6r en mjuk, blommig elegans, medan basnoter av sandeltr\u00e4, vanilj och musk ger en varm, sensuell avslutning. Perfekt f\u00f6r daglig anv\u00e4ndning och f\u00f6r att addera en touch av sofistikerad gl\u00e4dje.<\/p>\n<p>250ml<\/p>\n","protected":false},"excerpt":{"rendered":"<p>Upplev en fr\u00e4sch och elegant doft med DKNY Golden Delicious Body Mist. Den \u00f6ppnar med krispiga noter av \u00e4pple och blomstrande apelsin f\u00f6r en saftig, fruktig k\u00e4nsla. Ett hj\u00e4rta av ros, liljekonvalj och ylang-ylang tillf\u00f6r en mjuk, blommig elegans, medan basnoter av sandeltr\u00e4, vanilj och musk ger en varm, sensuell avslutning. Perfekt f\u00f6r daglig anv\u00e4ndning [&hellip;]<\/p>\n","protected":false},"featured_media":60995,"comment_status":"open","ping_status":"closed","template":"","meta":{"_trash_the_other_posts":false},"product_brand":[],"product_cat":[585,735,999],"product_tag":[],"berocket_brand":[1291],"class_list":{"0":"post-60997","1":"product","2":"type-product","3":"status-publish","4":"has-post-thumbnail","6":"product_cat-bodymist-dam","7":"product_cat-kampanj","8":"product_cat-kampanj-for-henne","9":"pa_brand-dkny","10":"berocket_brand-dkny","12":"first","13":"instock","14":"sale","15":"taxable","16":"shipping-taxable","17":"purchasable","18":"product-type-simple"},"_links":{"self":[{"href":"https:\/\/stylingagenten.com\/sv\/wp-json\/wp\/v2\/product\/60997","targetHints":{"allow":["GET"]}}],"collection":[{"href":"https:\/\/stylingagenten.com\/sv\/wp-json\/wp\/v2\/product"}],"about":[{"href":"https:\/\/stylingagenten.com\/sv\/wp-json\/wp\/v2\/types\/product"}],"replies":[{"embeddable":true,"href":"https:\/\/stylingagenten.com\/sv\/wp-json\/wp\/v2\/comments?post=60997"}],"version-history":[{"count":0,"href":"https:\/\/stylingagenten.com\/sv\/wp-json\/wp\/v2\/product\/60997\/revisions"}],"wp:featuredmedia":[{"embeddable":true,"href":"https:\/\/stylingagenten.com\/sv\/wp-json\/wp\/v2\/media\/60995"}],"wp:attachment":[{"href":"https:\/\/stylingagenten.com\/sv\/wp-json\/wp\/v2\/media?parent=60997"}],"wp:term":[{"taxonomy":"product_brand","embeddable":true,"href":"https:\/\/stylingagenten.com\/sv\/wp-json\/wp\/v2\/product_brand?post=60997"},{"taxonomy":"product_cat","embeddable":true,"href":"https:\/\/stylingagenten.com\/sv\/wp-json\/wp\/v2\/product_cat?post=60997"},{"taxonomy":"product_tag","embeddable":true,"href":"https:\/\/stylingagenten.com\/sv\/wp-json\/wp\/v2\/product_tag?post=60997"},{"taxonomy":"berocket_brand","embeddable":true,"href":"https:\/\/stylingagenten.com\/sv\/wp-json\/wp\/v2\/berocket_brand?post=60997"}],"curies":[{"name":"wp","href":"https:\/\/api.w.org\/{rel}","templated":true}]}}