{"id":60898,"date":"2025-04-20T14:06:18","date_gmt":"2025-04-20T14:06:18","guid":{"rendered":"https:\/\/staging2.stylingagenten.com\/sv\/produkt\/system-professional-luxeblond-hair-moisturiser-conditioner-200ml\/"},"modified":"2026-03-13T14:41:06","modified_gmt":"2026-03-13T14:41:06","slug":"system-professional-luxeblond-hair-moisturiser-conditioner-200ml","status":"publish","type":"product","link":"https:\/\/stylingagenten.com\/sv\/produkt\/system-professional-luxeblond-hair-moisturiser-conditioner-200ml\/","title":{"rendered":"System Professional LuxeBlond Hair Moisturiser Conditioner 200ml"},"content":{"rendered":"<p>System Professional LuxeBlond Hair Moisturiser Conditioner \u00e5terfuktar torrt och skadat h\u00e5r och g\u00f6r det mer l\u00e4tthanterligt och mindre frissigt.<\/p>\n<p>Presenterar System Professional LuxeBlond, en omfattande salong och hemmaserie f\u00f6r blont h\u00e5r som g\u00f6r det enkelt att v\u00e5rda blont h\u00e5r. LuxeBlond kombinerar kraften hos lipider med violetta pigment* och hj\u00e4lper till att reparera h\u00e5rfibrerna inifr\u00e5n och ut samtidigt som den neutraliserar o\u00f6nskade varma undertoner, st\u00e4rker och skyddar h\u00e5ret mot brutna h\u00e5rstr\u00e5n.<\/p>\n<p>200ml<\/p>\n","protected":false},"excerpt":{"rendered":"<p>System Professional LuxeBlond Hair Moisturiser Conditioner \u00e5terfuktar torrt och skadat h\u00e5r och g\u00f6r det mer l\u00e4tthanterligt och mindre frissigt. Presenterar System Professional LuxeBlond, en omfattande salong och hemmaserie f\u00f6r blont h\u00e5r som g\u00f6r det enkelt att v\u00e5rda blont h\u00e5r. LuxeBlond kombinerar kraften hos lipider med violetta pigment* och hj\u00e4lper till att reparera h\u00e5rfibrerna inifr\u00e5n och [&hellip;]<\/p>\n","protected":false},"featured_media":60889,"comment_status":"open","ping_status":"closed","template":"","meta":{"_trash_the_other_posts":false},"product_brand":[],"product_cat":[587],"product_tag":[],"berocket_brand":[1995],"class_list":{"0":"post-60898","1":"product","2":"type-product","3":"status-publish","4":"has-post-thumbnail","6":"product_cat-balsam","7":"pa_brand-system-professional","8":"berocket_brand-system-professional","10":"first","11":"instock","12":"sale","13":"taxable","14":"shipping-taxable","15":"purchasable","16":"product-type-simple"},"_links":{"self":[{"href":"https:\/\/stylingagenten.com\/sv\/wp-json\/wp\/v2\/product\/60898","targetHints":{"allow":["GET"]}}],"collection":[{"href":"https:\/\/stylingagenten.com\/sv\/wp-json\/wp\/v2\/product"}],"about":[{"href":"https:\/\/stylingagenten.com\/sv\/wp-json\/wp\/v2\/types\/product"}],"replies":[{"embeddable":true,"href":"https:\/\/stylingagenten.com\/sv\/wp-json\/wp\/v2\/comments?post=60898"}],"version-history":[{"count":0,"href":"https:\/\/stylingagenten.com\/sv\/wp-json\/wp\/v2\/product\/60898\/revisions"}],"wp:featuredmedia":[{"embeddable":true,"href":"https:\/\/stylingagenten.com\/sv\/wp-json\/wp\/v2\/media\/60889"}],"wp:attachment":[{"href":"https:\/\/stylingagenten.com\/sv\/wp-json\/wp\/v2\/media?parent=60898"}],"wp:term":[{"taxonomy":"product_brand","embeddable":true,"href":"https:\/\/stylingagenten.com\/sv\/wp-json\/wp\/v2\/product_brand?post=60898"},{"taxonomy":"product_cat","embeddable":true,"href":"https:\/\/stylingagenten.com\/sv\/wp-json\/wp\/v2\/product_cat?post=60898"},{"taxonomy":"product_tag","embeddable":true,"href":"https:\/\/stylingagenten.com\/sv\/wp-json\/wp\/v2\/product_tag?post=60898"},{"taxonomy":"berocket_brand","embeddable":true,"href":"https:\/\/stylingagenten.com\/sv\/wp-json\/wp\/v2\/berocket_brand?post=60898"}],"curies":[{"name":"wp","href":"https:\/\/api.w.org\/{rel}","templated":true}]}}