{"id":60883,"date":"2025-04-20T14:06:12","date_gmt":"2025-04-20T14:06:12","guid":{"rendered":"https:\/\/staging2.stylingagenten.com\/sv\/produkt\/system-professional-repair-conditioner-200ml\/"},"modified":"2026-03-11T22:00:40","modified_gmt":"2026-03-11T22:00:40","slug":"system-professional-repair-conditioner-200ml","status":"publish","type":"product","link":"https:\/\/stylingagenten.com\/sv\/produkt\/system-professional-repair-conditioner-200ml\/","title":{"rendered":"System Professional Repair Conditioner 200ml"},"content":{"rendered":"<p>System Professional Repair Conditioner \u00e4r ett n\u00e4rande balsam f\u00f6r f\u00e4rgat eller skadat h\u00e5r. Detta utsl\u00e4tande balsam g\u00f6r h\u00e5ret mer l\u00e4tthanterligt, sl\u00e4tt och l\u00e4ttkammat och g\u00f6r det mjukt och silkeslent. <\/p>\n<p>System Professionals Repair-serien \u00e4r utformad f\u00f6r att reparera och st\u00e4rka skadat och sk\u00f6rt h\u00e5r. Den unika formulan inneh\u00e5ller avancerade FibraBuild-molekyler som reparerar, ger n\u00e4ring och f\u00f6rnyar skadade omr\u00e5den och skyddar h\u00e5ret mot ytterligare stress. <\/p>\n<p>200ml<\/p>\n","protected":false},"excerpt":{"rendered":"<p>System Professional Repair Conditioner \u00e4r ett n\u00e4rande balsam f\u00f6r f\u00e4rgat eller skadat h\u00e5r. Detta utsl\u00e4tande balsam g\u00f6r h\u00e5ret mer l\u00e4tthanterligt, sl\u00e4tt och l\u00e4ttkammat och g\u00f6r det mjukt och silkeslent. System Professionals Repair-serien \u00e4r utformad f\u00f6r att reparera och st\u00e4rka skadat och sk\u00f6rt h\u00e5r. Den unika formulan inneh\u00e5ller avancerade FibraBuild-molekyler som reparerar, ger n\u00e4ring och f\u00f6rnyar [&hellip;]<\/p>\n","protected":false},"featured_media":60867,"comment_status":"open","ping_status":"closed","template":"","meta":{"_trash_the_other_posts":false},"product_brand":[],"product_cat":[587],"product_tag":[],"berocket_brand":[1995],"class_list":{"0":"post-60883","1":"product","2":"type-product","3":"status-publish","4":"has-post-thumbnail","6":"product_cat-balsam","7":"pa_brand-system-professional","8":"berocket_brand-system-professional","10":"first","11":"instock","12":"sale","13":"taxable","14":"shipping-taxable","15":"purchasable","16":"product-type-simple"},"_links":{"self":[{"href":"https:\/\/stylingagenten.com\/sv\/wp-json\/wp\/v2\/product\/60883","targetHints":{"allow":["GET"]}}],"collection":[{"href":"https:\/\/stylingagenten.com\/sv\/wp-json\/wp\/v2\/product"}],"about":[{"href":"https:\/\/stylingagenten.com\/sv\/wp-json\/wp\/v2\/types\/product"}],"replies":[{"embeddable":true,"href":"https:\/\/stylingagenten.com\/sv\/wp-json\/wp\/v2\/comments?post=60883"}],"version-history":[{"count":0,"href":"https:\/\/stylingagenten.com\/sv\/wp-json\/wp\/v2\/product\/60883\/revisions"}],"wp:featuredmedia":[{"embeddable":true,"href":"https:\/\/stylingagenten.com\/sv\/wp-json\/wp\/v2\/media\/60867"}],"wp:attachment":[{"href":"https:\/\/stylingagenten.com\/sv\/wp-json\/wp\/v2\/media?parent=60883"}],"wp:term":[{"taxonomy":"product_brand","embeddable":true,"href":"https:\/\/stylingagenten.com\/sv\/wp-json\/wp\/v2\/product_brand?post=60883"},{"taxonomy":"product_cat","embeddable":true,"href":"https:\/\/stylingagenten.com\/sv\/wp-json\/wp\/v2\/product_cat?post=60883"},{"taxonomy":"product_tag","embeddable":true,"href":"https:\/\/stylingagenten.com\/sv\/wp-json\/wp\/v2\/product_tag?post=60883"},{"taxonomy":"berocket_brand","embeddable":true,"href":"https:\/\/stylingagenten.com\/sv\/wp-json\/wp\/v2\/berocket_brand?post=60883"}],"curies":[{"name":"wp","href":"https:\/\/api.w.org\/{rel}","templated":true}]}}