{"id":60866,"date":"2025-04-20T14:06:06","date_gmt":"2025-04-20T14:06:06","guid":{"rendered":"https:\/\/staging2.stylingagenten.com\/sv\/produkt\/system-professional-smoothen-conditioner-200ml\/"},"modified":"2026-03-11T22:00:41","modified_gmt":"2026-03-11T22:00:41","slug":"system-professional-smoothen-conditioner-200ml","status":"publish","type":"product","link":"https:\/\/stylingagenten.com\/sv\/produkt\/system-professional-smoothen-conditioner-200ml\/","title":{"rendered":"System Professional Smoothen Conditioner 200ml"},"content":{"rendered":"<p>System Professional Smoothen Conditioner \u00e4r ett utredande och mjukg\u00f6rande balsam f\u00f6r ostyrigt h\u00e5r. Det t\u00e4mjer frissigt och fuktskadat h\u00e5r, lugnar h\u00e5rstrukturen och g\u00f6r det l\u00e4ttare att kamma. Passar perfekt f\u00f6r rebelliskt, grovt, lockigt eller oregerligt h\u00e5r.<\/p>\n<p>Smoothen-serien ger aktiv n\u00e4ring till h\u00e5ret, balanserar dess hydrolipidprofil och skyddar mot ytterligare uttorkning.<\/p>\n<p>200ml<\/p>\n","protected":false},"excerpt":{"rendered":"<p>System Professional Smoothen Conditioner \u00e4r ett utredande och mjukg\u00f6rande balsam f\u00f6r ostyrigt h\u00e5r. Det t\u00e4mjer frissigt och fuktskadat h\u00e5r, lugnar h\u00e5rstrukturen och g\u00f6r det l\u00e4ttare att kamma. Passar perfekt f\u00f6r rebelliskt, grovt, lockigt eller oregerligt h\u00e5r. Smoothen-serien ger aktiv n\u00e4ring till h\u00e5ret, balanserar dess hydrolipidprofil och skyddar mot ytterligare uttorkning. 200ml<\/p>\n","protected":false},"featured_media":60848,"comment_status":"open","ping_status":"closed","template":"","meta":{"_trash_the_other_posts":false},"product_brand":[],"product_cat":[587],"product_tag":[],"berocket_brand":[1995],"class_list":{"0":"post-60866","1":"product","2":"type-product","3":"status-publish","4":"has-post-thumbnail","6":"product_cat-balsam","7":"pa_brand-system-professional","8":"berocket_brand-system-professional","10":"first","11":"instock","12":"sale","13":"taxable","14":"shipping-taxable","15":"purchasable","16":"product-type-simple"},"_links":{"self":[{"href":"https:\/\/stylingagenten.com\/sv\/wp-json\/wp\/v2\/product\/60866","targetHints":{"allow":["GET"]}}],"collection":[{"href":"https:\/\/stylingagenten.com\/sv\/wp-json\/wp\/v2\/product"}],"about":[{"href":"https:\/\/stylingagenten.com\/sv\/wp-json\/wp\/v2\/types\/product"}],"replies":[{"embeddable":true,"href":"https:\/\/stylingagenten.com\/sv\/wp-json\/wp\/v2\/comments?post=60866"}],"version-history":[{"count":0,"href":"https:\/\/stylingagenten.com\/sv\/wp-json\/wp\/v2\/product\/60866\/revisions"}],"wp:featuredmedia":[{"embeddable":true,"href":"https:\/\/stylingagenten.com\/sv\/wp-json\/wp\/v2\/media\/60848"}],"wp:attachment":[{"href":"https:\/\/stylingagenten.com\/sv\/wp-json\/wp\/v2\/media?parent=60866"}],"wp:term":[{"taxonomy":"product_brand","embeddable":true,"href":"https:\/\/stylingagenten.com\/sv\/wp-json\/wp\/v2\/product_brand?post=60866"},{"taxonomy":"product_cat","embeddable":true,"href":"https:\/\/stylingagenten.com\/sv\/wp-json\/wp\/v2\/product_cat?post=60866"},{"taxonomy":"product_tag","embeddable":true,"href":"https:\/\/stylingagenten.com\/sv\/wp-json\/wp\/v2\/product_tag?post=60866"},{"taxonomy":"berocket_brand","embeddable":true,"href":"https:\/\/stylingagenten.com\/sv\/wp-json\/wp\/v2\/berocket_brand?post=60866"}],"curies":[{"name":"wp","href":"https:\/\/api.w.org\/{rel}","templated":true}]}}