{"id":60864,"date":"2025-04-20T14:06:06","date_gmt":"2025-04-20T14:06:06","guid":{"rendered":"https:\/\/staging2.stylingagenten.com\/sv\/produkt\/system-professional-hydrate-conditioner-200ml\/"},"modified":"2026-03-11T21:59:52","modified_gmt":"2026-03-11T21:59:52","slug":"system-professional-hydrate-conditioner-200ml","status":"publish","type":"product","link":"https:\/\/stylingagenten.com\/sv\/produkt\/system-professional-hydrate-conditioner-200ml\/","title":{"rendered":"System Professional Hydrate Conditioner 200ml"},"content":{"rendered":"<p>System Professional Hydrate Conditioner \u00e4r ett \u00e5terfuktande kr\u00e4mbalsam f\u00f6r torrt h\u00e5r. V\u00e5rdande balsam som minskar frissighet, reder ut h\u00e5ret och g\u00f6r det l\u00e4ttare att kamma. Resultatet \u00e4r mjukt, silkeslent och l\u00e4tthanterligt h\u00e5r.  <\/p>\n<p>Hydrate Line \u00e4r utformad f\u00f6r att \u00e5terst\u00e4lla fuktbalansen i torrt h\u00e5r p\u00e5 djupet. Den h\u00e4r serien inneh\u00e5ller l\u00e4tta formulas som berikar h\u00e5ret och skyddar det mot uttorkning. Serien inneh\u00e5ller \u00e5terfuktande och n\u00e4rande ingredienser som glycerin, DL-panthenol, glukos och fruktos. Den \u00e5terfuktar h\u00e5ret inifr\u00e5n och skyddar mot yttre uttorkningsfaktorer. <\/p>\n<p>200ml<\/p>\n","protected":false},"excerpt":{"rendered":"<p>System Professional Hydrate Conditioner \u00e4r ett \u00e5terfuktande kr\u00e4mbalsam f\u00f6r torrt h\u00e5r. V\u00e5rdande balsam som minskar frissighet, reder ut h\u00e5ret och g\u00f6r det l\u00e4ttare att kamma. Resultatet \u00e4r mjukt, silkeslent och l\u00e4tthanterligt h\u00e5r. Hydrate Line \u00e4r utformad f\u00f6r att \u00e5terst\u00e4lla fuktbalansen i torrt h\u00e5r p\u00e5 djupet. Den h\u00e4r serien inneh\u00e5ller l\u00e4tta formulas som berikar h\u00e5ret och [&hellip;]<\/p>\n","protected":false},"featured_media":60847,"comment_status":"open","ping_status":"closed","template":"","meta":{"_trash_the_other_posts":false},"product_brand":[],"product_cat":[587],"product_tag":[],"berocket_brand":[1995],"class_list":{"0":"post-60864","1":"product","2":"type-product","3":"status-publish","4":"has-post-thumbnail","6":"product_cat-balsam","7":"pa_brand-system-professional","8":"berocket_brand-system-professional","10":"first","11":"instock","12":"sale","13":"taxable","14":"shipping-taxable","15":"purchasable","16":"product-type-simple"},"_links":{"self":[{"href":"https:\/\/stylingagenten.com\/sv\/wp-json\/wp\/v2\/product\/60864","targetHints":{"allow":["GET"]}}],"collection":[{"href":"https:\/\/stylingagenten.com\/sv\/wp-json\/wp\/v2\/product"}],"about":[{"href":"https:\/\/stylingagenten.com\/sv\/wp-json\/wp\/v2\/types\/product"}],"replies":[{"embeddable":true,"href":"https:\/\/stylingagenten.com\/sv\/wp-json\/wp\/v2\/comments?post=60864"}],"version-history":[{"count":0,"href":"https:\/\/stylingagenten.com\/sv\/wp-json\/wp\/v2\/product\/60864\/revisions"}],"wp:featuredmedia":[{"embeddable":true,"href":"https:\/\/stylingagenten.com\/sv\/wp-json\/wp\/v2\/media\/60847"}],"wp:attachment":[{"href":"https:\/\/stylingagenten.com\/sv\/wp-json\/wp\/v2\/media?parent=60864"}],"wp:term":[{"taxonomy":"product_brand","embeddable":true,"href":"https:\/\/stylingagenten.com\/sv\/wp-json\/wp\/v2\/product_brand?post=60864"},{"taxonomy":"product_cat","embeddable":true,"href":"https:\/\/stylingagenten.com\/sv\/wp-json\/wp\/v2\/product_cat?post=60864"},{"taxonomy":"product_tag","embeddable":true,"href":"https:\/\/stylingagenten.com\/sv\/wp-json\/wp\/v2\/product_tag?post=60864"},{"taxonomy":"berocket_brand","embeddable":true,"href":"https:\/\/stylingagenten.com\/sv\/wp-json\/wp\/v2\/berocket_brand?post=60864"}],"curies":[{"name":"wp","href":"https:\/\/api.w.org\/{rel}","templated":true}]}}