{"id":60859,"date":"2025-04-20T14:06:05","date_gmt":"2025-04-20T14:06:05","guid":{"rendered":"https:\/\/staging2.stylingagenten.com\/sv\/produkt\/system-professional-solar-hydro-repair-cream-conditioner-200ml\/"},"modified":"2026-03-11T22:00:39","modified_gmt":"2026-03-11T22:00:39","slug":"system-professional-solar-hydro-repair-cream-conditioner-200ml","status":"publish","type":"product","link":"https:\/\/stylingagenten.com\/sv\/produkt\/system-professional-solar-hydro-repair-cream-conditioner-200ml\/","title":{"rendered":"System Professional Solar Hydro Repair Cream Conditioner 200ml"},"content":{"rendered":"<p>System Professional Solar Hydro Repair Cream Conditioner \u00e4r en sommarbehandling som omedelbart v\u00e5rdar, reparerar och \u00e5terfuktar h\u00e5r som uts\u00e4tts f\u00f6r sol, saltvatten och klor. Den \u00e5terfuktande formulan g\u00f6r h\u00e5ret enklare att reda ut, \u00e5terst\u00e4ller f\u00f6rlorade n\u00e4rings\u00e4mnen och reparerar solskador. H\u00e5ret f\u00e5r en silkeslen k\u00e4nsla, mer glans och blir l\u00e4ttare att hantera. Perfekt f\u00f6r l\u00e5ngt h\u00e5r eller f\u00f6r dig med en aktiv livsstil utomhus. Den ger ocks\u00e5 UV-skydd och \u00e4r berikad med niacinamid f\u00f6r att lugna och skydda h\u00e5rbotten.<\/p>\n<p>System Professional Solar serien \u00e4r utformad f\u00f6r att skydda h\u00e5ret fr\u00e5n skador orsakade av solexponering. Produkterna skyddar h\u00e5ret fr\u00e5n skadliga UV-str\u00e5lar, klor och salt, samt f\u00f6rhindrar att f\u00e4rgen bleknar, h\u00e5ret blir m\u00e4ssingsf\u00e4rgat, bryts av eller f\u00e5r en gr\u00f6n ton.<\/p>\n<p>200ml<\/p>\n","protected":false},"excerpt":{"rendered":"<p>System Professional Solar Hydro Repair Cream Conditioner \u00e4r en sommarbehandling som omedelbart v\u00e5rdar, reparerar och \u00e5terfuktar h\u00e5r som uts\u00e4tts f\u00f6r sol, saltvatten och klor. Den \u00e5terfuktande formulan g\u00f6r h\u00e5ret enklare att reda ut, \u00e5terst\u00e4ller f\u00f6rlorade n\u00e4rings\u00e4mnen och reparerar solskador. H\u00e5ret f\u00e5r en silkeslen k\u00e4nsla, mer glans och blir l\u00e4ttare att hantera. Perfekt f\u00f6r l\u00e5ngt h\u00e5r [&hellip;]<\/p>\n","protected":false},"featured_media":60845,"comment_status":"open","ping_status":"closed","template":"","meta":{"_trash_the_other_posts":false},"product_brand":[],"product_cat":[587],"product_tag":[],"berocket_brand":[1995],"class_list":{"0":"post-60859","1":"product","2":"type-product","3":"status-publish","4":"has-post-thumbnail","6":"product_cat-balsam","7":"pa_brand-system-professional","8":"berocket_brand-system-professional","10":"first","11":"instock","12":"sale","13":"taxable","14":"shipping-taxable","15":"purchasable","16":"product-type-simple"},"_links":{"self":[{"href":"https:\/\/stylingagenten.com\/sv\/wp-json\/wp\/v2\/product\/60859","targetHints":{"allow":["GET"]}}],"collection":[{"href":"https:\/\/stylingagenten.com\/sv\/wp-json\/wp\/v2\/product"}],"about":[{"href":"https:\/\/stylingagenten.com\/sv\/wp-json\/wp\/v2\/types\/product"}],"replies":[{"embeddable":true,"href":"https:\/\/stylingagenten.com\/sv\/wp-json\/wp\/v2\/comments?post=60859"}],"version-history":[{"count":0,"href":"https:\/\/stylingagenten.com\/sv\/wp-json\/wp\/v2\/product\/60859\/revisions"}],"wp:featuredmedia":[{"embeddable":true,"href":"https:\/\/stylingagenten.com\/sv\/wp-json\/wp\/v2\/media\/60845"}],"wp:attachment":[{"href":"https:\/\/stylingagenten.com\/sv\/wp-json\/wp\/v2\/media?parent=60859"}],"wp:term":[{"taxonomy":"product_brand","embeddable":true,"href":"https:\/\/stylingagenten.com\/sv\/wp-json\/wp\/v2\/product_brand?post=60859"},{"taxonomy":"product_cat","embeddable":true,"href":"https:\/\/stylingagenten.com\/sv\/wp-json\/wp\/v2\/product_cat?post=60859"},{"taxonomy":"product_tag","embeddable":true,"href":"https:\/\/stylingagenten.com\/sv\/wp-json\/wp\/v2\/product_tag?post=60859"},{"taxonomy":"berocket_brand","embeddable":true,"href":"https:\/\/stylingagenten.com\/sv\/wp-json\/wp\/v2\/berocket_brand?post=60859"}],"curies":[{"name":"wp","href":"https:\/\/api.w.org\/{rel}","templated":true}]}}