{"id":60837,"date":"2025-04-20T14:05:58","date_gmt":"2025-04-20T14:05:58","guid":{"rendered":"https:\/\/staging2.stylingagenten.com\/sv\/produkt\/wella-professionals-fusion-intense-repair-conditioner-200ml\/"},"modified":"2026-04-04T13:18:50","modified_gmt":"2026-04-04T13:18:50","slug":"wella-professionals-fusion-intense-repair-conditioner-200ml","status":"publish","type":"product","link":"https:\/\/stylingagenten.com\/sv\/produkt\/wella-professionals-fusion-intense-repair-conditioner-200ml\/","title":{"rendered":"Wella Professionals Fusion Intense Repair Conditioner 200ml"},"content":{"rendered":"<p>Wella Professionals Fusion Intense Repair Conditioner \u00e4r ett professionellt balsam speciellt utformat f\u00f6r skadat h\u00e5r. Wella Fusion Conditioner inneh\u00e5ller silkesaminosyror som skyddar h\u00e5ret mot mekaniska skador och g\u00f6r det mer motst\u00e5ndskraftigt. Balsamet \u00e4r ocks\u00e5 perfekt f\u00f6r blekt h\u00e5r eller h\u00e5r som har behandlats kemiskt. Din rutin f\u00f6r att omedelbart reparera skadat h\u00e5r.<\/p>\n<p>200ml<\/p>\n","protected":false},"excerpt":{"rendered":"<p>Wella Professionals Fusion Intense Repair Conditioner \u00e4r ett professionellt balsam speciellt utformat f\u00f6r skadat h\u00e5r. Wella Fusion Conditioner inneh\u00e5ller silkesaminosyror som skyddar h\u00e5ret mot mekaniska skador och g\u00f6r det mer motst\u00e5ndskraftigt. Balsamet \u00e4r ocks\u00e5 perfekt f\u00f6r blekt h\u00e5r eller h\u00e5r som har behandlats kemiskt. Din rutin f\u00f6r att omedelbart reparera skadat h\u00e5r. 200ml<\/p>\n","protected":false},"featured_media":60826,"comment_status":"open","ping_status":"closed","template":"","meta":{"_trash_the_other_posts":false},"product_brand":[],"product_cat":[587],"product_tag":[],"berocket_brand":[1030],"class_list":{"0":"post-60837","1":"product","2":"type-product","3":"status-publish","4":"has-post-thumbnail","6":"product_cat-balsam","7":"pa_brand-wella","8":"berocket_brand-wella","10":"first","11":"instock","12":"sale","13":"taxable","14":"shipping-taxable","15":"purchasable","16":"product-type-simple"},"_links":{"self":[{"href":"https:\/\/stylingagenten.com\/sv\/wp-json\/wp\/v2\/product\/60837","targetHints":{"allow":["GET"]}}],"collection":[{"href":"https:\/\/stylingagenten.com\/sv\/wp-json\/wp\/v2\/product"}],"about":[{"href":"https:\/\/stylingagenten.com\/sv\/wp-json\/wp\/v2\/types\/product"}],"replies":[{"embeddable":true,"href":"https:\/\/stylingagenten.com\/sv\/wp-json\/wp\/v2\/comments?post=60837"}],"version-history":[{"count":0,"href":"https:\/\/stylingagenten.com\/sv\/wp-json\/wp\/v2\/product\/60837\/revisions"}],"wp:featuredmedia":[{"embeddable":true,"href":"https:\/\/stylingagenten.com\/sv\/wp-json\/wp\/v2\/media\/60826"}],"wp:attachment":[{"href":"https:\/\/stylingagenten.com\/sv\/wp-json\/wp\/v2\/media?parent=60837"}],"wp:term":[{"taxonomy":"product_brand","embeddable":true,"href":"https:\/\/stylingagenten.com\/sv\/wp-json\/wp\/v2\/product_brand?post=60837"},{"taxonomy":"product_cat","embeddable":true,"href":"https:\/\/stylingagenten.com\/sv\/wp-json\/wp\/v2\/product_cat?post=60837"},{"taxonomy":"product_tag","embeddable":true,"href":"https:\/\/stylingagenten.com\/sv\/wp-json\/wp\/v2\/product_tag?post=60837"},{"taxonomy":"berocket_brand","embeddable":true,"href":"https:\/\/stylingagenten.com\/sv\/wp-json\/wp\/v2\/berocket_brand?post=60837"}],"curies":[{"name":"wp","href":"https:\/\/api.w.org\/{rel}","templated":true}]}}