{"id":60820,"date":"2025-04-20T14:05:52","date_gmt":"2025-04-20T14:05:52","guid":{"rendered":"https:\/\/staging2.stylingagenten.com\/sv\/produkt\/wella-professionals-invigo-blonde-recharge-cool-blonde-conditioner-200ml\/"},"modified":"2026-03-13T14:42:58","modified_gmt":"2026-03-13T14:42:58","slug":"wella-professionals-invigo-blonde-recharge-cool-blonde-conditioner-200ml","status":"publish","type":"product","link":"https:\/\/stylingagenten.com\/sv\/produkt\/wella-professionals-invigo-blonde-recharge-cool-blonde-conditioner-200ml\/","title":{"rendered":"Wella Professionals Invigo Blonde Recharge Cool Blonde Conditioner 200ml"},"content":{"rendered":"<p>Wella Professionals Invigo Blonde Recharge Cool Blonde Conditioner \u00e4r ett balsam speciellt utvecklat f\u00f6r att ge blont h\u00e5r en str\u00e5lande lyster och livfullhet. Detta balsam fr\u00e4schar upp och bevarar den flerdimensionella f\u00e4rgen i blonda toner samtidigt som det v\u00e5rdar h\u00e5ret och ger det n\u00e4ring. Din rutin f\u00f6r att neutralisera m\u00e4ssing f\u00f6r slingat, svalt blont eller silverf\u00e4rgat h\u00e5r.<\/p>\n<p>200ml<\/p>\n","protected":false},"excerpt":{"rendered":"<p>Wella Professionals Invigo Blonde Recharge Cool Blonde Conditioner \u00e4r ett balsam speciellt utvecklat f\u00f6r att ge blont h\u00e5r en str\u00e5lande lyster och livfullhet. Detta balsam fr\u00e4schar upp och bevarar den flerdimensionella f\u00e4rgen i blonda toner samtidigt som det v\u00e5rdar h\u00e5ret och ger det n\u00e4ring. Din rutin f\u00f6r att neutralisera m\u00e4ssing f\u00f6r slingat, svalt blont eller [&hellip;]<\/p>\n","protected":false},"featured_media":60807,"comment_status":"open","ping_status":"closed","template":"","meta":{"_trash_the_other_posts":false},"product_brand":[],"product_cat":[587],"product_tag":[],"berocket_brand":[1030],"class_list":{"0":"post-60820","1":"product","2":"type-product","3":"status-publish","4":"has-post-thumbnail","6":"product_cat-balsam","7":"pa_brand-wella","8":"berocket_brand-wella","10":"first","11":"instock","12":"sale","13":"taxable","14":"shipping-taxable","15":"purchasable","16":"product-type-simple"},"_links":{"self":[{"href":"https:\/\/stylingagenten.com\/sv\/wp-json\/wp\/v2\/product\/60820","targetHints":{"allow":["GET"]}}],"collection":[{"href":"https:\/\/stylingagenten.com\/sv\/wp-json\/wp\/v2\/product"}],"about":[{"href":"https:\/\/stylingagenten.com\/sv\/wp-json\/wp\/v2\/types\/product"}],"replies":[{"embeddable":true,"href":"https:\/\/stylingagenten.com\/sv\/wp-json\/wp\/v2\/comments?post=60820"}],"version-history":[{"count":0,"href":"https:\/\/stylingagenten.com\/sv\/wp-json\/wp\/v2\/product\/60820\/revisions"}],"wp:featuredmedia":[{"embeddable":true,"href":"https:\/\/stylingagenten.com\/sv\/wp-json\/wp\/v2\/media\/60807"}],"wp:attachment":[{"href":"https:\/\/stylingagenten.com\/sv\/wp-json\/wp\/v2\/media?parent=60820"}],"wp:term":[{"taxonomy":"product_brand","embeddable":true,"href":"https:\/\/stylingagenten.com\/sv\/wp-json\/wp\/v2\/product_brand?post=60820"},{"taxonomy":"product_cat","embeddable":true,"href":"https:\/\/stylingagenten.com\/sv\/wp-json\/wp\/v2\/product_cat?post=60820"},{"taxonomy":"product_tag","embeddable":true,"href":"https:\/\/stylingagenten.com\/sv\/wp-json\/wp\/v2\/product_tag?post=60820"},{"taxonomy":"berocket_brand","embeddable":true,"href":"https:\/\/stylingagenten.com\/sv\/wp-json\/wp\/v2\/berocket_brand?post=60820"}],"curies":[{"name":"wp","href":"https:\/\/api.w.org\/{rel}","templated":true}]}}