{"id":60796,"date":"2025-04-20T14:03:18","date_gmt":"2025-04-20T14:03:18","guid":{"rendered":"https:\/\/staging2.stylingagenten.com\/sv\/produkt\/skin1004-madagascar-centella-poremizing-deep-cleansing-foam-125ml\/"},"modified":"2026-02-05T15:35:24","modified_gmt":"2026-02-05T15:35:24","slug":"skin1004-madagascar-centella-poremizing-deep-cleansing-foam-125ml","status":"publish","type":"product","link":"https:\/\/stylingagenten.com\/sv\/produkt\/skin1004-madagascar-centella-poremizing-deep-cleansing-foam-125ml\/","title":{"rendered":"SKIN1004 Madagascar Centella Poremizing Deep Cleansing Foam 125ml"},"content":{"rendered":"<div>SKIN1004 Madagascar Centella Poremizing Deep Cleansing Foam \u00e4r en allt-i-ett-reng\u00f6ring f\u00f6r ansiktet med rosa himalayasalt. Tv\u00e4ttar grundligt bort solkr\u00e4msrester, d\u00f6da hudceller och \u00f6verfl\u00f6dig talg. Rosa himalayasalt och renat kaolin reng\u00f6r porerna p\u00e5 djupet. Den kr\u00e4miga pastan f\u00f6rvandlas till ett rikt skum p\u00e5 huden. \u00d6ver 80 olika mineraler fr\u00e5n himalayasaltet skapar ett osmotiskt tryck som effektivt avl\u00e4gsnar orenheter fr\u00e5n porerna. Inneh\u00e5ller lugnande centella asiatica-extrakt (cica\/sallatsspikblad) fr\u00e5n Madagaskar, SKIN1004s unika signaturingrediens. Papain (proteinnedbrytande enzym fr\u00e5n papayafrukt) och vin\u00e4ger hj\u00e4lper till att avl\u00e4gsna d\u00f6da hudceller s\u00e5 att huden blir sl\u00e4t och silkeslen. Kr\u00e4men \u00e4r testad f\u00f6r att passa alla hudtyper, inklusive k\u00e4nslig och l\u00e4ttirriterad hud.<\/p>\n<p>125ml<\/p><\/div>\n","protected":false},"excerpt":{"rendered":"<p>SKIN1004 Madagascar Centella Poremizing Deep Cleansing Foam \u00e4r en allt-i-ett-reng\u00f6ring f\u00f6r ansiktet med rosa himalayasalt. Tv\u00e4ttar grundligt bort solkr\u00e4msrester, d\u00f6da hudceller och \u00f6verfl\u00f6dig talg. Rosa himalayasalt och renat kaolin reng\u00f6r porerna p\u00e5 djupet. Den kr\u00e4miga pastan f\u00f6rvandlas till ett rikt skum p\u00e5 huden. \u00d6ver 80 olika mineraler fr\u00e5n himalayasaltet skapar ett osmotiskt tryck som effektivt [&hellip;]<\/p>\n","protected":false},"featured_media":60789,"comment_status":"open","ping_status":"closed","template":"","meta":{"_trash_the_other_posts":false},"product_brand":[],"product_cat":[609],"product_tag":[],"berocket_brand":[1422],"class_list":{"0":"post-60796","1":"product","2":"type-product","3":"status-publish","4":"has-post-thumbnail","6":"product_cat-ansiktsrengoring","7":"pa_brand-skin1004","8":"berocket_brand-skin1004","10":"first","11":"instock","12":"sale","13":"taxable","14":"shipping-taxable","15":"purchasable","16":"product-type-simple"},"_links":{"self":[{"href":"https:\/\/stylingagenten.com\/sv\/wp-json\/wp\/v2\/product\/60796","targetHints":{"allow":["GET"]}}],"collection":[{"href":"https:\/\/stylingagenten.com\/sv\/wp-json\/wp\/v2\/product"}],"about":[{"href":"https:\/\/stylingagenten.com\/sv\/wp-json\/wp\/v2\/types\/product"}],"replies":[{"embeddable":true,"href":"https:\/\/stylingagenten.com\/sv\/wp-json\/wp\/v2\/comments?post=60796"}],"version-history":[{"count":0,"href":"https:\/\/stylingagenten.com\/sv\/wp-json\/wp\/v2\/product\/60796\/revisions"}],"wp:featuredmedia":[{"embeddable":true,"href":"https:\/\/stylingagenten.com\/sv\/wp-json\/wp\/v2\/media\/60789"}],"wp:attachment":[{"href":"https:\/\/stylingagenten.com\/sv\/wp-json\/wp\/v2\/media?parent=60796"}],"wp:term":[{"taxonomy":"product_brand","embeddable":true,"href":"https:\/\/stylingagenten.com\/sv\/wp-json\/wp\/v2\/product_brand?post=60796"},{"taxonomy":"product_cat","embeddable":true,"href":"https:\/\/stylingagenten.com\/sv\/wp-json\/wp\/v2\/product_cat?post=60796"},{"taxonomy":"product_tag","embeddable":true,"href":"https:\/\/stylingagenten.com\/sv\/wp-json\/wp\/v2\/product_tag?post=60796"},{"taxonomy":"berocket_brand","embeddable":true,"href":"https:\/\/stylingagenten.com\/sv\/wp-json\/wp\/v2\/berocket_brand?post=60796"}],"curies":[{"name":"wp","href":"https:\/\/api.w.org\/{rel}","templated":true}]}}